{"id":13958,"date":"2026-02-20T11:09:48","date_gmt":"2026-02-20T11:09:48","guid":{"rendered":"https:\/\/www.molanoige.com\/product\/paca-mor-riamhach\/"},"modified":"2026-02-24T10:41:46","modified_gmt":"2026-02-24T10:41:46","slug":"paca-mor-riamhach","status":"publish","type":"product","link":"https:\/\/www.molanoige.com\/ga\/product\/paca-mor-riamhach\/","title":{"rendered":"PACA M\u00d3R SNAG"},"content":{"rendered":"<p>Cl\u00fad\u00f3idh an pac\u00e1iste seo do chuid riachtanas ranga go l\u00e9ir.<\/p>\n<p>Cad at\u00e1 san \u00e1ireamh?<\/p>\n<p>20 x teastas Dalta na Seachtaine<\/p>\n<p>10 x pinn T\u00fas maith leath na hoibre<\/p>\n<p>100 x gream\u00e1n molta Gaeilge<\/p>\n<p>20 x Peannluaidhe leis na laethannta agus na m\u00edonna as Gaeilge<\/p>\n<p>24 x g\u00e9ar\u00f3ir Gaeilge<\/p>\n","protected":false},"excerpt":{"rendered":"<p>Cl\u00fad\u00f3idh an pac\u00e1iste seo do chuid riachtanas ranga go l\u00e9ir. Cad at\u00e1 san \u00e1ireamh? 20 x teastas Dalta na Seachtaine 10 x pinn T\u00fas maith leath na hoibre 100 x gream\u00e1n molta Gaeilge 20 x Peannluaidhe leis na laethannta agus na m\u00edonna as Gaeilge 24 x g\u00e9ar\u00f3ir Gaeilge<\/p>\n","protected":false},"featured_media":13936,"comment_status":"open","ping_status":"closed","template":"","meta":{"_exactmetrics_skip_tracking":false,"_exactmetrics_sitenote_active":false,"_exactmetrics_sitenote_note":"","_exactmetrics_sitenote_category":0,"site-sidebar-layout":"default","site-content-layout":"","ast-site-content-layout":"default","site-content-style":"default","site-sidebar-style":"default","ast-global-header-display":"","ast-banner-title-visibility":"","ast-main-header-display":"","ast-hfb-above-header-display":"","ast-hfb-below-header-display":"","ast-hfb-mobile-header-display":"","site-post-title":"","ast-breadcrumbs-content":"","ast-featured-img":"","footer-sml-layout":"","theme-transparent-header-meta":"default","adv-header-id-meta":"","stick-header-meta":"","header-above-stick-meta":"","header-main-stick-meta":"","header-below-stick-meta":"","astra-migrate-meta-layouts":"default","ast-page-background-enabled":"default","ast-page-background-meta":{"desktop":{"background-color":"","background-image":"","background-repeat":"repeat","background-position":"center center","background-size":"auto","background-attachment":"scroll","background-type":"","background-media":"","overlay-type":"","overlay-color":"","overlay-opacity":"","overlay-gradient":""},"tablet":{"background-color":"","background-image":"","background-repeat":"repeat","background-position":"center center","background-size":"auto","background-attachment":"scroll","background-type":"","background-media":"","overlay-type":"","overlay-color":"","overlay-opacity":"","overlay-gradient":""},"mobile":{"background-color":"","background-image":"","background-repeat":"repeat","background-position":"center center","background-size":"auto","background-attachment":"scroll","background-type":"","background-media":"","overlay-type":"","overlay-color":"","overlay-opacity":"","overlay-gradient":""}},"ast-content-background-meta":{"desktop":{"background-color":"var(--ast-global-color-5)","background-image":"","background-repeat":"repeat","background-position":"center center","background-size":"auto","background-attachment":"scroll","background-type":"","background-media":"","overlay-type":"","overlay-color":"","overlay-opacity":"","overlay-gradient":""},"tablet":{"background-color":"var(--ast-global-color-5)","background-image":"","background-repeat":"repeat","background-position":"center center","background-size":"auto","background-attachment":"scroll","background-type":"","background-media":"","overlay-type":"","overlay-color":"","overlay-opacity":"","overlay-gradient":""},"mobile":{"background-color":"var(--ast-global-color-5)","background-image":"","background-repeat":"repeat","background-position":"center center","background-size":"auto","background-attachment":"scroll","background-type":"","background-media":"","overlay-type":"","overlay-color":"","overlay-opacity":"","overlay-gradient":""}}},"product_brand":[],"product_cat":[794,825,822],"product_tag":[939,796,797],"class_list":{"0":"post-13958","1":"product","2":"type-product","3":"status-publish","4":"has-post-thumbnail","6":"product_cat-pacai-snag","7":"product_cat-pacai","8":"product_cat-seachtain-na-gaeilge","9":"product_tag-gaeilgeoir","10":"product_tag-seachtain-na-gaeilge","11":"product_tag-snag","12":"desktop-align-left","13":"tablet-align-left","14":"mobile-align-left","16":"first","17":"instock","18":"sale","19":"shipping-taxable","20":"purchasable","21":"product-type-simple"},"_links":{"self":[{"href":"https:\/\/www.molanoige.com\/ga\/wp-json\/wp\/v2\/product\/13958","targetHints":{"allow":["GET"]}}],"collection":[{"href":"https:\/\/www.molanoige.com\/ga\/wp-json\/wp\/v2\/product"}],"about":[{"href":"https:\/\/www.molanoige.com\/ga\/wp-json\/wp\/v2\/types\/product"}],"replies":[{"embeddable":true,"href":"https:\/\/www.molanoige.com\/ga\/wp-json\/wp\/v2\/comments?post=13958"}],"wp:featuredmedia":[{"embeddable":true,"href":"https:\/\/www.molanoige.com\/ga\/wp-json\/wp\/v2\/media\/13936"}],"wp:attachment":[{"href":"https:\/\/www.molanoige.com\/ga\/wp-json\/wp\/v2\/media?parent=13958"}],"wp:term":[{"taxonomy":"product_brand","embeddable":true,"href":"https:\/\/www.molanoige.com\/ga\/wp-json\/wp\/v2\/product_brand?post=13958"},{"taxonomy":"product_cat","embeddable":true,"href":"https:\/\/www.molanoige.com\/ga\/wp-json\/wp\/v2\/product_cat?post=13958"},{"taxonomy":"product_tag","embeddable":true,"href":"https:\/\/www.molanoige.com\/ga\/wp-json\/wp\/v2\/product_tag?post=13958"}],"curies":[{"name":"wp","href":"https:\/\/api.w.org\/{rel}","templated":true}]}}