{"id":13528,"date":"2015-07-13T19:27:36","date_gmt":"2015-07-13T19:27:36","guid":{"rendered":"https:\/\/www.molanoige.com\/product\/objective-achieved\/"},"modified":"2026-02-02T18:16:07","modified_gmt":"2026-02-02T18:16:07","slug":"objective-achieved","status":"publish","type":"product","link":"https:\/\/www.molanoige.com\/ga\/product\/objective-achieved\/","title":{"rendered":"Cusp\u00f3ir Bainte amach!"},"content":{"rendered":"<div class=\"eight columns offset-by-one\">\n<div id=\"tabber28\" class=\"simpleTabs\">\n<div class=\"simpleTabsContent currentTab\"><\/div>\n<div id=\"tabber28_div_0\" class=\"simpleTabsContent currentTab\"> Gream\u00e1in chun aitheantas a thabhairt nuair a bh\u00edonn cusp\u00f3ir bainte amach.<\/div>\n<div class=\"simpleTabsContent currentTab\"><\/div>\n<\/div>\n<div class=\"simpleTabsContent currentTab\"> Foirfe don mh\u00fainteoir taca\u00edochta foghlama\/acmhainne.<\/div>\n<div class=\"simpleTabsContent currentTab\"><\/div>\n<div class=\"simpleTabsContent currentTab\"> 3 bhileog in aghaidh an phac\u00e1iste, 54 gream\u00e1n san ioml\u00e1n.<\/div>\n<\/div>\n","protected":false},"excerpt":{"rendered":"<p>Gream\u00e1in chun aitheantas a thabhairt nuair a bh\u00edonn cusp\u00f3ir bainte amach. Foirfe don mh\u00fainteoir taca\u00edochta foghlama\/acmhainne. 3 bhileog in aghaidh an phac\u00e1iste, 54 gream\u00e1n san ioml\u00e1n.<\/p>\n","protected":false},"featured_media":13529,"comment_status":"open","ping_status":"closed","template":"","meta":{"_exactmetrics_skip_tracking":false,"_exactmetrics_sitenote_active":false,"_exactmetrics_sitenote_note":"","_exactmetrics_sitenote_category":0,"site-sidebar-layout":"default","site-content-layout":"","ast-site-content-layout":"default","site-content-style":"default","site-sidebar-style":"default","ast-global-header-display":"","ast-banner-title-visibility":"","ast-main-header-display":"","ast-hfb-above-header-display":"","ast-hfb-below-header-display":"","ast-hfb-mobile-header-display":"","site-post-title":"","ast-breadcrumbs-content":"","ast-featured-img":"","footer-sml-layout":"","theme-transparent-header-meta":"","adv-header-id-meta":"","stick-header-meta":"","header-above-stick-meta":"","header-main-stick-meta":"","header-below-stick-meta":"","astra-migrate-meta-layouts":"default","ast-page-background-enabled":"default","ast-page-background-meta":{"desktop":{"background-color":"","background-image":"","background-repeat":"repeat","background-position":"center center","background-size":"auto","background-attachment":"scroll","background-type":"","background-media":"","overlay-type":"","overlay-color":"","overlay-opacity":"","overlay-gradient":""},"tablet":{"background-color":"","background-image":"","background-repeat":"repeat","background-position":"center center","background-size":"auto","background-attachment":"scroll","background-type":"","background-media":"","overlay-type":"","overlay-color":"","overlay-opacity":"","overlay-gradient":""},"mobile":{"background-color":"","background-image":"","background-repeat":"repeat","background-position":"center center","background-size":"auto","background-attachment":"scroll","background-type":"","background-media":"","overlay-type":"","overlay-color":"","overlay-opacity":"","overlay-gradient":""}},"ast-content-background-meta":{"desktop":{"background-color":"var(--ast-global-color-5)","background-image":"","background-repeat":"repeat","background-position":"center center","background-size":"auto","background-attachment":"scroll","background-type":"","background-media":"","overlay-type":"","overlay-color":"","overlay-opacity":"","overlay-gradient":""},"tablet":{"background-color":"var(--ast-global-color-5)","background-image":"","background-repeat":"repeat","background-position":"center center","background-size":"auto","background-attachment":"scroll","background-type":"","background-media":"","overlay-type":"","overlay-color":"","overlay-opacity":"","overlay-gradient":""},"mobile":{"background-color":"var(--ast-global-color-5)","background-image":"","background-repeat":"repeat","background-position":"center center","background-size":"auto","background-attachment":"scroll","background-type":"","background-media":"","overlay-type":"","overlay-color":"","overlay-opacity":"","overlay-gradient":""}}},"product_brand":[],"product_cat":[806,837,811,826,820],"product_tag":[1297,962,936,961,1114],"class_list":{"0":"post-13528","1":"product","2":"type-product","3":"status-publish","4":"has-post-thumbnail","6":"product_cat-iarraht-moladh","7":"product_cat-greamain-2","8":"product_cat-leitheoireacht","9":"product_cat-obair-bhaile","10":"product_cat-stem","11":"product_tag-objectives","12":"product_tag-praise","13":"product_tag-pupil-rewards","14":"product_tag-stickers","15":"product_tag-target","16":"desktop-align-left","17":"tablet-align-left","18":"mobile-align-left","20":"first","21":"instock","22":"shipping-taxable","23":"purchasable","24":"product-type-simple"},"_links":{"self":[{"href":"https:\/\/www.molanoige.com\/ga\/wp-json\/wp\/v2\/product\/13528","targetHints":{"allow":["GET"]}}],"collection":[{"href":"https:\/\/www.molanoige.com\/ga\/wp-json\/wp\/v2\/product"}],"about":[{"href":"https:\/\/www.molanoige.com\/ga\/wp-json\/wp\/v2\/types\/product"}],"replies":[{"embeddable":true,"href":"https:\/\/www.molanoige.com\/ga\/wp-json\/wp\/v2\/comments?post=13528"}],"wp:featuredmedia":[{"embeddable":true,"href":"https:\/\/www.molanoige.com\/ga\/wp-json\/wp\/v2\/media\/13529"}],"wp:attachment":[{"href":"https:\/\/www.molanoige.com\/ga\/wp-json\/wp\/v2\/media?parent=13528"}],"wp:term":[{"taxonomy":"product_brand","embeddable":true,"href":"https:\/\/www.molanoige.com\/ga\/wp-json\/wp\/v2\/product_brand?post=13528"},{"taxonomy":"product_cat","embeddable":true,"href":"https:\/\/www.molanoige.com\/ga\/wp-json\/wp\/v2\/product_cat?post=13528"},{"taxonomy":"product_tag","embeddable":true,"href":"https:\/\/www.molanoige.com\/ga\/wp-json\/wp\/v2\/product_tag?post=13528"}],"curies":[{"name":"wp","href":"https:\/\/api.w.org\/{rel}","templated":true}]}}