{"id":13516,"date":"2015-07-13T19:37:47","date_gmt":"2015-07-13T19:37:47","guid":{"rendered":"https:\/\/www.molanoige.com\/product\/smiley-faces\/"},"modified":"2026-02-02T18:16:05","modified_gmt":"2026-02-02T18:16:05","slug":"smiley-faces","status":"publish","type":"product","link":"https:\/\/www.molanoige.com\/ga\/product\/smiley-faces\/","title":{"rendered":"Aghaidheanna G\u00e1ire!"},"content":{"rendered":"<div class=\"eight columns offset-by-one\">\n<div id=\"tabber28\" class=\"simpleTabs\">\n<div class=\"simpleTabsContent currentTab\"><\/div>\n<div id=\"tabber28_div_0\" class=\"simpleTabsContent currentTab\"> Gream\u00e1in chun luach saothair a thabhairt d\u2019iompar n\u00f3 d\u2019fheidhm\u00edocht.<\/div>\n<div class=\"simpleTabsContent currentTab\"><\/div>\n<div class=\"simpleTabsContent currentTab\"> Foirfe don mh\u00fainteoir gn\u00f3thach!<\/div>\n<\/div>\n<div class=\"simpleTabsContent currentTab\"><\/div>\n<div class=\"simpleTabsContent currentTab\"> 3 bhileog in aghaidh an phac\u00e1iste, 54 gream\u00e1n san ioml\u00e1n.<\/div>\n<div id=\"tabber28\" class=\"simpleTabs\"><\/div>\n<\/div>\n<div id=\"products\" class=\"sixteen columns\"><\/div>\n","protected":false},"excerpt":{"rendered":"<p>Gream\u00e1in chun luach saothair a thabhairt d\u2019iompar n\u00f3 d\u2019fheidhm\u00edocht. Foirfe don mh\u00fainteoir gn\u00f3thach! 3 bhileog in aghaidh an phac\u00e1iste, 54 gream\u00e1n san ioml\u00e1n.<\/p>\n","protected":false},"featured_media":13517,"comment_status":"open","ping_status":"closed","template":"","meta":{"_exactmetrics_skip_tracking":false,"_exactmetrics_sitenote_active":false,"_exactmetrics_sitenote_note":"","_exactmetrics_sitenote_category":0,"site-sidebar-layout":"default","site-content-layout":"","ast-site-content-layout":"default","site-content-style":"default","site-sidebar-style":"default","ast-global-header-display":"","ast-banner-title-visibility":"","ast-main-header-display":"","ast-hfb-above-header-display":"","ast-hfb-below-header-display":"","ast-hfb-mobile-header-display":"","site-post-title":"","ast-breadcrumbs-content":"","ast-featured-img":"","footer-sml-layout":"","theme-transparent-header-meta":"","adv-header-id-meta":"","stick-header-meta":"","header-above-stick-meta":"","header-main-stick-meta":"","header-below-stick-meta":"","astra-migrate-meta-layouts":"default","ast-page-background-enabled":"default","ast-page-background-meta":{"desktop":{"background-color":"","background-image":"","background-repeat":"repeat","background-position":"center center","background-size":"auto","background-attachment":"scroll","background-type":"","background-media":"","overlay-type":"","overlay-color":"","overlay-opacity":"","overlay-gradient":""},"tablet":{"background-color":"","background-image":"","background-repeat":"repeat","background-position":"center center","background-size":"auto","background-attachment":"scroll","background-type":"","background-media":"","overlay-type":"","overlay-color":"","overlay-opacity":"","overlay-gradient":""},"mobile":{"background-color":"","background-image":"","background-repeat":"repeat","background-position":"center center","background-size":"auto","background-attachment":"scroll","background-type":"","background-media":"","overlay-type":"","overlay-color":"","overlay-opacity":"","overlay-gradient":""}},"ast-content-background-meta":{"desktop":{"background-color":"var(--ast-global-color-5)","background-image":"","background-repeat":"repeat","background-position":"center center","background-size":"auto","background-attachment":"scroll","background-type":"","background-media":"","overlay-type":"","overlay-color":"","overlay-opacity":"","overlay-gradient":""},"tablet":{"background-color":"var(--ast-global-color-5)","background-image":"","background-repeat":"repeat","background-position":"center center","background-size":"auto","background-attachment":"scroll","background-type":"","background-media":"","overlay-type":"","overlay-color":"","overlay-opacity":"","overlay-gradient":""},"mobile":{"background-color":"var(--ast-global-color-5)","background-image":"","background-repeat":"repeat","background-position":"center center","background-size":"auto","background-attachment":"scroll","background-type":"","background-media":"","overlay-type":"","overlay-color":"","overlay-opacity":"","overlay-gradient":""}}},"product_brand":[],"product_cat":[806,837,828,811,826],"product_tag":[962,950,1296,961],"class_list":{"0":"post-13516","1":"product","2":"type-product","3":"status-publish","4":"has-post-thumbnail","6":"product_cat-iarraht-moladh","7":"product_cat-greamain-2","8":"product_cat-iompar","9":"product_cat-leitheoireacht","10":"product_cat-obair-bhaile","11":"product_tag-praise","12":"product_tag-reward","13":"product_tag-smiley","14":"product_tag-stickers","15":"desktop-align-left","16":"tablet-align-left","17":"mobile-align-left","19":"first","20":"instock","21":"shipping-taxable","22":"purchasable","23":"product-type-simple"},"_links":{"self":[{"href":"https:\/\/www.molanoige.com\/ga\/wp-json\/wp\/v2\/product\/13516","targetHints":{"allow":["GET"]}}],"collection":[{"href":"https:\/\/www.molanoige.com\/ga\/wp-json\/wp\/v2\/product"}],"about":[{"href":"https:\/\/www.molanoige.com\/ga\/wp-json\/wp\/v2\/types\/product"}],"replies":[{"embeddable":true,"href":"https:\/\/www.molanoige.com\/ga\/wp-json\/wp\/v2\/comments?post=13516"}],"wp:featuredmedia":[{"embeddable":true,"href":"https:\/\/www.molanoige.com\/ga\/wp-json\/wp\/v2\/media\/13517"}],"wp:attachment":[{"href":"https:\/\/www.molanoige.com\/ga\/wp-json\/wp\/v2\/media?parent=13516"}],"wp:term":[{"taxonomy":"product_brand","embeddable":true,"href":"https:\/\/www.molanoige.com\/ga\/wp-json\/wp\/v2\/product_brand?post=13516"},{"taxonomy":"product_cat","embeddable":true,"href":"https:\/\/www.molanoige.com\/ga\/wp-json\/wp\/v2\/product_cat?post=13516"},{"taxonomy":"product_tag","embeddable":true,"href":"https:\/\/www.molanoige.com\/ga\/wp-json\/wp\/v2\/product_tag?post=13516"}],"curies":[{"name":"wp","href":"https:\/\/api.w.org\/{rel}","templated":true}]}}