{"id":13484,"date":"2015-07-14T14:19:03","date_gmt":"2015-07-14T14:19:03","guid":{"rendered":"https:\/\/www.molanoige.com\/product\/learning-is-fun\/"},"modified":"2026-02-02T18:16:02","modified_gmt":"2026-02-02T18:16:02","slug":"learning-is-fun","status":"publish","type":"product","link":"https:\/\/www.molanoige.com\/ga\/product\/learning-is-fun\/","title":{"rendered":"Is spraoi an fhoghlaim"},"content":{"rendered":"<p>Peann luaidhe leis an mana &quot; <em>Is Spraoi an Fhoghlaim<\/em> &quot;. <\/p>\n<p>12 pheann luaidhe sa phac\u00e1iste. <\/p>\n<p>Peann luaidhe geal-daite chun intinn fiosrach a spreagadh. <\/p>\n<p>Lua\u00edochta\u00ed oiri\u00fanacha ar fud an churaclaim.<br \/>\n  <em>nEarr\u00e1id leis an ngrianghraf ach t\u00e1 na pinn luaidhe an-chos\u00fail \u00f3 thaobh st\u00edl agus datha de.<\/em><\/p>\n","protected":false},"excerpt":{"rendered":"<p>Peann luaidhe leis an mana &quot; Is Spraoi an Fhoghlaim &quot;. 12 pheann luaidhe sa phac\u00e1iste. Peann luaidhe geal-daite chun intinn fiosrach a spreagadh. Lua\u00edochta\u00ed oiri\u00fanacha ar fud an churaclaim. nEarr\u00e1id leis an ngrianghraf ach t\u00e1 na pinn luaidhe an-chos\u00fail \u00f3 thaobh st\u00edl agus datha de.<\/p>\n","protected":false},"featured_media":13485,"comment_status":"closed","ping_status":"closed","template":"","meta":{"_exactmetrics_skip_tracking":false,"_exactmetrics_sitenote_active":false,"_exactmetrics_sitenote_note":"","_exactmetrics_sitenote_category":0,"site-sidebar-layout":"default","site-content-layout":"default","ast-site-content-layout":"default","site-content-style":"default","site-sidebar-style":"default","ast-global-header-display":"","ast-banner-title-visibility":"","ast-main-header-display":"","ast-hfb-above-header-display":"","ast-hfb-below-header-display":"","ast-hfb-mobile-header-display":"","site-post-title":"","ast-breadcrumbs-content":"","ast-featured-img":"","footer-sml-layout":"","theme-transparent-header-meta":"default","adv-header-id-meta":"","stick-header-meta":"","header-above-stick-meta":"","header-main-stick-meta":"","header-below-stick-meta":"","astra-migrate-meta-layouts":"default","ast-page-background-enabled":"default","ast-page-background-meta":{"desktop":{"background-color":"","background-image":"","background-repeat":"repeat","background-position":"center center","background-size":"auto","background-attachment":"scroll","background-type":"","background-media":"","overlay-type":"","overlay-color":"","overlay-opacity":"","overlay-gradient":""},"tablet":{"background-color":"","background-image":"","background-repeat":"repeat","background-position":"center center","background-size":"auto","background-attachment":"scroll","background-type":"","background-media":"","overlay-type":"","overlay-color":"","overlay-opacity":"","overlay-gradient":""},"mobile":{"background-color":"","background-image":"","background-repeat":"repeat","background-position":"center center","background-size":"auto","background-attachment":"scroll","background-type":"","background-media":"","overlay-type":"","overlay-color":"","overlay-opacity":"","overlay-gradient":""}},"ast-content-background-meta":{"desktop":{"background-color":"var(--ast-global-color-5)","background-image":"","background-repeat":"repeat","background-position":"center center","background-size":"auto","background-attachment":"scroll","background-type":"","background-media":"","overlay-type":"","overlay-color":"","overlay-opacity":"","overlay-gradient":""},"tablet":{"background-color":"var(--ast-global-color-5)","background-image":"","background-repeat":"repeat","background-position":"center center","background-size":"auto","background-attachment":"scroll","background-type":"","background-media":"","overlay-type":"","overlay-color":"","overlay-opacity":"","overlay-gradient":""},"mobile":{"background-color":"var(--ast-global-color-5)","background-image":"","background-repeat":"repeat","background-position":"center center","background-size":"auto","background-attachment":"scroll","background-type":"","background-media":"","overlay-type":"","overlay-color":"","overlay-opacity":"","overlay-gradient":""}}},"product_brand":[],"product_cat":[799,813],"product_tag":[983,985,1055,1280,1057,1254,970,964,962,1059,1282,950,991,1276,1292,1285,1086,1063,1257],"class_list":{"0":"post-13484","1":"product","2":"type-product","3":"status-publish","4":"has-post-thumbnail","6":"product_cat-bronntanais-duaiseanna","7":"product_cat-peannluaidhe","8":"product_tag-award","9":"product_tag-congratulations","10":"product_tag-effort","11":"product_tag-english","12":"product_tag-good-behaviour","13":"product_tag-handwriting","14":"product_tag-maths","15":"product_tag-pencil","16":"product_tag-praise","17":"product_tag-prizes","18":"product_tag-projects","19":"product_tag-reward","20":"product_tag-rewards","21":"product_tag-sese","22":"product_tag-social-skills","23":"product_tag-sphe","24":"product_tag-very-good","25":"product_tag-well-done","26":"product_tag-writing","27":"desktop-align-left","28":"tablet-align-left","29":"mobile-align-left","31":"first","32":"outofstock","33":"sale","34":"shipping-taxable","35":"purchasable","36":"product-type-simple"},"_links":{"self":[{"href":"https:\/\/www.molanoige.com\/ga\/wp-json\/wp\/v2\/product\/13484","targetHints":{"allow":["GET"]}}],"collection":[{"href":"https:\/\/www.molanoige.com\/ga\/wp-json\/wp\/v2\/product"}],"about":[{"href":"https:\/\/www.molanoige.com\/ga\/wp-json\/wp\/v2\/types\/product"}],"replies":[{"embeddable":true,"href":"https:\/\/www.molanoige.com\/ga\/wp-json\/wp\/v2\/comments?post=13484"}],"wp:featuredmedia":[{"embeddable":true,"href":"https:\/\/www.molanoige.com\/ga\/wp-json\/wp\/v2\/media\/13485"}],"wp:attachment":[{"href":"https:\/\/www.molanoige.com\/ga\/wp-json\/wp\/v2\/media?parent=13484"}],"wp:term":[{"taxonomy":"product_brand","embeddable":true,"href":"https:\/\/www.molanoige.com\/ga\/wp-json\/wp\/v2\/product_brand?post=13484"},{"taxonomy":"product_cat","embeddable":true,"href":"https:\/\/www.molanoige.com\/ga\/wp-json\/wp\/v2\/product_cat?post=13484"},{"taxonomy":"product_tag","embeddable":true,"href":"https:\/\/www.molanoige.com\/ga\/wp-json\/wp\/v2\/product_tag?post=13484"}],"curies":[{"name":"wp","href":"https:\/\/api.w.org\/{rel}","templated":true}]}}