{"id":13478,"date":"2015-07-15T10:57:28","date_gmt":"2015-07-15T10:57:28","guid":{"rendered":"https:\/\/www.molanoige.com\/product\/wonderful-writing\/"},"modified":"2026-02-02T18:16:02","modified_gmt":"2026-02-02T18:16:02","slug":"wonderful-writing","status":"publish","type":"product","link":"https:\/\/www.molanoige.com\/ga\/product\/wonderful-writing\/","title":{"rendered":"Ithe sl\u00e1inti\u00fail"},"content":{"rendered":"<p>Peann luaidhe le mana <i>chun<\/i> ithe sl\u00e1inti\u00fail a chur chun cinn priont\u00e1ilte orthu. <\/p>\n<p>\u201c<em>Healthy foods help me go further faster<\/em>\u201d <\/p>\n<p>12 pheann luaidhe sa phac\u00e1iste. <\/p>\n<p>Peann luaidhe tarraingteacha a \u00fas\u00e1idtear chun ithe sl\u00e1inti\u00fail a spreagadh <\/p>\n","protected":false},"excerpt":{"rendered":"<p>Peann luaidhe le mana chun ithe sl\u00e1inti\u00fail a chur chun cinn priont\u00e1ilte orthu. \u201cHealthy foods help me go further faster\u201d 12 pheann luaidhe sa phac\u00e1iste. Peann luaidhe tarraingteacha a \u00fas\u00e1idtear chun ithe sl\u00e1inti\u00fail a spreagadh<\/p>\n","protected":false},"featured_media":13479,"comment_status":"closed","ping_status":"closed","template":"","meta":{"_exactmetrics_skip_tracking":false,"_exactmetrics_sitenote_active":false,"_exactmetrics_sitenote_note":"","_exactmetrics_sitenote_category":0,"site-sidebar-layout":"default","site-content-layout":"default","ast-site-content-layout":"default","site-content-style":"default","site-sidebar-style":"default","ast-global-header-display":"","ast-banner-title-visibility":"","ast-main-header-display":"","ast-hfb-above-header-display":"","ast-hfb-below-header-display":"","ast-hfb-mobile-header-display":"","site-post-title":"","ast-breadcrumbs-content":"","ast-featured-img":"","footer-sml-layout":"","theme-transparent-header-meta":"default","adv-header-id-meta":"","stick-header-meta":"","header-above-stick-meta":"","header-main-stick-meta":"","header-below-stick-meta":"","astra-migrate-meta-layouts":"default","ast-page-background-enabled":"default","ast-page-background-meta":{"desktop":{"background-color":"","background-image":"","background-repeat":"repeat","background-position":"center center","background-size":"auto","background-attachment":"scroll","background-type":"","background-media":"","overlay-type":"","overlay-color":"","overlay-opacity":"","overlay-gradient":""},"tablet":{"background-color":"","background-image":"","background-repeat":"repeat","background-position":"center center","background-size":"auto","background-attachment":"scroll","background-type":"","background-media":"","overlay-type":"","overlay-color":"","overlay-opacity":"","overlay-gradient":""},"mobile":{"background-color":"","background-image":"","background-repeat":"repeat","background-position":"center center","background-size":"auto","background-attachment":"scroll","background-type":"","background-media":"","overlay-type":"","overlay-color":"","overlay-opacity":"","overlay-gradient":""}},"ast-content-background-meta":{"desktop":{"background-color":"var(--ast-global-color-5)","background-image":"","background-repeat":"repeat","background-position":"center center","background-size":"auto","background-attachment":"scroll","background-type":"","background-media":"","overlay-type":"","overlay-color":"","overlay-opacity":"","overlay-gradient":""},"tablet":{"background-color":"var(--ast-global-color-5)","background-image":"","background-repeat":"repeat","background-position":"center center","background-size":"auto","background-attachment":"scroll","background-type":"","background-media":"","overlay-type":"","overlay-color":"","overlay-opacity":"","overlay-gradient":""},"mobile":{"background-color":"var(--ast-global-color-5)","background-image":"","background-repeat":"repeat","background-position":"center center","background-size":"auto","background-attachment":"scroll","background-type":"","background-media":"","overlay-type":"","overlay-color":"","overlay-opacity":"","overlay-gradient":""}}},"product_brand":[],"product_cat":[799,800,813],"product_tag":[983,985,1280,801,1288,964,962,1059,950,991,1276,1086,1063,1257],"class_list":{"0":"post-13478","1":"product","2":"type-product","3":"status-publish","4":"has-post-thumbnail","6":"product_cat-bronntanais-duaiseanna","7":"product_cat-slainte-follaine","8":"product_cat-peannluaidhe","9":"product_tag-award","10":"product_tag-congratulations","11":"product_tag-english","12":"product_tag-healthy-eating","13":"product_tag-healthy-foods","14":"product_tag-pencil","15":"product_tag-praise","16":"product_tag-prizes","17":"product_tag-reward","18":"product_tag-rewards","19":"product_tag-sese","20":"product_tag-very-good","21":"product_tag-well-done","22":"product_tag-writing","23":"desktop-align-left","24":"tablet-align-left","25":"mobile-align-left","27":"first","28":"instock","29":"sale","30":"shipping-taxable","31":"purchasable","32":"product-type-simple"},"_links":{"self":[{"href":"https:\/\/www.molanoige.com\/ga\/wp-json\/wp\/v2\/product\/13478","targetHints":{"allow":["GET"]}}],"collection":[{"href":"https:\/\/www.molanoige.com\/ga\/wp-json\/wp\/v2\/product"}],"about":[{"href":"https:\/\/www.molanoige.com\/ga\/wp-json\/wp\/v2\/types\/product"}],"replies":[{"embeddable":true,"href":"https:\/\/www.molanoige.com\/ga\/wp-json\/wp\/v2\/comments?post=13478"}],"wp:featuredmedia":[{"embeddable":true,"href":"https:\/\/www.molanoige.com\/ga\/wp-json\/wp\/v2\/media\/13479"}],"wp:attachment":[{"href":"https:\/\/www.molanoige.com\/ga\/wp-json\/wp\/v2\/media?parent=13478"}],"wp:term":[{"taxonomy":"product_brand","embeddable":true,"href":"https:\/\/www.molanoige.com\/ga\/wp-json\/wp\/v2\/product_brand?post=13478"},{"taxonomy":"product_cat","embeddable":true,"href":"https:\/\/www.molanoige.com\/ga\/wp-json\/wp\/v2\/product_cat?post=13478"},{"taxonomy":"product_tag","embeddable":true,"href":"https:\/\/www.molanoige.com\/ga\/wp-json\/wp\/v2\/product_tag?post=13478"}],"curies":[{"name":"wp","href":"https:\/\/api.w.org\/{rel}","templated":true}]}}