{"id":13377,"date":"2017-11-09T22:52:38","date_gmt":"2017-11-09T22:52:38","guid":{"rendered":"https:\/\/www.molanoige.com\/product\/attendance-award-2\/"},"modified":"2026-02-02T18:15:48","modified_gmt":"2026-02-02T18:15:48","slug":"attendance-award-2","status":"publish","type":"product","link":"https:\/\/www.molanoige.com\/ga\/product\/attendance-award-2\/","title":{"rendered":"Duais L\u00e1ithreachta!"},"content":{"rendered":"<p>Leabhar n\u00f3ta\u00ed le 40 bileog. M\u00e9id foirfe do dhialanna obair bhaile n\u00f3 c\u00f3ipeanna. Comhghairdeas le dalta\u00ed a bhfuil dea-thinreamh acu leis an s\u00e1bh\u00e1la\u00ed ama iontach seo!<\/p>\n","protected":false},"excerpt":{"rendered":"<p>Leabhar n\u00f3ta\u00ed le 40 bileog. M\u00e9id foirfe do dhialanna obair bhaile n\u00f3 c\u00f3ipeanna. Comhghairdeas le dalta\u00ed a bhfuil dea-thinreamh acu leis an s\u00e1bh\u00e1la\u00ed ama iontach seo!<\/p>\n","protected":false},"featured_media":13378,"comment_status":"open","ping_status":"closed","template":"","meta":{"_exactmetrics_skip_tracking":false,"_exactmetrics_sitenote_active":false,"_exactmetrics_sitenote_note":"","_exactmetrics_sitenote_category":0,"site-sidebar-layout":"default","site-content-layout":"default","ast-site-content-layout":"default","site-content-style":"default","site-sidebar-style":"default","ast-global-header-display":"","ast-banner-title-visibility":"","ast-main-header-display":"","ast-hfb-above-header-display":"","ast-hfb-below-header-display":"","ast-hfb-mobile-header-display":"","site-post-title":"","ast-breadcrumbs-content":"","ast-featured-img":"","footer-sml-layout":"","theme-transparent-header-meta":"default","adv-header-id-meta":"","stick-header-meta":"","header-above-stick-meta":"","header-main-stick-meta":"","header-below-stick-meta":"","astra-migrate-meta-layouts":"default","ast-page-background-enabled":"default","ast-page-background-meta":{"desktop":{"background-color":"","background-image":"","background-repeat":"repeat","background-position":"center center","background-size":"auto","background-attachment":"scroll","background-type":"","background-media":"","overlay-type":"","overlay-color":"","overlay-opacity":"","overlay-gradient":""},"tablet":{"background-color":"","background-image":"","background-repeat":"repeat","background-position":"center center","background-size":"auto","background-attachment":"scroll","background-type":"","background-media":"","overlay-type":"","overlay-color":"","overlay-opacity":"","overlay-gradient":""},"mobile":{"background-color":"","background-image":"","background-repeat":"repeat","background-position":"center center","background-size":"auto","background-attachment":"scroll","background-type":"","background-media":"","overlay-type":"","overlay-color":"","overlay-opacity":"","overlay-gradient":""}},"ast-content-background-meta":{"desktop":{"background-color":"var(--ast-global-color-5)","background-image":"","background-repeat":"repeat","background-position":"center center","background-size":"auto","background-attachment":"scroll","background-type":"","background-media":"","overlay-type":"","overlay-color":"","overlay-opacity":"","overlay-gradient":""},"tablet":{"background-color":"var(--ast-global-color-5)","background-image":"","background-repeat":"repeat","background-position":"center center","background-size":"auto","background-attachment":"scroll","background-type":"","background-media":"","overlay-type":"","overlay-color":"","overlay-opacity":"","overlay-gradient":""},"mobile":{"background-color":"var(--ast-global-color-5)","background-image":"","background-repeat":"repeat","background-position":"center center","background-size":"auto","background-attachment":"scroll","background-type":"","background-media":"","overlay-type":"","overlay-color":"","overlay-opacity":"","overlay-gradient":""}}},"product_brand":[],"product_cat":[834,812,791],"product_tag":[920,1179,1055,1222,962,938,1223],"class_list":{"0":"post-13377","1":"product","2":"type-product","3":"status-publish","4":"has-post-thumbnail","6":"product_cat-ceimniu","7":"product_cat-leabhair-notai","8":"product_cat-tinreamh","9":"product_tag-attendance","10":"product_tag-attendance-award","11":"product_tag-effort","12":"product_tag-irish-primary-school","13":"product_tag-praise","14":"product_tag-teacher-resources","15":"product_tag-teaching-resources","16":"desktop-align-left","17":"tablet-align-left","18":"mobile-align-left","20":"first","21":"instock","22":"shipping-taxable","23":"purchasable","24":"product-type-simple"},"_links":{"self":[{"href":"https:\/\/www.molanoige.com\/ga\/wp-json\/wp\/v2\/product\/13377","targetHints":{"allow":["GET"]}}],"collection":[{"href":"https:\/\/www.molanoige.com\/ga\/wp-json\/wp\/v2\/product"}],"about":[{"href":"https:\/\/www.molanoige.com\/ga\/wp-json\/wp\/v2\/types\/product"}],"replies":[{"embeddable":true,"href":"https:\/\/www.molanoige.com\/ga\/wp-json\/wp\/v2\/comments?post=13377"}],"wp:featuredmedia":[{"embeddable":true,"href":"https:\/\/www.molanoige.com\/ga\/wp-json\/wp\/v2\/media\/13378"}],"wp:attachment":[{"href":"https:\/\/www.molanoige.com\/ga\/wp-json\/wp\/v2\/media?parent=13377"}],"wp:term":[{"taxonomy":"product_brand","embeddable":true,"href":"https:\/\/www.molanoige.com\/ga\/wp-json\/wp\/v2\/product_brand?post=13377"},{"taxonomy":"product_cat","embeddable":true,"href":"https:\/\/www.molanoige.com\/ga\/wp-json\/wp\/v2\/product_cat?post=13377"},{"taxonomy":"product_tag","embeddable":true,"href":"https:\/\/www.molanoige.com\/ga\/wp-json\/wp\/v2\/product_tag?post=13377"}],"curies":[{"name":"wp","href":"https:\/\/api.w.org\/{rel}","templated":true}]}}