{"id":13375,"date":"2017-11-28T19:42:25","date_gmt":"2017-11-28T19:42:25","guid":{"rendered":"https:\/\/www.molanoige.com\/product\/christmas-pencils\/"},"modified":"2026-02-02T18:15:48","modified_gmt":"2026-02-02T18:15:48","slug":"christmas-pencils","status":"publish","type":"product","link":"https:\/\/www.molanoige.com\/ga\/product\/christmas-pencils\/","title":{"rendered":"Peann luaidhe Nollag\/Peann luaidhe luaidhe"},"content":{"rendered":"<p>Comhartha \u00e1lainn le tabhairt do do dhalta\u00ed ag deireadh an ch\u00e9ad t\u00e9arma. <\/p>\n<p>I ndeara\u00ed agus dathanna saoire eile i bhfoirm bata milse\u00e1n, aghaidh aoibhinn, Daid\u00ed na Nollag, bainfidh na p\u00e1ist\u00ed taitneamh as na pinn luaidhe saoire seo ar feadh an gheimhridh. B\u00edodh sol\u00e1thar de na pinn luaidhe spra\u00ed\u00fala seo agat sa seomra ranga n\u00f3 sa seomra s\u00fagartha, cuir iad i m\u00e1la\u00ed bronntanais saoire agus tabhair amach iad le c\u00e1rta\u00ed Nollag na bp\u00e1ist\u00ed. <\/p>\n<p>T\u00e1 12 pheann luaidhe i ngach pac\u00e1iste. <\/p>\n<p>12 in aghaidh an phac\u00e1iste. <\/p>\n","protected":false},"excerpt":{"rendered":"<p>Comhartha \u00e1lainn le tabhairt do do dhalta\u00ed ag deireadh an ch\u00e9ad t\u00e9arma. I ndeara\u00ed agus dathanna saoire eile i bhfoirm bata milse\u00e1n, aghaidh aoibhinn, Daid\u00ed na Nollag, bainfidh na p\u00e1ist\u00ed taitneamh as na pinn luaidhe saoire seo ar feadh an gheimhridh. B\u00edodh sol\u00e1thar de na pinn luaidhe spra\u00ed\u00fala seo agat sa seomra ranga n\u00f3 sa [&hellip;]<\/p>\n","protected":false},"featured_media":13376,"comment_status":"open","ping_status":"closed","template":"","meta":{"_exactmetrics_skip_tracking":false,"_exactmetrics_sitenote_active":false,"_exactmetrics_sitenote_note":"","_exactmetrics_sitenote_category":0,"site-sidebar-layout":"default","site-content-layout":"default","ast-site-content-layout":"default","site-content-style":"default","site-sidebar-style":"default","ast-global-header-display":"","ast-banner-title-visibility":"","ast-main-header-display":"","ast-hfb-above-header-display":"","ast-hfb-below-header-display":"","ast-hfb-mobile-header-display":"","site-post-title":"","ast-breadcrumbs-content":"","ast-featured-img":"","footer-sml-layout":"","theme-transparent-header-meta":"default","adv-header-id-meta":"","stick-header-meta":"","header-above-stick-meta":"","header-main-stick-meta":"","header-below-stick-meta":"","astra-migrate-meta-layouts":"default","ast-page-background-enabled":"default","ast-page-background-meta":{"desktop":{"background-color":"","background-image":"","background-repeat":"repeat","background-position":"center center","background-size":"auto","background-attachment":"scroll","background-type":"","background-media":"","overlay-type":"","overlay-color":"","overlay-opacity":"","overlay-gradient":""},"tablet":{"background-color":"","background-image":"","background-repeat":"repeat","background-position":"center center","background-size":"auto","background-attachment":"scroll","background-type":"","background-media":"","overlay-type":"","overlay-color":"","overlay-opacity":"","overlay-gradient":""},"mobile":{"background-color":"","background-image":"","background-repeat":"repeat","background-position":"center center","background-size":"auto","background-attachment":"scroll","background-type":"","background-media":"","overlay-type":"","overlay-color":"","overlay-opacity":"","overlay-gradient":""}},"ast-content-background-meta":{"desktop":{"background-color":"var(--ast-global-color-5)","background-image":"","background-repeat":"repeat","background-position":"center center","background-size":"auto","background-attachment":"scroll","background-type":"","background-media":"","overlay-type":"","overlay-color":"","overlay-opacity":"","overlay-gradient":""},"tablet":{"background-color":"var(--ast-global-color-5)","background-image":"","background-repeat":"repeat","background-position":"center center","background-size":"auto","background-attachment":"scroll","background-type":"","background-media":"","overlay-type":"","overlay-color":"","overlay-opacity":"","overlay-gradient":""},"mobile":{"background-color":"var(--ast-global-color-5)","background-image":"","background-repeat":"repeat","background-position":"center center","background-size":"auto","background-attachment":"scroll","background-type":"","background-media":"","overlay-type":"","overlay-color":"","overlay-opacity":"","overlay-gradient":""}}},"product_brand":[],"product_cat":[813,809],"product_tag":[954,1181,1221,958,1043,1000],"class_list":{"0":"post-13375","1":"product","2":"type-product","3":"status-publish","4":"has-post-thumbnail","6":"product_cat-peannluaidhe","7":"product_cat-nollaig","8":"product_tag-christmas","9":"product_tag-happy-christmas","10":"product_tag-merry-christmas","11":"product_tag-nollaig-shona","12":"product_tag-nollaig-shona-duit","13":"product_tag-pencils","14":"desktop-align-left","15":"tablet-align-left","16":"mobile-align-left","18":"first","19":"outofstock","20":"shipping-taxable","21":"purchasable","22":"product-type-simple"},"_links":{"self":[{"href":"https:\/\/www.molanoige.com\/ga\/wp-json\/wp\/v2\/product\/13375","targetHints":{"allow":["GET"]}}],"collection":[{"href":"https:\/\/www.molanoige.com\/ga\/wp-json\/wp\/v2\/product"}],"about":[{"href":"https:\/\/www.molanoige.com\/ga\/wp-json\/wp\/v2\/types\/product"}],"replies":[{"embeddable":true,"href":"https:\/\/www.molanoige.com\/ga\/wp-json\/wp\/v2\/comments?post=13375"}],"wp:featuredmedia":[{"embeddable":true,"href":"https:\/\/www.molanoige.com\/ga\/wp-json\/wp\/v2\/media\/13376"}],"wp:attachment":[{"href":"https:\/\/www.molanoige.com\/ga\/wp-json\/wp\/v2\/media?parent=13375"}],"wp:term":[{"taxonomy":"product_brand","embeddable":true,"href":"https:\/\/www.molanoige.com\/ga\/wp-json\/wp\/v2\/product_brand?post=13375"},{"taxonomy":"product_cat","embeddable":true,"href":"https:\/\/www.molanoige.com\/ga\/wp-json\/wp\/v2\/product_cat?post=13375"},{"taxonomy":"product_tag","embeddable":true,"href":"https:\/\/www.molanoige.com\/ga\/wp-json\/wp\/v2\/product_tag?post=13375"}],"curies":[{"name":"wp","href":"https:\/\/api.w.org\/{rel}","templated":true}]}}