{"id":13346,"date":"2020-11-22T14:52:49","date_gmt":"2020-11-22T14:52:49","guid":{"rendered":"https:\/\/www.molanoige.com\/product\/mixed-praise-reward-stickers\/"},"modified":"2026-02-02T18:15:45","modified_gmt":"2026-02-02T18:15:45","slug":"mixed-praise-reward-stickers","status":"publish","type":"product","link":"https:\/\/www.molanoige.com\/ga\/product\/mixed-praise-reward-stickers\/","title":{"rendered":"Gream\u00e1in Lua\u00edochta Moladh Measctha"},"content":{"rendered":"<p>Gream\u00e1in le fr\u00e1sa\u00ed molta \u00e9ags\u00fala. <\/p>\n<p> <em>Is l\u00e9itheoir iontach m\u00e9!<\/em> <\/p>\n<p> <em>Is f\u00e9idir liom litri\u00fa!<\/em> <\/p>\n<p> <em>D&#39;ith m\u00e9 mo l\u00f3n go l\u00e9ir!<\/em> <\/p>\n<p> <em>Is scr\u00edbhneoir den scoth m\u00e9!<\/em> <\/p>\n<p> <em>Chuimhnigh m\u00e9 mo l\u00e1mh a chur suas!<\/em> <\/p>\n<p> <em>T\u00e1 a fhios agam mo chuid uimhreacha!<\/em> <\/p>\n<p>3 bhileog in aghaidh an phac\u00e1iste, 54 gream\u00e1n san ioml\u00e1n.<\/p>\n","protected":false},"excerpt":{"rendered":"<p>Gream\u00e1in le fr\u00e1sa\u00ed molta \u00e9ags\u00fala. Is l\u00e9itheoir iontach m\u00e9! Is f\u00e9idir liom litri\u00fa! D&#39;ith m\u00e9 mo l\u00f3n go l\u00e9ir! Is scr\u00edbhneoir den scoth m\u00e9! Chuimhnigh m\u00e9 mo l\u00e1mh a chur suas! T\u00e1 a fhios agam mo chuid uimhreacha! 3 bhileog in aghaidh an phac\u00e1iste, 54 gream\u00e1n san ioml\u00e1n.<\/p>\n","protected":false},"featured_media":13347,"comment_status":"open","ping_status":"closed","template":"","meta":{"_exactmetrics_skip_tracking":false,"_exactmetrics_sitenote_active":false,"_exactmetrics_sitenote_note":"","_exactmetrics_sitenote_category":0,"site-sidebar-layout":"default","site-content-layout":"","ast-site-content-layout":"default","site-content-style":"default","site-sidebar-style":"default","ast-global-header-display":"","ast-banner-title-visibility":"","ast-main-header-display":"","ast-hfb-above-header-display":"","ast-hfb-below-header-display":"","ast-hfb-mobile-header-display":"","site-post-title":"","ast-breadcrumbs-content":"","ast-featured-img":"","footer-sml-layout":"","theme-transparent-header-meta":"","adv-header-id-meta":"","stick-header-meta":"","header-above-stick-meta":"","header-main-stick-meta":"","header-below-stick-meta":"","astra-migrate-meta-layouts":"default","ast-page-background-enabled":"default","ast-page-background-meta":{"desktop":{"background-color":"","background-image":"","background-repeat":"repeat","background-position":"center center","background-size":"auto","background-attachment":"scroll","background-type":"","background-media":"","overlay-type":"","overlay-color":"","overlay-opacity":"","overlay-gradient":""},"tablet":{"background-color":"","background-image":"","background-repeat":"repeat","background-position":"center center","background-size":"auto","background-attachment":"scroll","background-type":"","background-media":"","overlay-type":"","overlay-color":"","overlay-opacity":"","overlay-gradient":""},"mobile":{"background-color":"","background-image":"","background-repeat":"repeat","background-position":"center center","background-size":"auto","background-attachment":"scroll","background-type":"","background-media":"","overlay-type":"","overlay-color":"","overlay-opacity":"","overlay-gradient":""}},"ast-content-background-meta":{"desktop":{"background-color":"var(--ast-global-color-5)","background-image":"","background-repeat":"repeat","background-position":"center center","background-size":"auto","background-attachment":"scroll","background-type":"","background-media":"","overlay-type":"","overlay-color":"","overlay-opacity":"","overlay-gradient":""},"tablet":{"background-color":"var(--ast-global-color-5)","background-image":"","background-repeat":"repeat","background-position":"center center","background-size":"auto","background-attachment":"scroll","background-type":"","background-media":"","overlay-type":"","overlay-color":"","overlay-opacity":"","overlay-gradient":""},"mobile":{"background-color":"var(--ast-global-color-5)","background-image":"","background-repeat":"repeat","background-position":"center center","background-size":"auto","background-attachment":"scroll","background-type":"","background-media":"","overlay-type":"","overlay-color":"","overlay-opacity":"","overlay-gradient":""}}},"product_brand":[],"product_cat":[806,837,828],"product_tag":[1207,962,1025],"class_list":{"0":"post-13346","1":"product","2":"type-product","3":"status-publish","4":"has-post-thumbnail","6":"product_cat-iarraht-moladh","7":"product_cat-greamain-2","8":"product_cat-iompar","9":"product_tag-good-behavior","10":"product_tag-praise","11":"product_tag-reading","12":"desktop-align-left","13":"tablet-align-left","14":"mobile-align-left","16":"first","17":"instock","18":"shipping-taxable","19":"purchasable","20":"product-type-simple"},"_links":{"self":[{"href":"https:\/\/www.molanoige.com\/ga\/wp-json\/wp\/v2\/product\/13346","targetHints":{"allow":["GET"]}}],"collection":[{"href":"https:\/\/www.molanoige.com\/ga\/wp-json\/wp\/v2\/product"}],"about":[{"href":"https:\/\/www.molanoige.com\/ga\/wp-json\/wp\/v2\/types\/product"}],"replies":[{"embeddable":true,"href":"https:\/\/www.molanoige.com\/ga\/wp-json\/wp\/v2\/comments?post=13346"}],"wp:featuredmedia":[{"embeddable":true,"href":"https:\/\/www.molanoige.com\/ga\/wp-json\/wp\/v2\/media\/13347"}],"wp:attachment":[{"href":"https:\/\/www.molanoige.com\/ga\/wp-json\/wp\/v2\/media?parent=13346"}],"wp:term":[{"taxonomy":"product_brand","embeddable":true,"href":"https:\/\/www.molanoige.com\/ga\/wp-json\/wp\/v2\/product_brand?post=13346"},{"taxonomy":"product_cat","embeddable":true,"href":"https:\/\/www.molanoige.com\/ga\/wp-json\/wp\/v2\/product_cat?post=13346"},{"taxonomy":"product_tag","embeddable":true,"href":"https:\/\/www.molanoige.com\/ga\/wp-json\/wp\/v2\/product_tag?post=13346"}],"curies":[{"name":"wp","href":"https:\/\/api.w.org\/{rel}","templated":true}]}}