{"id":13278,"date":"2021-03-16T09:25:32","date_gmt":"2021-03-16T09:25:32","guid":{"rendered":"https:\/\/www.molanoige.com\/product\/back-to-school-pack-3\/"},"modified":"2026-02-02T18:15:38","modified_gmt":"2026-02-02T18:15:38","slug":"back-to-school-pack-3","status":"publish","type":"product","link":"https:\/\/www.molanoige.com\/ga\/product\/back-to-school-pack-3\/","title":{"rendered":"Pac\u00e1iste ar ais ar scoil"},"content":{"rendered":"<p>Rogha deas gream\u00e1n agus n\u00f3ta\u00ed le bheith r\u00e9idh le filleadh ar scoil tar \u00e9is na foghlama cianda <\/p>\n<p>Gream\u00e1in, gream\u00e1in agus n\u00edos m\u00f3 gream\u00e1n do gach \u00f3c\u00e1id agus luach saothair <\/p>\n<p>T\u00e1 cuid ann fi\u00fa do L\u00e1 Fh\u00e9ile P\u00e1draig <\/p>\n<p>\u20ac9.99 amh\u00e1in freisin! <\/p>\n","protected":false},"excerpt":{"rendered":"<p>Rogha deas gream\u00e1n agus n\u00f3ta\u00ed le bheith r\u00e9idh le filleadh ar scoil tar \u00e9is na foghlama cianda Gream\u00e1in, gream\u00e1in agus n\u00edos m\u00f3 gream\u00e1n do gach \u00f3c\u00e1id agus luach saothair T\u00e1 cuid ann fi\u00fa do L\u00e1 Fh\u00e9ile P\u00e1draig \u20ac9.99 amh\u00e1in freisin!<\/p>\n","protected":false},"featured_media":13279,"comment_status":"open","ping_status":"closed","template":"","meta":{"_exactmetrics_skip_tracking":false,"_exactmetrics_sitenote_active":false,"_exactmetrics_sitenote_note":"","_exactmetrics_sitenote_category":0,"site-sidebar-layout":"default","site-content-layout":"","ast-site-content-layout":"default","site-content-style":"default","site-sidebar-style":"default","ast-global-header-display":"","ast-banner-title-visibility":"","ast-main-header-display":"","ast-hfb-above-header-display":"","ast-hfb-below-header-display":"","ast-hfb-mobile-header-display":"","site-post-title":"","ast-breadcrumbs-content":"","ast-featured-img":"","footer-sml-layout":"","theme-transparent-header-meta":"","adv-header-id-meta":"","stick-header-meta":"","header-above-stick-meta":"","header-main-stick-meta":"","header-below-stick-meta":"","astra-migrate-meta-layouts":"default","ast-page-background-enabled":"default","ast-page-background-meta":{"desktop":{"background-color":"","background-image":"","background-repeat":"repeat","background-position":"center center","background-size":"auto","background-attachment":"scroll","background-type":"","background-media":"","overlay-type":"","overlay-color":"","overlay-opacity":"","overlay-gradient":""},"tablet":{"background-color":"","background-image":"","background-repeat":"repeat","background-position":"center center","background-size":"auto","background-attachment":"scroll","background-type":"","background-media":"","overlay-type":"","overlay-color":"","overlay-opacity":"","overlay-gradient":""},"mobile":{"background-color":"","background-image":"","background-repeat":"repeat","background-position":"center center","background-size":"auto","background-attachment":"scroll","background-type":"","background-media":"","overlay-type":"","overlay-color":"","overlay-opacity":"","overlay-gradient":""}},"ast-content-background-meta":{"desktop":{"background-color":"var(--ast-global-color-5)","background-image":"","background-repeat":"repeat","background-position":"center center","background-size":"auto","background-attachment":"scroll","background-type":"","background-media":"","overlay-type":"","overlay-color":"","overlay-opacity":"","overlay-gradient":""},"tablet":{"background-color":"var(--ast-global-color-5)","background-image":"","background-repeat":"repeat","background-position":"center center","background-size":"auto","background-attachment":"scroll","background-type":"","background-media":"","overlay-type":"","overlay-color":"","overlay-opacity":"","overlay-gradient":""},"mobile":{"background-color":"var(--ast-global-color-5)","background-image":"","background-repeat":"repeat","background-position":"center center","background-size":"auto","background-attachment":"scroll","background-type":"","background-media":"","overlay-type":"","overlay-color":"","overlay-opacity":"","overlay-gradient":""}}},"product_brand":[],"product_cat":[825],"product_tag":[1164,991,961],"class_list":{"0":"post-13278","1":"product","2":"type-product","3":"status-publish","4":"has-post-thumbnail","6":"product_cat-pacai","7":"product_tag-back-to-school-packs","8":"product_tag-rewards","9":"product_tag-stickers","10":"desktop-align-left","11":"tablet-align-left","12":"mobile-align-left","14":"first","15":"instock","16":"shipping-taxable","17":"purchasable","18":"product-type-simple"},"_links":{"self":[{"href":"https:\/\/www.molanoige.com\/ga\/wp-json\/wp\/v2\/product\/13278","targetHints":{"allow":["GET"]}}],"collection":[{"href":"https:\/\/www.molanoige.com\/ga\/wp-json\/wp\/v2\/product"}],"about":[{"href":"https:\/\/www.molanoige.com\/ga\/wp-json\/wp\/v2\/types\/product"}],"replies":[{"embeddable":true,"href":"https:\/\/www.molanoige.com\/ga\/wp-json\/wp\/v2\/comments?post=13278"}],"wp:featuredmedia":[{"embeddable":true,"href":"https:\/\/www.molanoige.com\/ga\/wp-json\/wp\/v2\/media\/13279"}],"wp:attachment":[{"href":"https:\/\/www.molanoige.com\/ga\/wp-json\/wp\/v2\/media?parent=13278"}],"wp:term":[{"taxonomy":"product_brand","embeddable":true,"href":"https:\/\/www.molanoige.com\/ga\/wp-json\/wp\/v2\/product_brand?post=13278"},{"taxonomy":"product_cat","embeddable":true,"href":"https:\/\/www.molanoige.com\/ga\/wp-json\/wp\/v2\/product_cat?post=13278"},{"taxonomy":"product_tag","embeddable":true,"href":"https:\/\/www.molanoige.com\/ga\/wp-json\/wp\/v2\/product_tag?post=13278"}],"curies":[{"name":"wp","href":"https:\/\/api.w.org\/{rel}","templated":true}]}}