{"id":13275,"date":"2021-04-01T15:36:15","date_gmt":"2021-04-01T15:36:15","guid":{"rendered":"https:\/\/www.molanoige.com\/product\/bandai-iaimhe-gaeilgeoir-na-seachtaine\/"},"modified":"2026-02-02T18:15:38","modified_gmt":"2026-02-02T18:15:38","slug":"bandai-iaimhe-gaeilgeoir-na-seachtaine","status":"publish","type":"product","link":"https:\/\/www.molanoige.com\/ga\/product\/bandai-iaimhe-gaeilgeoir-na-seachtaine\/","title":{"rendered":"Bandai Iaimhe Gaeilgeoir na Seachtaine"},"content":{"rendered":"<p>Duaisenna \u00edontacha &#8216;sea na banda\u00ed l\u00e1imhe seo do dhalta\u00ed. Gaeilgeoir na Seachtaine<\/p>\n<p>16 sa phaca<\/p>\n<p>&nbsp;<\/p>\n<p>Tyvek wristbands<\/p>\n","protected":false},"excerpt":{"rendered":"<p>Duaisenna \u00edontacha &#8216;sea na banda\u00ed l\u00e1imhe seo do dhalta\u00ed. Gaeilgeoir na Seachtaine 16 sa phaca &nbsp; Tyvek wristbands<\/p>\n","protected":false},"featured_media":13277,"comment_status":"open","ping_status":"closed","template":"","meta":{"_exactmetrics_skip_tracking":false,"_exactmetrics_sitenote_active":false,"_exactmetrics_sitenote_note":"","_exactmetrics_sitenote_category":0,"site-sidebar-layout":"default","site-content-layout":"default","ast-site-content-layout":"default","site-content-style":"default","site-sidebar-style":"default","ast-global-header-display":"","ast-banner-title-visibility":"","ast-main-header-display":"","ast-hfb-above-header-display":"","ast-hfb-below-header-display":"","ast-hfb-mobile-header-display":"","site-post-title":"","ast-breadcrumbs-content":"","ast-featured-img":"","footer-sml-layout":"","theme-transparent-header-meta":"default","adv-header-id-meta":"","stick-header-meta":"","header-above-stick-meta":"","header-main-stick-meta":"","header-below-stick-meta":"","astra-migrate-meta-layouts":"default","ast-page-background-enabled":"default","ast-page-background-meta":{"desktop":{"background-color":"","background-image":"","background-repeat":"repeat","background-position":"center center","background-size":"auto","background-attachment":"scroll","background-type":"","background-media":"","overlay-type":"","overlay-color":"","overlay-opacity":"","overlay-gradient":""},"tablet":{"background-color":"","background-image":"","background-repeat":"repeat","background-position":"center center","background-size":"auto","background-attachment":"scroll","background-type":"","background-media":"","overlay-type":"","overlay-color":"","overlay-opacity":"","overlay-gradient":""},"mobile":{"background-color":"","background-image":"","background-repeat":"repeat","background-position":"center center","background-size":"auto","background-attachment":"scroll","background-type":"","background-media":"","overlay-type":"","overlay-color":"","overlay-opacity":"","overlay-gradient":""}},"ast-content-background-meta":{"desktop":{"background-color":"var(--ast-global-color-5)","background-image":"","background-repeat":"repeat","background-position":"center center","background-size":"auto","background-attachment":"scroll","background-type":"","background-media":"","overlay-type":"","overlay-color":"","overlay-opacity":"","overlay-gradient":""},"tablet":{"background-color":"var(--ast-global-color-5)","background-image":"","background-repeat":"repeat","background-position":"center center","background-size":"auto","background-attachment":"scroll","background-type":"","background-media":"","overlay-type":"","overlay-color":"","overlay-opacity":"","overlay-gradient":""},"mobile":{"background-color":"var(--ast-global-color-5)","background-image":"","background-repeat":"repeat","background-position":"center center","background-size":"auto","background-attachment":"scroll","background-type":"","background-media":"","overlay-type":"","overlay-color":"","overlay-opacity":"","overlay-gradient":""}}},"product_brand":[],"product_cat":[793,840,822],"product_tag":[],"class_list":{"0":"post-13275","1":"product","2":"type-product","3":"status-publish","4":"has-post-thumbnail","6":"product_cat-gaeilge","7":"product_cat-bandai-laimhe-gaeilge","8":"product_cat-seachtain-na-gaeilge","9":"desktop-align-left","10":"tablet-align-left","11":"mobile-align-left","13":"first","14":"instock","15":"shipping-taxable","16":"purchasable","17":"product-type-simple"},"_links":{"self":[{"href":"https:\/\/www.molanoige.com\/ga\/wp-json\/wp\/v2\/product\/13275","targetHints":{"allow":["GET"]}}],"collection":[{"href":"https:\/\/www.molanoige.com\/ga\/wp-json\/wp\/v2\/product"}],"about":[{"href":"https:\/\/www.molanoige.com\/ga\/wp-json\/wp\/v2\/types\/product"}],"replies":[{"embeddable":true,"href":"https:\/\/www.molanoige.com\/ga\/wp-json\/wp\/v2\/comments?post=13275"}],"wp:featuredmedia":[{"embeddable":true,"href":"https:\/\/www.molanoige.com\/ga\/wp-json\/wp\/v2\/media\/13277"}],"wp:attachment":[{"href":"https:\/\/www.molanoige.com\/ga\/wp-json\/wp\/v2\/media?parent=13275"}],"wp:term":[{"taxonomy":"product_brand","embeddable":true,"href":"https:\/\/www.molanoige.com\/ga\/wp-json\/wp\/v2\/product_brand?post=13275"},{"taxonomy":"product_cat","embeddable":true,"href":"https:\/\/www.molanoige.com\/ga\/wp-json\/wp\/v2\/product_cat?post=13275"},{"taxonomy":"product_tag","embeddable":true,"href":"https:\/\/www.molanoige.com\/ga\/wp-json\/wp\/v2\/product_tag?post=13275"}],"curies":[{"name":"wp","href":"https:\/\/api.w.org\/{rel}","templated":true}]}}