{"id":13187,"date":"2021-10-15T08:27:03","date_gmt":"2021-10-15T08:27:03","guid":{"rendered":"https:\/\/www.molanoige.com\/product\/bookmark-out-of-this-world\/"},"modified":"2026-02-02T18:15:26","modified_gmt":"2026-02-02T18:15:26","slug":"bookmark-out-of-this-world","status":"publish","type":"product","link":"https:\/\/www.molanoige.com\/ga\/product\/bookmark-out-of-this-world\/","title":{"rendered":"Leabharmharc AS AN DOMHAN SEO"},"content":{"rendered":"<p>M\u00fain do dhalta\u00ed gur rud thar barr \u00e9 an l\u00e9itheoireacht i nd\u00e1ir\u00edre! Foirfe le haghaidh lua\u00edochta\u00ed ranga, lonra\u00edonn na leabharmharcanna seo nuair a ghabhann solas iad agus t\u00e1 dearadh sp\u00e1is den scoth ar gach ceann acu. Leis na ruda\u00ed seo i do st\u00f3r sol\u00e1thairt\u00ed ranga, beidh dalta\u00ed ag s\u00edneadh amach don ghealach agus spriocanna l\u00e9itheoireachta \u00e1 socr\u00fa acu. \u00c1ir\u00edtear rib\u00edn satin ceangailte le sp\u00e1s ar ch\u00fal d\u00e1 n-ainm. P\u00e1ip\u00e9ar lannaithe. <\/p>\n<p>12 in aghaidh an phac\u00e1iste<\/p>\n","protected":false},"excerpt":{"rendered":"<p>M\u00fain do dhalta\u00ed gur rud thar barr \u00e9 an l\u00e9itheoireacht i nd\u00e1ir\u00edre! Foirfe le haghaidh lua\u00edochta\u00ed ranga, lonra\u00edonn na leabharmharcanna seo nuair a ghabhann solas iad agus t\u00e1 dearadh sp\u00e1is den scoth ar gach ceann acu. Leis na ruda\u00ed seo i do st\u00f3r sol\u00e1thairt\u00ed ranga, beidh dalta\u00ed ag s\u00edneadh amach don ghealach agus spriocanna l\u00e9itheoireachta [&hellip;]<\/p>\n","protected":false},"featured_media":13188,"comment_status":"open","ping_status":"closed","template":"","meta":{"_exactmetrics_skip_tracking":false,"_exactmetrics_sitenote_active":false,"_exactmetrics_sitenote_note":"","_exactmetrics_sitenote_category":0,"site-sidebar-layout":"default","site-content-layout":"","ast-site-content-layout":"default","site-content-style":"default","site-sidebar-style":"default","ast-global-header-display":"","ast-banner-title-visibility":"","ast-main-header-display":"","ast-hfb-above-header-display":"","ast-hfb-below-header-display":"","ast-hfb-mobile-header-display":"","site-post-title":"","ast-breadcrumbs-content":"","ast-featured-img":"","footer-sml-layout":"","theme-transparent-header-meta":"","adv-header-id-meta":"","stick-header-meta":"","header-above-stick-meta":"","header-main-stick-meta":"","header-below-stick-meta":"","astra-migrate-meta-layouts":"default","ast-page-background-enabled":"default","ast-page-background-meta":{"desktop":{"background-color":"","background-image":"","background-repeat":"repeat","background-position":"center center","background-size":"auto","background-attachment":"scroll","background-type":"","background-media":"","overlay-type":"","overlay-color":"","overlay-opacity":"","overlay-gradient":""},"tablet":{"background-color":"","background-image":"","background-repeat":"repeat","background-position":"center center","background-size":"auto","background-attachment":"scroll","background-type":"","background-media":"","overlay-type":"","overlay-color":"","overlay-opacity":"","overlay-gradient":""},"mobile":{"background-color":"","background-image":"","background-repeat":"repeat","background-position":"center center","background-size":"auto","background-attachment":"scroll","background-type":"","background-media":"","overlay-type":"","overlay-color":"","overlay-opacity":"","overlay-gradient":""}},"ast-content-background-meta":{"desktop":{"background-color":"var(--ast-global-color-5)","background-image":"","background-repeat":"repeat","background-position":"center center","background-size":"auto","background-attachment":"scroll","background-type":"","background-media":"","overlay-type":"","overlay-color":"","overlay-opacity":"","overlay-gradient":""},"tablet":{"background-color":"var(--ast-global-color-5)","background-image":"","background-repeat":"repeat","background-position":"center center","background-size":"auto","background-attachment":"scroll","background-type":"","background-media":"","overlay-type":"","overlay-color":"","overlay-opacity":"","overlay-gradient":""},"mobile":{"background-color":"var(--ast-global-color-5)","background-image":"","background-repeat":"repeat","background-position":"center center","background-size":"auto","background-attachment":"scroll","background-type":"","background-media":"","overlay-type":"","overlay-color":"","overlay-opacity":"","overlay-gradient":""}}},"product_brand":[],"product_cat":[799,830,811],"product_tag":[980,1185,1025],"class_list":{"0":"post-13187","1":"product","2":"type-product","3":"status-publish","4":"has-post-thumbnail","6":"product_cat-bronntanais-duaiseanna","7":"product_cat-leabharmharcanna","8":"product_cat-leitheoireacht","9":"product_tag-bookmark","10":"product_tag-classroom-teacher","11":"product_tag-reading","12":"desktop-align-left","13":"tablet-align-left","14":"mobile-align-left","16":"first","17":"instock","18":"shipping-taxable","19":"purchasable","20":"product-type-simple"},"_links":{"self":[{"href":"https:\/\/www.molanoige.com\/ga\/wp-json\/wp\/v2\/product\/13187","targetHints":{"allow":["GET"]}}],"collection":[{"href":"https:\/\/www.molanoige.com\/ga\/wp-json\/wp\/v2\/product"}],"about":[{"href":"https:\/\/www.molanoige.com\/ga\/wp-json\/wp\/v2\/types\/product"}],"replies":[{"embeddable":true,"href":"https:\/\/www.molanoige.com\/ga\/wp-json\/wp\/v2\/comments?post=13187"}],"wp:featuredmedia":[{"embeddable":true,"href":"https:\/\/www.molanoige.com\/ga\/wp-json\/wp\/v2\/media\/13188"}],"wp:attachment":[{"href":"https:\/\/www.molanoige.com\/ga\/wp-json\/wp\/v2\/media?parent=13187"}],"wp:term":[{"taxonomy":"product_brand","embeddable":true,"href":"https:\/\/www.molanoige.com\/ga\/wp-json\/wp\/v2\/product_brand?post=13187"},{"taxonomy":"product_cat","embeddable":true,"href":"https:\/\/www.molanoige.com\/ga\/wp-json\/wp\/v2\/product_cat?post=13187"},{"taxonomy":"product_tag","embeddable":true,"href":"https:\/\/www.molanoige.com\/ga\/wp-json\/wp\/v2\/product_tag?post=13187"}],"curies":[{"name":"wp","href":"https:\/\/api.w.org\/{rel}","templated":true}]}}