{"id":13181,"date":"2021-10-15T08:39:03","date_gmt":"2021-10-15T08:39:03","guid":{"rendered":"https:\/\/www.molanoige.com\/product\/laminated-funtastic-food-friends-bookmarks\/"},"modified":"2026-02-02T18:15:25","modified_gmt":"2026-02-02T18:15:25","slug":"laminated-funtastic-food-friends-bookmarks","status":"publish","type":"product","link":"https:\/\/www.molanoige.com\/ga\/product\/laminated-funtastic-food-friends-bookmarks\/","title":{"rendered":"Leabharmharcanna Cairde Bia Funtastic Lannaithe"},"content":{"rendered":"<p>Cuir do chuid fiacla isteach sa bhealach iontach seo chun dea-iompar agus s\u00e1rmhaitheas acad\u00fail a spreagadh! Breisi\u00fa blasta ar shol\u00e1thairt\u00ed seomra ranga mar dhreasachta\u00ed iompra\u00edochta, duaiseanna n\u00f3 luach saothair do mhic l\u00e9inn, t\u00e1 \u00edomh\u00e1nna de bhianna is fearr le p\u00e1ist\u00ed agus focail fhorfheidhmi\u00fach\u00e1in dhearfaigh cos\u00fail le \u201cI\u2019m Doing Just Pine\u201d agus [[[Q1]] sna leabharmharcanna spra\u00ed\u00fala seo. Spreagfaidh na hamburgers, na p\u00edotsa\u00ed agus na donuts aoibhneacha seo foghlaimeoir\u00ed de gach aois chun lean\u00faint ar aghaidh ag l\u00e9amh! \u00c1ir\u00edtear rib\u00edn satin. <\/p>\n<p>12 [in aghaidh an phac\u00e1iste]<\/p>\n","protected":false},"excerpt":{"rendered":"<p>Cuir do chuid fiacla isteach sa bhealach iontach seo chun dea-iompar agus s\u00e1rmhaitheas acad\u00fail a spreagadh! Breisi\u00fa blasta ar shol\u00e1thairt\u00ed seomra ranga mar dhreasachta\u00ed iompra\u00edochta, duaiseanna n\u00f3 luach saothair do mhic l\u00e9inn, t\u00e1 \u00edomh\u00e1nna de bhianna is fearr le p\u00e1ist\u00ed agus focail fhorfheidhmi\u00fach\u00e1in dhearfaigh cos\u00fail le \u201cI\u2019m Doing Just Pine\u201d agus [[[Q1]] sna leabharmharcanna spra\u00ed\u00fala [&hellip;]<\/p>\n","protected":false},"featured_media":13182,"comment_status":"open","ping_status":"closed","template":"","meta":{"_exactmetrics_skip_tracking":false,"_exactmetrics_sitenote_active":false,"_exactmetrics_sitenote_note":"","_exactmetrics_sitenote_category":0,"site-sidebar-layout":"default","site-content-layout":"","ast-site-content-layout":"default","site-content-style":"default","site-sidebar-style":"default","ast-global-header-display":"","ast-banner-title-visibility":"","ast-main-header-display":"","ast-hfb-above-header-display":"","ast-hfb-below-header-display":"","ast-hfb-mobile-header-display":"","site-post-title":"","ast-breadcrumbs-content":"","ast-featured-img":"","footer-sml-layout":"","theme-transparent-header-meta":"","adv-header-id-meta":"","stick-header-meta":"","header-above-stick-meta":"","header-main-stick-meta":"","header-below-stick-meta":"","astra-migrate-meta-layouts":"default","ast-page-background-enabled":"default","ast-page-background-meta":{"desktop":{"background-color":"","background-image":"","background-repeat":"repeat","background-position":"center center","background-size":"auto","background-attachment":"scroll","background-type":"","background-media":"","overlay-type":"","overlay-color":"","overlay-opacity":"","overlay-gradient":""},"tablet":{"background-color":"","background-image":"","background-repeat":"repeat","background-position":"center center","background-size":"auto","background-attachment":"scroll","background-type":"","background-media":"","overlay-type":"","overlay-color":"","overlay-opacity":"","overlay-gradient":""},"mobile":{"background-color":"","background-image":"","background-repeat":"repeat","background-position":"center center","background-size":"auto","background-attachment":"scroll","background-type":"","background-media":"","overlay-type":"","overlay-color":"","overlay-opacity":"","overlay-gradient":""}},"ast-content-background-meta":{"desktop":{"background-color":"var(--ast-global-color-5)","background-image":"","background-repeat":"repeat","background-position":"center center","background-size":"auto","background-attachment":"scroll","background-type":"","background-media":"","overlay-type":"","overlay-color":"","overlay-opacity":"","overlay-gradient":""},"tablet":{"background-color":"var(--ast-global-color-5)","background-image":"","background-repeat":"repeat","background-position":"center center","background-size":"auto","background-attachment":"scroll","background-type":"","background-media":"","overlay-type":"","overlay-color":"","overlay-opacity":"","overlay-gradient":""},"mobile":{"background-color":"var(--ast-global-color-5)","background-image":"","background-repeat":"repeat","background-position":"center center","background-size":"auto","background-attachment":"scroll","background-type":"","background-media":"","overlay-type":"","overlay-color":"","overlay-opacity":"","overlay-gradient":""}}},"product_brand":[],"product_cat":[799,830],"product_tag":[980,1185,1025],"class_list":{"0":"post-13181","1":"product","2":"type-product","3":"status-publish","4":"has-post-thumbnail","6":"product_cat-bronntanais-duaiseanna","7":"product_cat-leabharmharcanna","8":"product_tag-bookmark","9":"product_tag-classroom-teacher","10":"product_tag-reading","11":"desktop-align-left","12":"tablet-align-left","13":"mobile-align-left","15":"first","16":"instock","17":"shipping-taxable","18":"purchasable","19":"product-type-simple"},"_links":{"self":[{"href":"https:\/\/www.molanoige.com\/ga\/wp-json\/wp\/v2\/product\/13181","targetHints":{"allow":["GET"]}}],"collection":[{"href":"https:\/\/www.molanoige.com\/ga\/wp-json\/wp\/v2\/product"}],"about":[{"href":"https:\/\/www.molanoige.com\/ga\/wp-json\/wp\/v2\/types\/product"}],"replies":[{"embeddable":true,"href":"https:\/\/www.molanoige.com\/ga\/wp-json\/wp\/v2\/comments?post=13181"}],"wp:featuredmedia":[{"embeddable":true,"href":"https:\/\/www.molanoige.com\/ga\/wp-json\/wp\/v2\/media\/13182"}],"wp:attachment":[{"href":"https:\/\/www.molanoige.com\/ga\/wp-json\/wp\/v2\/media?parent=13181"}],"wp:term":[{"taxonomy":"product_brand","embeddable":true,"href":"https:\/\/www.molanoige.com\/ga\/wp-json\/wp\/v2\/product_brand?post=13181"},{"taxonomy":"product_cat","embeddable":true,"href":"https:\/\/www.molanoige.com\/ga\/wp-json\/wp\/v2\/product_cat?post=13181"},{"taxonomy":"product_tag","embeddable":true,"href":"https:\/\/www.molanoige.com\/ga\/wp-json\/wp\/v2\/product_tag?post=13181"}],"curies":[{"name":"wp","href":"https:\/\/api.w.org\/{rel}","templated":true}]}}