{"id":13167,"date":"2021-10-15T18:03:46","date_gmt":"2021-10-15T18:03:46","guid":{"rendered":"https:\/\/www.molanoige.com\/product\/colourful-pencil-sharpeners-12-pc\/"},"modified":"2026-02-02T18:15:24","modified_gmt":"2026-02-02T18:15:24","slug":"colourful-pencil-sharpeners-12-pc","status":"publish","type":"product","link":"https:\/\/www.molanoige.com\/ga\/product\/colourful-pencil-sharpeners-12-pc\/","title":{"rendered":"G\u00e9araitheoir\u00ed Peann luaidhe ildaite \u2013 12 ph\u00edosa"},"content":{"rendered":"<p>Is sol\u00e1thairt\u00ed scoile fionnuara iad na G\u00e9araitheoir\u00ed Peann luaidhe ildaite seo! Coinnigh pinn luaidhe g\u00e9ar leis na huirlis\u00ed plaisteacha seo. L\u00edon do ch\u00f3fra lua\u00edochta\u00ed ranga leis na g\u00e9araitheoir\u00ed peann luaidhe geala seo n\u00f3 stoc\u00e1il suas don am ar ais ar scoil! T\u00e1 cl\u00fadach ar gach ceann acu chun na bearrtha\u00ed peann luaidhe a choinne\u00e1il istigh.<\/p>\n","protected":false},"excerpt":{"rendered":"<p>Is sol\u00e1thairt\u00ed scoile fionnuara iad na G\u00e9araitheoir\u00ed Peann luaidhe ildaite seo! Coinnigh pinn luaidhe g\u00e9ar leis na huirlis\u00ed plaisteacha seo. L\u00edon do ch\u00f3fra lua\u00edochta\u00ed ranga leis na g\u00e9araitheoir\u00ed peann luaidhe geala seo n\u00f3 stoc\u00e1il suas don am ar ais ar scoil! T\u00e1 cl\u00fadach ar gach ceann acu chun na bearrtha\u00ed peann luaidhe a choinne\u00e1il istigh.<\/p>\n","protected":false},"featured_media":13168,"comment_status":"open","ping_status":"closed","template":"","meta":{"_exactmetrics_skip_tracking":false,"_exactmetrics_sitenote_active":false,"_exactmetrics_sitenote_note":"","_exactmetrics_sitenote_category":0,"site-sidebar-layout":"default","site-content-layout":"","ast-site-content-layout":"default","site-content-style":"default","site-sidebar-style":"default","ast-global-header-display":"","ast-banner-title-visibility":"","ast-main-header-display":"","ast-hfb-above-header-display":"","ast-hfb-below-header-display":"","ast-hfb-mobile-header-display":"","site-post-title":"","ast-breadcrumbs-content":"","ast-featured-img":"","footer-sml-layout":"","theme-transparent-header-meta":"","adv-header-id-meta":"","stick-header-meta":"","header-above-stick-meta":"","header-main-stick-meta":"","header-below-stick-meta":"","astra-migrate-meta-layouts":"default","ast-page-background-enabled":"default","ast-page-background-meta":{"desktop":{"background-color":"","background-image":"","background-repeat":"repeat","background-position":"center center","background-size":"auto","background-attachment":"scroll","background-type":"","background-media":"","overlay-type":"","overlay-color":"","overlay-opacity":"","overlay-gradient":""},"tablet":{"background-color":"","background-image":"","background-repeat":"repeat","background-position":"center center","background-size":"auto","background-attachment":"scroll","background-type":"","background-media":"","overlay-type":"","overlay-color":"","overlay-opacity":"","overlay-gradient":""},"mobile":{"background-color":"","background-image":"","background-repeat":"repeat","background-position":"center center","background-size":"auto","background-attachment":"scroll","background-type":"","background-media":"","overlay-type":"","overlay-color":"","overlay-opacity":"","overlay-gradient":""}},"ast-content-background-meta":{"desktop":{"background-color":"var(--ast-global-color-5)","background-image":"","background-repeat":"repeat","background-position":"center center","background-size":"auto","background-attachment":"scroll","background-type":"","background-media":"","overlay-type":"","overlay-color":"","overlay-opacity":"","overlay-gradient":""},"tablet":{"background-color":"var(--ast-global-color-5)","background-image":"","background-repeat":"repeat","background-position":"center center","background-size":"auto","background-attachment":"scroll","background-type":"","background-media":"","overlay-type":"","overlay-color":"","overlay-opacity":"","overlay-gradient":""},"mobile":{"background-color":"var(--ast-global-color-5)","background-image":"","background-repeat":"repeat","background-position":"center center","background-size":"auto","background-attachment":"scroll","background-type":"","background-media":"","overlay-type":"","overlay-color":"","overlay-opacity":"","overlay-gradient":""}}},"product_brand":[],"product_cat":[799,823],"product_tag":[1000,1184],"class_list":{"0":"post-13167","1":"product","2":"type-product","3":"status-publish","4":"has-post-thumbnail","6":"product_cat-bronntanais-duaiseanna","7":"product_cat-gearaitheoiri","8":"product_tag-pencils","9":"product_tag-sharpeners","10":"desktop-align-left","11":"tablet-align-left","12":"mobile-align-left","14":"first","15":"instock","16":"shipping-taxable","17":"purchasable","18":"product-type-simple"},"_links":{"self":[{"href":"https:\/\/www.molanoige.com\/ga\/wp-json\/wp\/v2\/product\/13167","targetHints":{"allow":["GET"]}}],"collection":[{"href":"https:\/\/www.molanoige.com\/ga\/wp-json\/wp\/v2\/product"}],"about":[{"href":"https:\/\/www.molanoige.com\/ga\/wp-json\/wp\/v2\/types\/product"}],"replies":[{"embeddable":true,"href":"https:\/\/www.molanoige.com\/ga\/wp-json\/wp\/v2\/comments?post=13167"}],"wp:featuredmedia":[{"embeddable":true,"href":"https:\/\/www.molanoige.com\/ga\/wp-json\/wp\/v2\/media\/13168"}],"wp:attachment":[{"href":"https:\/\/www.molanoige.com\/ga\/wp-json\/wp\/v2\/media?parent=13167"}],"wp:term":[{"taxonomy":"product_brand","embeddable":true,"href":"https:\/\/www.molanoige.com\/ga\/wp-json\/wp\/v2\/product_brand?post=13167"},{"taxonomy":"product_cat","embeddable":true,"href":"https:\/\/www.molanoige.com\/ga\/wp-json\/wp\/v2\/product_cat?post=13167"},{"taxonomy":"product_tag","embeddable":true,"href":"https:\/\/www.molanoige.com\/ga\/wp-json\/wp\/v2\/product_tag?post=13167"}],"curies":[{"name":"wp","href":"https:\/\/api.w.org\/{rel}","templated":true}]}}