{"id":13165,"date":"2021-10-27T12:49:11","date_gmt":"2021-10-27T12:49:11","guid":{"rendered":"https:\/\/www.molanoige.com\/product\/merit-certificate-2\/"},"modified":"2026-02-02T18:15:22","modified_gmt":"2026-02-02T18:15:22","slug":"merit-certificate-2","status":"publish","type":"product","link":"https:\/\/www.molanoige.com\/ga\/product\/merit-certificate-2\/","title":{"rendered":"Teastas Fi\u00fantais"},"content":{"rendered":"<p>Tuillte ag gach mac l\u00e9inn den scoth ceann de na cinn seo! Oiri\u00fanach do lua\u00edochta\u00ed mac l\u00e9inn, t\u00e1 dearadh ildaite ar na teastais seo le t\u00e9acs a deir go trom, \u201cMerit Certificate\u201d. Is fearr ar fad, is f\u00e9idir le m\u00fainteoir\u00ed iad seo a \u00fas\u00e1id le haghaidh a l\u00e1n \u00e9achta\u00ed \u2013 cib\u00e9 acu ar \u00e9irigh le mac l\u00e9inn thar sprioc l\u00e9itheoireachta, ar \u00e9irigh go maith leis i dt\u00e1st\u00e1il dheacair, ar bhuaigh s\u00e9 aonach eola\u00edochta n\u00f3 aon rud a cheapann t\u00fa&#8230; <\/p>\n<p>20 in aghaidh an phac\u00e1iste<\/p>\n","protected":false},"excerpt":{"rendered":"<p>Tuillte ag gach mac l\u00e9inn den scoth ceann de na cinn seo! Oiri\u00fanach do lua\u00edochta\u00ed mac l\u00e9inn, t\u00e1 dearadh ildaite ar na teastais seo le t\u00e9acs a deir go trom, \u201cMerit Certificate\u201d. Is fearr ar fad, is f\u00e9idir le m\u00fainteoir\u00ed iad seo a \u00fas\u00e1id le haghaidh a l\u00e1n \u00e9achta\u00ed \u2013 cib\u00e9 acu ar \u00e9irigh le [&hellip;]<\/p>\n","protected":false},"featured_media":13166,"comment_status":"open","ping_status":"closed","template":"","meta":{"_exactmetrics_skip_tracking":false,"_exactmetrics_sitenote_active":false,"_exactmetrics_sitenote_note":"","_exactmetrics_sitenote_category":0,"site-sidebar-layout":"default","site-content-layout":"","ast-site-content-layout":"default","site-content-style":"default","site-sidebar-style":"default","ast-global-header-display":"","ast-banner-title-visibility":"","ast-main-header-display":"","ast-hfb-above-header-display":"","ast-hfb-below-header-display":"","ast-hfb-mobile-header-display":"","site-post-title":"","ast-breadcrumbs-content":"","ast-featured-img":"","footer-sml-layout":"","theme-transparent-header-meta":"","adv-header-id-meta":"","stick-header-meta":"","header-above-stick-meta":"","header-main-stick-meta":"","header-below-stick-meta":"","astra-migrate-meta-layouts":"default","ast-page-background-enabled":"default","ast-page-background-meta":{"desktop":{"background-color":"","background-image":"","background-repeat":"repeat","background-position":"center center","background-size":"auto","background-attachment":"scroll","background-type":"","background-media":"","overlay-type":"","overlay-color":"","overlay-opacity":"","overlay-gradient":""},"tablet":{"background-color":"","background-image":"","background-repeat":"repeat","background-position":"center center","background-size":"auto","background-attachment":"scroll","background-type":"","background-media":"","overlay-type":"","overlay-color":"","overlay-opacity":"","overlay-gradient":""},"mobile":{"background-color":"","background-image":"","background-repeat":"repeat","background-position":"center center","background-size":"auto","background-attachment":"scroll","background-type":"","background-media":"","overlay-type":"","overlay-color":"","overlay-opacity":"","overlay-gradient":""}},"ast-content-background-meta":{"desktop":{"background-color":"var(--ast-global-color-5)","background-image":"","background-repeat":"repeat","background-position":"center center","background-size":"auto","background-attachment":"scroll","background-type":"","background-media":"","overlay-type":"","overlay-color":"","overlay-opacity":"","overlay-gradient":""},"tablet":{"background-color":"var(--ast-global-color-5)","background-image":"","background-repeat":"repeat","background-position":"center center","background-size":"auto","background-attachment":"scroll","background-type":"","background-media":"","overlay-type":"","overlay-color":"","overlay-opacity":"","overlay-gradient":""},"mobile":{"background-color":"var(--ast-global-color-5)","background-image":"","background-repeat":"repeat","background-position":"center center","background-size":"auto","background-attachment":"scroll","background-type":"","background-media":"","overlay-type":"","overlay-color":"","overlay-opacity":"","overlay-gradient":""}}},"product_brand":[],"product_cat":[806,805,834],"product_tag":[983,1183],"class_list":{"0":"post-13165","1":"product","2":"type-product","3":"status-publish","4":"has-post-thumbnail","6":"product_cat-iarraht-moladh","7":"product_cat-certificates","8":"product_cat-ceimniu","9":"product_tag-award","10":"product_tag-certicicates","11":"desktop-align-left","12":"tablet-align-left","13":"mobile-align-left","15":"first","16":"instock","17":"shipping-taxable","18":"purchasable","19":"product-type-simple"},"_links":{"self":[{"href":"https:\/\/www.molanoige.com\/ga\/wp-json\/wp\/v2\/product\/13165","targetHints":{"allow":["GET"]}}],"collection":[{"href":"https:\/\/www.molanoige.com\/ga\/wp-json\/wp\/v2\/product"}],"about":[{"href":"https:\/\/www.molanoige.com\/ga\/wp-json\/wp\/v2\/types\/product"}],"replies":[{"embeddable":true,"href":"https:\/\/www.molanoige.com\/ga\/wp-json\/wp\/v2\/comments?post=13165"}],"wp:featuredmedia":[{"embeddable":true,"href":"https:\/\/www.molanoige.com\/ga\/wp-json\/wp\/v2\/media\/13166"}],"wp:attachment":[{"href":"https:\/\/www.molanoige.com\/ga\/wp-json\/wp\/v2\/media?parent=13165"}],"wp:term":[{"taxonomy":"product_brand","embeddable":true,"href":"https:\/\/www.molanoige.com\/ga\/wp-json\/wp\/v2\/product_brand?post=13165"},{"taxonomy":"product_cat","embeddable":true,"href":"https:\/\/www.molanoige.com\/ga\/wp-json\/wp\/v2\/product_cat?post=13165"},{"taxonomy":"product_tag","embeddable":true,"href":"https:\/\/www.molanoige.com\/ga\/wp-json\/wp\/v2\/product_tag?post=13165"}],"curies":[{"name":"wp","href":"https:\/\/api.w.org\/{rel}","templated":true}]}}