{"id":13163,"date":"2021-10-27T12:53:17","date_gmt":"2021-10-27T12:53:17","guid":{"rendered":"https:\/\/www.molanoige.com\/product\/gold-sparkling-star-stickers\/"},"modified":"2026-02-02T18:15:22","modified_gmt":"2026-02-02T18:15:22","slug":"gold-sparkling-star-stickers","status":"publish","type":"product","link":"https:\/\/www.molanoige.com\/ga\/product\/gold-sparkling-star-stickers\/","title":{"rendered":"Gream\u00e1in R\u00e9alta \u00d3ir Lonracha"},"content":{"rendered":"<p>UA! An bhfuil luach saothair n\u00edos s\u00edora\u00ed n\u00e1 gream\u00e1n r\u00e9alta \u00f3ir ranga? Is luach saothair scoile foirfe iad na gream\u00e1in r\u00e9alta \u00f3ir lonracha seo do do dhalta\u00ed. <\/p>\n<p>96\u00a0x\u00a022mm gream\u00e1n \u00f3ir lonracha in aghaidh an phac\u00e1iste.<\/p>\n","protected":false},"excerpt":{"rendered":"<p>UA! An bhfuil luach saothair n\u00edos s\u00edora\u00ed n\u00e1 gream\u00e1n r\u00e9alta \u00f3ir ranga? Is luach saothair scoile foirfe iad na gream\u00e1in r\u00e9alta \u00f3ir lonracha seo do do dhalta\u00ed. 96\u00a0x\u00a022mm gream\u00e1n \u00f3ir lonracha in aghaidh an phac\u00e1iste.<\/p>\n","protected":false},"featured_media":13164,"comment_status":"open","ping_status":"closed","template":"","meta":{"_exactmetrics_skip_tracking":false,"_exactmetrics_sitenote_active":false,"_exactmetrics_sitenote_note":"","_exactmetrics_sitenote_category":0,"site-sidebar-layout":"default","site-content-layout":"default","ast-site-content-layout":"default","site-content-style":"default","site-sidebar-style":"default","ast-global-header-display":"","ast-banner-title-visibility":"","ast-main-header-display":"","ast-hfb-above-header-display":"","ast-hfb-below-header-display":"","ast-hfb-mobile-header-display":"","site-post-title":"","ast-breadcrumbs-content":"","ast-featured-img":"","footer-sml-layout":"","theme-transparent-header-meta":"default","adv-header-id-meta":"","stick-header-meta":"","header-above-stick-meta":"","header-main-stick-meta":"","header-below-stick-meta":"","astra-migrate-meta-layouts":"default","ast-page-background-enabled":"default","ast-page-background-meta":{"desktop":{"background-color":"","background-image":"","background-repeat":"repeat","background-position":"center center","background-size":"auto","background-attachment":"scroll","background-type":"","background-media":"","overlay-type":"","overlay-color":"","overlay-opacity":"","overlay-gradient":""},"tablet":{"background-color":"","background-image":"","background-repeat":"repeat","background-position":"center center","background-size":"auto","background-attachment":"scroll","background-type":"","background-media":"","overlay-type":"","overlay-color":"","overlay-opacity":"","overlay-gradient":""},"mobile":{"background-color":"","background-image":"","background-repeat":"repeat","background-position":"center center","background-size":"auto","background-attachment":"scroll","background-type":"","background-media":"","overlay-type":"","overlay-color":"","overlay-opacity":"","overlay-gradient":""}},"ast-content-background-meta":{"desktop":{"background-color":"var(--ast-global-color-5)","background-image":"","background-repeat":"repeat","background-position":"center center","background-size":"auto","background-attachment":"scroll","background-type":"","background-media":"","overlay-type":"","overlay-color":"","overlay-opacity":"","overlay-gradient":""},"tablet":{"background-color":"var(--ast-global-color-5)","background-image":"","background-repeat":"repeat","background-position":"center center","background-size":"auto","background-attachment":"scroll","background-type":"","background-media":"","overlay-type":"","overlay-color":"","overlay-opacity":"","overlay-gradient":""},"mobile":{"background-color":"var(--ast-global-color-5)","background-image":"","background-repeat":"repeat","background-position":"center center","background-size":"auto","background-attachment":"scroll","background-type":"","background-media":"","overlay-type":"","overlay-color":"","overlay-opacity":"","overlay-gradient":""}}},"product_brand":[],"product_cat":[799,806,837,833,828,826],"product_tag":[1182,1166,953],"class_list":{"0":"post-13163","1":"product","2":"type-product","3":"status-publish","4":"has-post-thumbnail","6":"product_cat-bronntanais-duaiseanna","7":"product_cat-iarraht-moladh","8":"product_cat-greamain-2","9":"product_cat-greamain","10":"product_cat-iompar","11":"product_cat-obair-bhaile","12":"product_tag-gold","13":"product_tag-sparkling","14":"product_tag-sticker","15":"desktop-align-left","16":"tablet-align-left","17":"mobile-align-left","19":"first","20":"outofstock","21":"sale","22":"shipping-taxable","23":"purchasable","24":"product-type-simple"},"_links":{"self":[{"href":"https:\/\/www.molanoige.com\/ga\/wp-json\/wp\/v2\/product\/13163","targetHints":{"allow":["GET"]}}],"collection":[{"href":"https:\/\/www.molanoige.com\/ga\/wp-json\/wp\/v2\/product"}],"about":[{"href":"https:\/\/www.molanoige.com\/ga\/wp-json\/wp\/v2\/types\/product"}],"replies":[{"embeddable":true,"href":"https:\/\/www.molanoige.com\/ga\/wp-json\/wp\/v2\/comments?post=13163"}],"wp:featuredmedia":[{"embeddable":true,"href":"https:\/\/www.molanoige.com\/ga\/wp-json\/wp\/v2\/media\/13164"}],"wp:attachment":[{"href":"https:\/\/www.molanoige.com\/ga\/wp-json\/wp\/v2\/media?parent=13163"}],"wp:term":[{"taxonomy":"product_brand","embeddable":true,"href":"https:\/\/www.molanoige.com\/ga\/wp-json\/wp\/v2\/product_brand?post=13163"},{"taxonomy":"product_cat","embeddable":true,"href":"https:\/\/www.molanoige.com\/ga\/wp-json\/wp\/v2\/product_cat?post=13163"},{"taxonomy":"product_tag","embeddable":true,"href":"https:\/\/www.molanoige.com\/ga\/wp-json\/wp\/v2\/product_tag?post=13163"}],"curies":[{"name":"wp","href":"https:\/\/api.w.org\/{rel}","templated":true}]}}