{"id":13157,"date":"2021-11-11T12:23:38","date_gmt":"2021-11-11T12:23:38","guid":{"rendered":"https:\/\/www.molanoige.com\/product\/stamper-mix\/"},"modified":"2026-02-02T18:15:21","modified_gmt":"2026-02-02T18:15:21","slug":"stamper-mix","status":"publish","type":"product","link":"https:\/\/www.molanoige.com\/ga\/product\/stamper-mix\/","title":{"rendered":"Measc\u00e1n Stamp\u00e1la"},"content":{"rendered":"<p>4 x stampa\u00ed <\/p>\n<p>Abair le do scol\u00e1ir\u00ed go bhfuil jab iontach \u00e1 dh\u00e9anamh acu tr\u00ed stampa a chur le tasc at\u00e1 d\u00e9anta go maith! <\/p>\n<p>I measc na bhfr\u00e1sa\u00ed t\u00e1: iontach, dochreidte, r\u00e9alta agus iontach! <\/p>\n<p>S\u00e1bh\u00e1ilte agus neamh-tocsaineach.<\/p>\n","protected":false},"excerpt":{"rendered":"<p>4 x stampa\u00ed Abair le do scol\u00e1ir\u00ed go bhfuil jab iontach \u00e1 dh\u00e9anamh acu tr\u00ed stampa a chur le tasc at\u00e1 d\u00e9anta go maith! I measc na bhfr\u00e1sa\u00ed t\u00e1: iontach, dochreidte, r\u00e9alta agus iontach! S\u00e1bh\u00e1ilte agus neamh-tocsaineach.<\/p>\n","protected":false},"featured_media":13158,"comment_status":"open","ping_status":"closed","template":"","meta":{"_exactmetrics_skip_tracking":false,"_exactmetrics_sitenote_active":false,"_exactmetrics_sitenote_note":"","_exactmetrics_sitenote_category":0,"site-sidebar-layout":"default","site-content-layout":"default","ast-site-content-layout":"default","site-content-style":"default","site-sidebar-style":"default","ast-global-header-display":"","ast-banner-title-visibility":"","ast-main-header-display":"","ast-hfb-above-header-display":"","ast-hfb-below-header-display":"","ast-hfb-mobile-header-display":"","site-post-title":"","ast-breadcrumbs-content":"","ast-featured-img":"","footer-sml-layout":"","theme-transparent-header-meta":"default","adv-header-id-meta":"","stick-header-meta":"","header-above-stick-meta":"","header-main-stick-meta":"","header-below-stick-meta":"","astra-migrate-meta-layouts":"default","ast-page-background-enabled":"default","ast-page-background-meta":{"desktop":{"background-color":"","background-image":"","background-repeat":"repeat","background-position":"center center","background-size":"auto","background-attachment":"scroll","background-type":"","background-media":"","overlay-type":"","overlay-color":"","overlay-opacity":"","overlay-gradient":""},"tablet":{"background-color":"","background-image":"","background-repeat":"repeat","background-position":"center center","background-size":"auto","background-attachment":"scroll","background-type":"","background-media":"","overlay-type":"","overlay-color":"","overlay-opacity":"","overlay-gradient":""},"mobile":{"background-color":"","background-image":"","background-repeat":"repeat","background-position":"center center","background-size":"auto","background-attachment":"scroll","background-type":"","background-media":"","overlay-type":"","overlay-color":"","overlay-opacity":"","overlay-gradient":""}},"ast-content-background-meta":{"desktop":{"background-color":"var(--ast-global-color-5)","background-image":"","background-repeat":"repeat","background-position":"center center","background-size":"auto","background-attachment":"scroll","background-type":"","background-media":"","overlay-type":"","overlay-color":"","overlay-opacity":"","overlay-gradient":""},"tablet":{"background-color":"var(--ast-global-color-5)","background-image":"","background-repeat":"repeat","background-position":"center center","background-size":"auto","background-attachment":"scroll","background-type":"","background-media":"","overlay-type":"","overlay-color":"","overlay-opacity":"","overlay-gradient":""},"mobile":{"background-color":"var(--ast-global-color-5)","background-image":"","background-repeat":"repeat","background-position":"center center","background-size":"auto","background-attachment":"scroll","background-type":"","background-media":"","overlay-type":"","overlay-color":"","overlay-opacity":"","overlay-gradient":""}}},"product_brand":[],"product_cat":[806,790,810],"product_tag":[1009,1010],"class_list":{"0":"post-13157","1":"product","2":"type-product","3":"status-publish","4":"has-post-thumbnail","6":"product_cat-iarraht-moladh","7":"product_cat-measctha","8":"product_cat-stampai","9":"product_tag-stamp","10":"product_tag-stamper","11":"desktop-align-left","12":"tablet-align-left","13":"mobile-align-left","15":"first","16":"outofstock","17":"shipping-taxable","18":"purchasable","19":"product-type-simple"},"_links":{"self":[{"href":"https:\/\/www.molanoige.com\/ga\/wp-json\/wp\/v2\/product\/13157","targetHints":{"allow":["GET"]}}],"collection":[{"href":"https:\/\/www.molanoige.com\/ga\/wp-json\/wp\/v2\/product"}],"about":[{"href":"https:\/\/www.molanoige.com\/ga\/wp-json\/wp\/v2\/types\/product"}],"replies":[{"embeddable":true,"href":"https:\/\/www.molanoige.com\/ga\/wp-json\/wp\/v2\/comments?post=13157"}],"wp:featuredmedia":[{"embeddable":true,"href":"https:\/\/www.molanoige.com\/ga\/wp-json\/wp\/v2\/media\/13158"}],"wp:attachment":[{"href":"https:\/\/www.molanoige.com\/ga\/wp-json\/wp\/v2\/media?parent=13157"}],"wp:term":[{"taxonomy":"product_brand","embeddable":true,"href":"https:\/\/www.molanoige.com\/ga\/wp-json\/wp\/v2\/product_brand?post=13157"},{"taxonomy":"product_cat","embeddable":true,"href":"https:\/\/www.molanoige.com\/ga\/wp-json\/wp\/v2\/product_cat?post=13157"},{"taxonomy":"product_tag","embeddable":true,"href":"https:\/\/www.molanoige.com\/ga\/wp-json\/wp\/v2\/product_tag?post=13157"}],"curies":[{"name":"wp","href":"https:\/\/api.w.org\/{rel}","templated":true}]}}