{"id":13153,"date":"2021-11-11T12:38:47","date_gmt":"2021-11-11T12:38:47","guid":{"rendered":"https:\/\/www.molanoige.com\/product\/happy-birthday-pencils-thermo-colour-changing\/"},"modified":"2026-02-02T18:15:21","modified_gmt":"2026-02-02T18:15:21","slug":"happy-birthday-pencils-thermo-colour-changing","status":"publish","type":"product","link":"https:\/\/www.molanoige.com\/ga\/product\/happy-birthday-pencils-thermo-colour-changing\/","title":{"rendered":"Peann luaidhe teirmeach a athra\u00edonn dath!"},"content":{"rendered":"<p>F\u00e9ach ar na pinn luaidhe seo ag athr\u00fa datha le gach teagmh\u00e1il!! WOW <\/p>\n<p>Priont\u00e1ilte le teachtaireacht breithl\u00e1 sona, is rud riachtanach iad pinn luaidhe mar seo le haghaidh bileoga bronntanais do dhalta\u00ed. N\u00edl le d\u00e9anamh agat ach cuid acu a chur i m\u00e1la earra\u00ed le sol\u00e1thairt\u00ed ranga eile le go mbainfidh an cail\u00edn n\u00f3 an buachaill breithl\u00e1 speisialta taitneamh astu. <\/p>\n<p>12 pheann luaidhe in aghaidh an phac\u00e1iste<\/p>\n","protected":false},"excerpt":{"rendered":"<p>F\u00e9ach ar na pinn luaidhe seo ag athr\u00fa datha le gach teagmh\u00e1il!! WOW Priont\u00e1ilte le teachtaireacht breithl\u00e1 sona, is rud riachtanach iad pinn luaidhe mar seo le haghaidh bileoga bronntanais do dhalta\u00ed. N\u00edl le d\u00e9anamh agat ach cuid acu a chur i m\u00e1la earra\u00ed le sol\u00e1thairt\u00ed ranga eile le go mbainfidh an cail\u00edn n\u00f3 an [&hellip;]<\/p>\n","protected":false},"featured_media":13154,"comment_status":"open","ping_status":"closed","template":"","meta":{"_exactmetrics_skip_tracking":false,"_exactmetrics_sitenote_active":false,"_exactmetrics_sitenote_note":"","_exactmetrics_sitenote_category":0,"site-sidebar-layout":"default","site-content-layout":"default","ast-site-content-layout":"default","site-content-style":"default","site-sidebar-style":"default","ast-global-header-display":"","ast-banner-title-visibility":"","ast-main-header-display":"","ast-hfb-above-header-display":"","ast-hfb-below-header-display":"","ast-hfb-mobile-header-display":"","site-post-title":"","ast-breadcrumbs-content":"","ast-featured-img":"","footer-sml-layout":"","theme-transparent-header-meta":"default","adv-header-id-meta":"","stick-header-meta":"","header-above-stick-meta":"","header-main-stick-meta":"","header-below-stick-meta":"","astra-migrate-meta-layouts":"default","ast-page-background-enabled":"default","ast-page-background-meta":{"desktop":{"background-color":"","background-image":"","background-repeat":"repeat","background-position":"center center","background-size":"auto","background-attachment":"scroll","background-type":"","background-media":"","overlay-type":"","overlay-color":"","overlay-opacity":"","overlay-gradient":""},"tablet":{"background-color":"","background-image":"","background-repeat":"repeat","background-position":"center center","background-size":"auto","background-attachment":"scroll","background-type":"","background-media":"","overlay-type":"","overlay-color":"","overlay-opacity":"","overlay-gradient":""},"mobile":{"background-color":"","background-image":"","background-repeat":"repeat","background-position":"center center","background-size":"auto","background-attachment":"scroll","background-type":"","background-media":"","overlay-type":"","overlay-color":"","overlay-opacity":"","overlay-gradient":""}},"ast-content-background-meta":{"desktop":{"background-color":"var(--ast-global-color-5)","background-image":"","background-repeat":"repeat","background-position":"center center","background-size":"auto","background-attachment":"scroll","background-type":"","background-media":"","overlay-type":"","overlay-color":"","overlay-opacity":"","overlay-gradient":""},"tablet":{"background-color":"var(--ast-global-color-5)","background-image":"","background-repeat":"repeat","background-position":"center center","background-size":"auto","background-attachment":"scroll","background-type":"","background-media":"","overlay-type":"","overlay-color":"","overlay-opacity":"","overlay-gradient":""},"mobile":{"background-color":"var(--ast-global-color-5)","background-image":"","background-repeat":"repeat","background-position":"center center","background-size":"auto","background-attachment":"scroll","background-type":"","background-media":"","overlay-type":"","overlay-color":"","overlay-opacity":"","overlay-gradient":""}}},"product_brand":[],"product_cat":[799,829,813],"product_tag":[973,964],"class_list":{"0":"post-13153","1":"product","2":"type-product","3":"status-publish","4":"has-post-thumbnail","6":"product_cat-bronntanais-duaiseanna","7":"product_cat-breithla","8":"product_cat-peannluaidhe","9":"product_tag-happy-birthday","10":"product_tag-pencil","11":"desktop-align-left","12":"tablet-align-left","13":"mobile-align-left","15":"first","16":"outofstock","17":"shipping-taxable","18":"purchasable","19":"product-type-simple"},"_links":{"self":[{"href":"https:\/\/www.molanoige.com\/ga\/wp-json\/wp\/v2\/product\/13153","targetHints":{"allow":["GET"]}}],"collection":[{"href":"https:\/\/www.molanoige.com\/ga\/wp-json\/wp\/v2\/product"}],"about":[{"href":"https:\/\/www.molanoige.com\/ga\/wp-json\/wp\/v2\/types\/product"}],"replies":[{"embeddable":true,"href":"https:\/\/www.molanoige.com\/ga\/wp-json\/wp\/v2\/comments?post=13153"}],"wp:featuredmedia":[{"embeddable":true,"href":"https:\/\/www.molanoige.com\/ga\/wp-json\/wp\/v2\/media\/13154"}],"wp:attachment":[{"href":"https:\/\/www.molanoige.com\/ga\/wp-json\/wp\/v2\/media?parent=13153"}],"wp:term":[{"taxonomy":"product_brand","embeddable":true,"href":"https:\/\/www.molanoige.com\/ga\/wp-json\/wp\/v2\/product_brand?post=13153"},{"taxonomy":"product_cat","embeddable":true,"href":"https:\/\/www.molanoige.com\/ga\/wp-json\/wp\/v2\/product_cat?post=13153"},{"taxonomy":"product_tag","embeddable":true,"href":"https:\/\/www.molanoige.com\/ga\/wp-json\/wp\/v2\/product_tag?post=13153"}],"curies":[{"name":"wp","href":"https:\/\/api.w.org\/{rel}","templated":true}]}}