{"id":13145,"date":"2021-11-13T16:02:43","date_gmt":"2021-11-13T16:02:43","guid":{"rendered":"https:\/\/www.molanoige.com\/product\/christmas-bookmarks\/"},"modified":"2026-02-02T18:15:20","modified_gmt":"2026-02-02T18:15:20","slug":"christmas-bookmarks","status":"publish","type":"product","link":"https:\/\/www.molanoige.com\/ga\/product\/christmas-bookmarks\/","title":{"rendered":"LEABHARMHARCANNA NA NOLAG (x12)"},"content":{"rendered":"<p>12 X LEABHARMHARC F\u00c9ILE <\/p>\n<p>L\u00e9igh go leor isteach sna leabharmharcanna Nollag seo, breis iontach ar bhronntanais ranga! Tabhair amach iad do na dalta\u00ed i m\u00e1la earra\u00ed sula bhf\u00e1gann siad do shos na Nollag. <\/p>\n<p>Is bronntanais iontacha iad na leabharmharcanna seo, ina bhfuil ainmhithe gleoite cos\u00fail le leisceoir\u00ed agus llamas agus seanfhocail gleoite, freisin. <\/p>\n<p>2&#8243; x 6&#8243; le rib\u00edn satin<\/p>\n","protected":false},"excerpt":{"rendered":"<p>12 X LEABHARMHARC F\u00c9ILE L\u00e9igh go leor isteach sna leabharmharcanna Nollag seo, breis iontach ar bhronntanais ranga! Tabhair amach iad do na dalta\u00ed i m\u00e1la earra\u00ed sula bhf\u00e1gann siad do shos na Nollag. Is bronntanais iontacha iad na leabharmharcanna seo, ina bhfuil ainmhithe gleoite cos\u00fail le leisceoir\u00ed agus llamas agus seanfhocail gleoite, freisin. 2&#8243; x [&hellip;]<\/p>\n","protected":false},"featured_media":13146,"comment_status":"open","ping_status":"closed","template":"","meta":{"_exactmetrics_skip_tracking":false,"_exactmetrics_sitenote_active":false,"_exactmetrics_sitenote_note":"","_exactmetrics_sitenote_category":0,"site-sidebar-layout":"default","site-content-layout":"default","ast-site-content-layout":"default","site-content-style":"default","site-sidebar-style":"default","ast-global-header-display":"","ast-banner-title-visibility":"","ast-main-header-display":"","ast-hfb-above-header-display":"","ast-hfb-below-header-display":"","ast-hfb-mobile-header-display":"","site-post-title":"","ast-breadcrumbs-content":"","ast-featured-img":"","footer-sml-layout":"","theme-transparent-header-meta":"default","adv-header-id-meta":"","stick-header-meta":"","header-above-stick-meta":"","header-main-stick-meta":"","header-below-stick-meta":"","astra-migrate-meta-layouts":"default","ast-page-background-enabled":"default","ast-page-background-meta":{"desktop":{"background-color":"","background-image":"","background-repeat":"repeat","background-position":"center center","background-size":"auto","background-attachment":"scroll","background-type":"","background-media":"","overlay-type":"","overlay-color":"","overlay-opacity":"","overlay-gradient":""},"tablet":{"background-color":"","background-image":"","background-repeat":"repeat","background-position":"center center","background-size":"auto","background-attachment":"scroll","background-type":"","background-media":"","overlay-type":"","overlay-color":"","overlay-opacity":"","overlay-gradient":""},"mobile":{"background-color":"","background-image":"","background-repeat":"repeat","background-position":"center center","background-size":"auto","background-attachment":"scroll","background-type":"","background-media":"","overlay-type":"","overlay-color":"","overlay-opacity":"","overlay-gradient":""}},"ast-content-background-meta":{"desktop":{"background-color":"var(--ast-global-color-5)","background-image":"","background-repeat":"repeat","background-position":"center center","background-size":"auto","background-attachment":"scroll","background-type":"","background-media":"","overlay-type":"","overlay-color":"","overlay-opacity":"","overlay-gradient":""},"tablet":{"background-color":"var(--ast-global-color-5)","background-image":"","background-repeat":"repeat","background-position":"center center","background-size":"auto","background-attachment":"scroll","background-type":"","background-media":"","overlay-type":"","overlay-color":"","overlay-opacity":"","overlay-gradient":""},"mobile":{"background-color":"var(--ast-global-color-5)","background-image":"","background-repeat":"repeat","background-position":"center center","background-size":"auto","background-attachment":"scroll","background-type":"","background-media":"","overlay-type":"","overlay-color":"","overlay-opacity":"","overlay-gradient":""}}},"product_brand":[],"product_cat":[830,809,779],"product_tag":[980,1181],"class_list":{"0":"post-13145","1":"product","2":"type-product","3":"status-publish","4":"has-post-thumbnail","6":"product_cat-leabharmharcanna","7":"product_cat-nollaig","8":"product_cat-gan-aicmiu","9":"product_tag-bookmark","10":"product_tag-happy-christmas","11":"desktop-align-left","12":"tablet-align-left","13":"mobile-align-left","15":"first","16":"outofstock","17":"shipping-taxable","18":"purchasable","19":"product-type-simple"},"_links":{"self":[{"href":"https:\/\/www.molanoige.com\/ga\/wp-json\/wp\/v2\/product\/13145","targetHints":{"allow":["GET"]}}],"collection":[{"href":"https:\/\/www.molanoige.com\/ga\/wp-json\/wp\/v2\/product"}],"about":[{"href":"https:\/\/www.molanoige.com\/ga\/wp-json\/wp\/v2\/types\/product"}],"replies":[{"embeddable":true,"href":"https:\/\/www.molanoige.com\/ga\/wp-json\/wp\/v2\/comments?post=13145"}],"wp:featuredmedia":[{"embeddable":true,"href":"https:\/\/www.molanoige.com\/ga\/wp-json\/wp\/v2\/media\/13146"}],"wp:attachment":[{"href":"https:\/\/www.molanoige.com\/ga\/wp-json\/wp\/v2\/media?parent=13145"}],"wp:term":[{"taxonomy":"product_brand","embeddable":true,"href":"https:\/\/www.molanoige.com\/ga\/wp-json\/wp\/v2\/product_brand?post=13145"},{"taxonomy":"product_cat","embeddable":true,"href":"https:\/\/www.molanoige.com\/ga\/wp-json\/wp\/v2\/product_cat?post=13145"},{"taxonomy":"product_tag","embeddable":true,"href":"https:\/\/www.molanoige.com\/ga\/wp-json\/wp\/v2\/product_tag?post=13145"}],"curies":[{"name":"wp","href":"https:\/\/api.w.org\/{rel}","templated":true}]}}