{"id":13142,"date":"2021-11-13T16:20:05","date_gmt":"2021-11-13T16:20:05","guid":{"rendered":"https:\/\/www.molanoige.com\/product\/nollaig-shona-pack\/"},"modified":"2026-02-02T18:15:20","modified_gmt":"2026-02-02T18:15:20","slug":"nollaig-shona-pack","status":"publish","type":"product","link":"https:\/\/www.molanoige.com\/ga\/product\/nollaig-shona-pack\/","title":{"rendered":"Nollaig Shona Pack"},"content":{"rendered":"<p>T\u00e1 go leor duaiseanna as Gaeilge anseo, do mh\u00fainteoir\u00ed d\u00e1 dhalta\u00ed don Nollaig.<\/p>\n<div><\/div>\n<div>C\u00e9ard at\u00e1 ann?<\/div>\n<div><\/div>\n<div>Gach rud ba mhaith le pr\u00edomhoid\u00ed scoile bheith acu d\u00e1 gcuid dalta\u00ed don Nollaig seo, chomh maith le go leor duaiseanna \u00e9ags\u00fala.<\/div>\n<div><\/div>\n<div>Taobh istigh de gach paca, t\u00e1:<\/div>\n<p>25 x \u201cNollaig Shona Duit\u201d Notai<\/p>\n<p>12x \u201cNollaig Shona Duit\u201d pinn luaidhe<\/p>\n<p>24 x Greamain<\/p>\n<p>12 Leabharmharcanna f\u00e9ilti\u00fala, le gn\u00edomha\u00edochta\u00ed spra\u00ed\u00fala ar ch\u00fal gach ceann acu, le d\u00e9anamh ag na dalta\u00ed.<\/p>\n","protected":false},"excerpt":{"rendered":"<p>T\u00e1 go leor duaiseanna as Gaeilge anseo, do mh\u00fainteoir\u00ed d\u00e1 dhalta\u00ed don Nollaig. C\u00e9ard at\u00e1 ann? Gach rud ba mhaith le pr\u00edomhoid\u00ed scoile bheith acu d\u00e1 gcuid dalta\u00ed don Nollaig seo, chomh maith le go leor duaiseanna \u00e9ags\u00fala. Taobh istigh de gach paca, t\u00e1: 25 x \u201cNollaig Shona Duit\u201d Notai 12x \u201cNollaig Shona Duit\u201d pinn [&hellip;]<\/p>\n","protected":false},"featured_media":13144,"comment_status":"open","ping_status":"closed","template":"","meta":{"_exactmetrics_skip_tracking":false,"_exactmetrics_sitenote_active":false,"_exactmetrics_sitenote_note":"","_exactmetrics_sitenote_category":0,"site-sidebar-layout":"default","site-content-layout":"default","ast-site-content-layout":"default","site-content-style":"default","site-sidebar-style":"default","ast-global-header-display":"","ast-banner-title-visibility":"","ast-main-header-display":"","ast-hfb-above-header-display":"","ast-hfb-below-header-display":"","ast-hfb-mobile-header-display":"","site-post-title":"","ast-breadcrumbs-content":"","ast-featured-img":"","footer-sml-layout":"","theme-transparent-header-meta":"default","adv-header-id-meta":"","stick-header-meta":"","header-above-stick-meta":"","header-main-stick-meta":"","header-below-stick-meta":"","astra-migrate-meta-layouts":"default","ast-page-background-enabled":"default","ast-page-background-meta":{"desktop":{"background-color":"","background-image":"","background-repeat":"repeat","background-position":"center center","background-size":"auto","background-attachment":"scroll","background-type":"","background-media":"","overlay-type":"","overlay-color":"","overlay-opacity":"","overlay-gradient":""},"tablet":{"background-color":"","background-image":"","background-repeat":"repeat","background-position":"center center","background-size":"auto","background-attachment":"scroll","background-type":"","background-media":"","overlay-type":"","overlay-color":"","overlay-opacity":"","overlay-gradient":""},"mobile":{"background-color":"","background-image":"","background-repeat":"repeat","background-position":"center center","background-size":"auto","background-attachment":"scroll","background-type":"","background-media":"","overlay-type":"","overlay-color":"","overlay-opacity":"","overlay-gradient":""}},"ast-content-background-meta":{"desktop":{"background-color":"var(--ast-global-color-5)","background-image":"","background-repeat":"repeat","background-position":"center center","background-size":"auto","background-attachment":"scroll","background-type":"","background-media":"","overlay-type":"","overlay-color":"","overlay-opacity":"","overlay-gradient":""},"tablet":{"background-color":"var(--ast-global-color-5)","background-image":"","background-repeat":"repeat","background-position":"center center","background-size":"auto","background-attachment":"scroll","background-type":"","background-media":"","overlay-type":"","overlay-color":"","overlay-opacity":"","overlay-gradient":""},"mobile":{"background-color":"var(--ast-global-color-5)","background-image":"","background-repeat":"repeat","background-position":"center center","background-size":"auto","background-attachment":"scroll","background-type":"","background-media":"","overlay-type":"","overlay-color":"","overlay-opacity":"","overlay-gradient":""}}},"product_brand":[],"product_cat":[793,825,809],"product_tag":[958,1043],"class_list":{"0":"post-13142","1":"product","2":"type-product","3":"status-publish","4":"has-post-thumbnail","6":"product_cat-gaeilge","7":"product_cat-pacai","8":"product_cat-nollaig","9":"product_tag-nollaig-shona","10":"product_tag-nollaig-shona-duit","11":"desktop-align-left","12":"tablet-align-left","13":"mobile-align-left","15":"first","16":"outofstock","17":"shipping-taxable","18":"purchasable","19":"product-type-simple"},"_links":{"self":[{"href":"https:\/\/www.molanoige.com\/ga\/wp-json\/wp\/v2\/product\/13142","targetHints":{"allow":["GET"]}}],"collection":[{"href":"https:\/\/www.molanoige.com\/ga\/wp-json\/wp\/v2\/product"}],"about":[{"href":"https:\/\/www.molanoige.com\/ga\/wp-json\/wp\/v2\/types\/product"}],"replies":[{"embeddable":true,"href":"https:\/\/www.molanoige.com\/ga\/wp-json\/wp\/v2\/comments?post=13142"}],"wp:featuredmedia":[{"embeddable":true,"href":"https:\/\/www.molanoige.com\/ga\/wp-json\/wp\/v2\/media\/13144"}],"wp:attachment":[{"href":"https:\/\/www.molanoige.com\/ga\/wp-json\/wp\/v2\/media?parent=13142"}],"wp:term":[{"taxonomy":"product_brand","embeddable":true,"href":"https:\/\/www.molanoige.com\/ga\/wp-json\/wp\/v2\/product_brand?post=13142"},{"taxonomy":"product_cat","embeddable":true,"href":"https:\/\/www.molanoige.com\/ga\/wp-json\/wp\/v2\/product_cat?post=13142"},{"taxonomy":"product_tag","embeddable":true,"href":"https:\/\/www.molanoige.com\/ga\/wp-json\/wp\/v2\/product_tag?post=13142"}],"curies":[{"name":"wp","href":"https:\/\/api.w.org\/{rel}","templated":true}]}}