{"id":13123,"date":"2021-11-14T12:26:43","date_gmt":"2021-11-14T12:26:43","guid":{"rendered":"https:\/\/www.molanoige.com\/product\/christmas-personalised-stickers\/"},"modified":"2026-02-02T18:15:22","modified_gmt":"2026-02-02T18:15:22","slug":"christmas-personalised-stickers","status":"publish","type":"product","link":"https:\/\/www.molanoige.com\/ga\/product\/christmas-personalised-stickers\/","title":{"rendered":"Gream\u00e1in Phearsantaithe Nollag"},"content":{"rendered":"<p>24 gream\u00e1n m\u00f3ra <\/p>\n<p> <strong>Roghnaigh ceann amh\u00e1in de na 16 \u00edomh\u00e1 at\u00e1 le feice\u00e1il sa phicti\u00far thuas agus cuir isteach t\u00e9acs pearsantaithe ar mhaith leat a bheith ar an ngream\u00e1n.<\/strong> <\/p>\n<p>Tabhair faoi deara, le do thoil, go bhf\u00e9adfadh s\u00e9 suas le 7 l\u00e1 a th\u00f3g\u00e1il chun t\u00e1irg\u00ed pearsantaithe a mhonar\u00fa<\/p>\n","protected":false},"excerpt":{"rendered":"<p><strong>Roghnaigh ceann amh\u00e1in de na 16 \u00edomh\u00e1 at\u00e1 le feice\u00e1il sa phicti\u00far thuas agus cuir isteach t\u00e9acs pearsantaithe ar mhaith leat a bheith ar an ngream\u00e1n.<\/strong><\/p>\n","protected":false},"featured_media":13125,"comment_status":"open","ping_status":"closed","template":"","meta":{"_exactmetrics_skip_tracking":false,"_exactmetrics_sitenote_active":false,"_exactmetrics_sitenote_note":"","_exactmetrics_sitenote_category":0,"site-sidebar-layout":"default","site-content-layout":"default","ast-site-content-layout":"default","site-content-style":"default","site-sidebar-style":"default","ast-global-header-display":"","ast-banner-title-visibility":"","ast-main-header-display":"","ast-hfb-above-header-display":"","ast-hfb-below-header-display":"","ast-hfb-mobile-header-display":"","site-post-title":"","ast-breadcrumbs-content":"","ast-featured-img":"","footer-sml-layout":"","theme-transparent-header-meta":"default","adv-header-id-meta":"","stick-header-meta":"","header-above-stick-meta":"","header-main-stick-meta":"","header-below-stick-meta":"","astra-migrate-meta-layouts":"default","ast-page-background-enabled":"default","ast-page-background-meta":{"desktop":{"background-color":"","background-image":"","background-repeat":"repeat","background-position":"center center","background-size":"auto","background-attachment":"scroll","background-type":"","background-media":"","overlay-type":"","overlay-color":"","overlay-opacity":"","overlay-gradient":""},"tablet":{"background-color":"","background-image":"","background-repeat":"repeat","background-position":"center center","background-size":"auto","background-attachment":"scroll","background-type":"","background-media":"","overlay-type":"","overlay-color":"","overlay-opacity":"","overlay-gradient":""},"mobile":{"background-color":"","background-image":"","background-repeat":"repeat","background-position":"center center","background-size":"auto","background-attachment":"scroll","background-type":"","background-media":"","overlay-type":"","overlay-color":"","overlay-opacity":"","overlay-gradient":""}},"ast-content-background-meta":{"desktop":{"background-color":"var(--ast-global-color-5)","background-image":"","background-repeat":"repeat","background-position":"center center","background-size":"auto","background-attachment":"scroll","background-type":"","background-media":"","overlay-type":"","overlay-color":"","overlay-opacity":"","overlay-gradient":""},"tablet":{"background-color":"var(--ast-global-color-5)","background-image":"","background-repeat":"repeat","background-position":"center center","background-size":"auto","background-attachment":"scroll","background-type":"","background-media":"","overlay-type":"","overlay-color":"","overlay-opacity":"","overlay-gradient":""},"mobile":{"background-color":"var(--ast-global-color-5)","background-image":"","background-repeat":"repeat","background-position":"center center","background-size":"auto","background-attachment":"scroll","background-type":"","background-media":"","overlay-type":"","overlay-color":"","overlay-opacity":"","overlay-gradient":""}}},"product_brand":[],"product_cat":[793,837,818,809],"product_tag":[954,1054,958],"class_list":{"0":"post-13123","1":"product","2":"type-product","3":"status-publish","4":"has-post-thumbnail","6":"product_cat-gaeilge","7":"product_cat-greamain-2","8":"product_cat-greamain-phearsantaithe","9":"product_cat-nollaig","10":"product_tag-christmas","11":"product_tag-christmas-stickers","12":"product_tag-nollaig-shona","13":"desktop-align-left","14":"tablet-align-left","15":"mobile-align-left","17":"first","18":"instock","19":"featured","20":"shipping-taxable","21":"purchasable","22":"product-type-variable"},"_links":{"self":[{"href":"https:\/\/www.molanoige.com\/ga\/wp-json\/wp\/v2\/product\/13123","targetHints":{"allow":["GET"]}}],"collection":[{"href":"https:\/\/www.molanoige.com\/ga\/wp-json\/wp\/v2\/product"}],"about":[{"href":"https:\/\/www.molanoige.com\/ga\/wp-json\/wp\/v2\/types\/product"}],"replies":[{"embeddable":true,"href":"https:\/\/www.molanoige.com\/ga\/wp-json\/wp\/v2\/comments?post=13123"}],"wp:featuredmedia":[{"embeddable":true,"href":"https:\/\/www.molanoige.com\/ga\/wp-json\/wp\/v2\/media\/13125"}],"wp:attachment":[{"href":"https:\/\/www.molanoige.com\/ga\/wp-json\/wp\/v2\/media?parent=13123"}],"wp:term":[{"taxonomy":"product_brand","embeddable":true,"href":"https:\/\/www.molanoige.com\/ga\/wp-json\/wp\/v2\/product_brand?post=13123"},{"taxonomy":"product_cat","embeddable":true,"href":"https:\/\/www.molanoige.com\/ga\/wp-json\/wp\/v2\/product_cat?post=13123"},{"taxonomy":"product_tag","embeddable":true,"href":"https:\/\/www.molanoige.com\/ga\/wp-json\/wp\/v2\/product_tag?post=13123"}],"curies":[{"name":"wp","href":"https:\/\/api.w.org\/{rel}","templated":true}]}}