{"id":13092,"date":"2022-01-01T19:21:07","date_gmt":"2022-01-01T19:21:07","guid":{"rendered":"https:\/\/www.molanoige.com\/product\/wristband-sports-star\/"},"modified":"2026-02-02T18:15:15","modified_gmt":"2026-02-02T18:15:15","slug":"wristband-sports-star","status":"publish","type":"product","link":"https:\/\/www.molanoige.com\/ga\/product\/wristband-sports-star\/","title":{"rendered":"Banda l\u00e1imhe: R\u00e9alta Sp\u00f3irt"},"content":{"rendered":"<p>Tabhair luach saothair do rannph\u00e1irtithe Sp\u00f3irt leis na banda\u00ed l\u00e1imhe seo de chuid Sports Star \u2013 oiri\u00fanach do gach duine chun comhghairdeas a dh\u00e9anamh lena n-iarracht agus lena rannph\u00e1irt\u00edocht i L\u00e1 Sp\u00f3irt n\u00f3 i sp\u00f3irt foirne. <\/p>\n<p>30 banda l\u00e1imhe comhionanna in aghaidh an phac\u00e1iste.<br \/>\nTomhaiseann na banda\u00ed l\u00e1imhe 220mm x 15mm agus ceangla\u00edtear iad timpeall l\u00e1imhe gach linbh.<\/p>\n","protected":false},"excerpt":{"rendered":"<p>Tabhair luach saothair do rannph\u00e1irtithe Sp\u00f3irt leis na banda\u00ed l\u00e1imhe seo de chuid Sports Star \u2013 oiri\u00fanach do gach duine chun comhghairdeas a dh\u00e9anamh lena n-iarracht agus lena rannph\u00e1irt\u00edocht i L\u00e1 Sp\u00f3irt n\u00f3 i sp\u00f3irt foirne. 30 banda l\u00e1imhe comhionanna in aghaidh an phac\u00e1iste. Tomhaiseann na banda\u00ed l\u00e1imhe 220mm x 15mm agus ceangla\u00edtear iad timpeall [&hellip;]<\/p>\n","protected":false},"featured_media":13094,"comment_status":"open","ping_status":"closed","template":"","meta":{"_exactmetrics_skip_tracking":false,"_exactmetrics_sitenote_active":false,"_exactmetrics_sitenote_note":"","_exactmetrics_sitenote_category":0,"site-sidebar-layout":"default","site-content-layout":"","ast-site-content-layout":"default","site-content-style":"default","site-sidebar-style":"default","ast-global-header-display":"","ast-banner-title-visibility":"","ast-main-header-display":"","ast-hfb-above-header-display":"","ast-hfb-below-header-display":"","ast-hfb-mobile-header-display":"","site-post-title":"","ast-breadcrumbs-content":"","ast-featured-img":"","footer-sml-layout":"","theme-transparent-header-meta":"","adv-header-id-meta":"","stick-header-meta":"","header-above-stick-meta":"","header-main-stick-meta":"","header-below-stick-meta":"","astra-migrate-meta-layouts":"default","ast-page-background-enabled":"default","ast-page-background-meta":{"desktop":{"background-color":"","background-image":"","background-repeat":"repeat","background-position":"center center","background-size":"auto","background-attachment":"scroll","background-type":"","background-media":"","overlay-type":"","overlay-color":"","overlay-opacity":"","overlay-gradient":""},"tablet":{"background-color":"","background-image":"","background-repeat":"repeat","background-position":"center center","background-size":"auto","background-attachment":"scroll","background-type":"","background-media":"","overlay-type":"","overlay-color":"","overlay-opacity":"","overlay-gradient":""},"mobile":{"background-color":"","background-image":"","background-repeat":"repeat","background-position":"center center","background-size":"auto","background-attachment":"scroll","background-type":"","background-media":"","overlay-type":"","overlay-color":"","overlay-opacity":"","overlay-gradient":""}},"ast-content-background-meta":{"desktop":{"background-color":"var(--ast-global-color-5)","background-image":"","background-repeat":"repeat","background-position":"center center","background-size":"auto","background-attachment":"scroll","background-type":"","background-media":"","overlay-type":"","overlay-color":"","overlay-opacity":"","overlay-gradient":""},"tablet":{"background-color":"var(--ast-global-color-5)","background-image":"","background-repeat":"repeat","background-position":"center center","background-size":"auto","background-attachment":"scroll","background-type":"","background-media":"","overlay-type":"","overlay-color":"","overlay-opacity":"","overlay-gradient":""},"mobile":{"background-color":"var(--ast-global-color-5)","background-image":"","background-repeat":"repeat","background-position":"center center","background-size":"auto","background-attachment":"scroll","background-type":"","background-media":"","overlay-type":"","overlay-color":"","overlay-opacity":"","overlay-gradient":""}}},"product_brand":[],"product_cat":[827,824],"product_tag":[950,1172,1173],"class_list":{"0":"post-13092","1":"product","2":"type-product","3":"status-publish","4":"has-post-thumbnail","6":"product_cat-bandai","7":"product_cat-sport","8":"product_tag-reward","9":"product_tag-sport","10":"product_tag-wristband","11":"desktop-align-left","12":"tablet-align-left","13":"mobile-align-left","15":"first","16":"instock","17":"shipping-taxable","18":"purchasable","19":"product-type-simple"},"_links":{"self":[{"href":"https:\/\/www.molanoige.com\/ga\/wp-json\/wp\/v2\/product\/13092","targetHints":{"allow":["GET"]}}],"collection":[{"href":"https:\/\/www.molanoige.com\/ga\/wp-json\/wp\/v2\/product"}],"about":[{"href":"https:\/\/www.molanoige.com\/ga\/wp-json\/wp\/v2\/types\/product"}],"replies":[{"embeddable":true,"href":"https:\/\/www.molanoige.com\/ga\/wp-json\/wp\/v2\/comments?post=13092"}],"wp:featuredmedia":[{"embeddable":true,"href":"https:\/\/www.molanoige.com\/ga\/wp-json\/wp\/v2\/media\/13094"}],"wp:attachment":[{"href":"https:\/\/www.molanoige.com\/ga\/wp-json\/wp\/v2\/media?parent=13092"}],"wp:term":[{"taxonomy":"product_brand","embeddable":true,"href":"https:\/\/www.molanoige.com\/ga\/wp-json\/wp\/v2\/product_brand?post=13092"},{"taxonomy":"product_cat","embeddable":true,"href":"https:\/\/www.molanoige.com\/ga\/wp-json\/wp\/v2\/product_cat?post=13092"},{"taxonomy":"product_tag","embeddable":true,"href":"https:\/\/www.molanoige.com\/ga\/wp-json\/wp\/v2\/product_tag?post=13092"}],"curies":[{"name":"wp","href":"https:\/\/api.w.org\/{rel}","templated":true}]}}