{"id":13055,"date":"2022-01-06T13:37:59","date_gmt":"2022-01-06T13:37:59","guid":{"rendered":"https:\/\/www.molanoige.com\/product\/top-up-pack\/"},"modified":"2026-02-02T18:15:09","modified_gmt":"2026-02-02T18:15:09","slug":"top-up-pack","status":"publish","type":"product","link":"https:\/\/www.molanoige.com\/ga\/product\/top-up-pack\/","title":{"rendered":"Pac\u00e1iste Barr Suas"},"content":{"rendered":"<p>T\u00e1 coigilteas ollmh\u00f3r ann leis an bpac\u00e1iste breise seo mar is f\u00e9idir le m\u00ed Ean\u00e1ir a bheith deacair do gach duine at\u00e1 p\u00e1irteach ann <\/p>\n<p>5 x leabhr\u00e1n 40 leathanach le tabhairt amach do do scol\u00e1ir\u00ed go l\u00e9ir <\/p>\n<p>5 x paic\u00e9ad gream\u00e1n <\/p>\n<p>20 x Comhartha\u00ed Gn\u00f3thacht\u00e1la M\u00f3ire <\/p>\n<p>4 x Peann oibre maith le haghaidh obair foirne <\/p>\n","protected":false},"excerpt":{"rendered":"<p>T\u00e1 coigilteas ollmh\u00f3r ann leis an bpac\u00e1iste breise seo mar is f\u00e9idir le m\u00ed Ean\u00e1ir a bheith deacair do gach duine at\u00e1 p\u00e1irteach ann 5 x leabhr\u00e1n 40 leathanach le tabhairt amach do do scol\u00e1ir\u00ed go l\u00e9ir 5 x paic\u00e9ad gream\u00e1n 20 x Comhartha\u00ed Gn\u00f3thacht\u00e1la M\u00f3ire 4 x Peann oibre maith le haghaidh obair foirne<\/p>\n","protected":false},"featured_media":13056,"comment_status":"open","ping_status":"closed","template":"","meta":{"_exactmetrics_skip_tracking":false,"_exactmetrics_sitenote_active":false,"_exactmetrics_sitenote_note":"","_exactmetrics_sitenote_category":0,"site-sidebar-layout":"default","site-content-layout":"default","ast-site-content-layout":"default","site-content-style":"default","site-sidebar-style":"default","ast-global-header-display":"","ast-banner-title-visibility":"","ast-main-header-display":"","ast-hfb-above-header-display":"","ast-hfb-below-header-display":"","ast-hfb-mobile-header-display":"","site-post-title":"","ast-breadcrumbs-content":"","ast-featured-img":"","footer-sml-layout":"","theme-transparent-header-meta":"default","adv-header-id-meta":"","stick-header-meta":"","header-above-stick-meta":"","header-main-stick-meta":"","header-below-stick-meta":"","astra-migrate-meta-layouts":"default","ast-page-background-enabled":"default","ast-page-background-meta":{"desktop":{"background-color":"","background-image":"","background-repeat":"repeat","background-position":"center center","background-size":"auto","background-attachment":"scroll","background-type":"","background-media":"","overlay-type":"","overlay-color":"","overlay-opacity":"","overlay-gradient":""},"tablet":{"background-color":"","background-image":"","background-repeat":"repeat","background-position":"center center","background-size":"auto","background-attachment":"scroll","background-type":"","background-media":"","overlay-type":"","overlay-color":"","overlay-opacity":"","overlay-gradient":""},"mobile":{"background-color":"","background-image":"","background-repeat":"repeat","background-position":"center center","background-size":"auto","background-attachment":"scroll","background-type":"","background-media":"","overlay-type":"","overlay-color":"","overlay-opacity":"","overlay-gradient":""}},"ast-content-background-meta":{"desktop":{"background-color":"var(--ast-global-color-5)","background-image":"","background-repeat":"repeat","background-position":"center center","background-size":"auto","background-attachment":"scroll","background-type":"","background-media":"","overlay-type":"","overlay-color":"","overlay-opacity":"","overlay-gradient":""},"tablet":{"background-color":"var(--ast-global-color-5)","background-image":"","background-repeat":"repeat","background-position":"center center","background-size":"auto","background-attachment":"scroll","background-type":"","background-media":"","overlay-type":"","overlay-color":"","overlay-opacity":"","overlay-gradient":""},"mobile":{"background-color":"var(--ast-global-color-5)","background-image":"","background-repeat":"repeat","background-position":"center center","background-size":"auto","background-attachment":"scroll","background-type":"","background-media":"","overlay-type":"","overlay-color":"","overlay-opacity":"","overlay-gradient":""}}},"product_brand":[],"product_cat":[799,825],"product_tag":[1164,991,1165],"class_list":{"0":"post-13055","1":"product","2":"type-product","3":"status-publish","4":"has-post-thumbnail","6":"product_cat-bronntanais-duaiseanna","7":"product_cat-pacai","8":"product_tag-back-to-school-packs","9":"product_tag-rewards","10":"product_tag-savings","11":"desktop-align-left","12":"tablet-align-left","13":"mobile-align-left","15":"first","16":"instock","17":"sale","18":"shipping-taxable","19":"purchasable","20":"product-type-simple"},"_links":{"self":[{"href":"https:\/\/www.molanoige.com\/ga\/wp-json\/wp\/v2\/product\/13055","targetHints":{"allow":["GET"]}}],"collection":[{"href":"https:\/\/www.molanoige.com\/ga\/wp-json\/wp\/v2\/product"}],"about":[{"href":"https:\/\/www.molanoige.com\/ga\/wp-json\/wp\/v2\/types\/product"}],"replies":[{"embeddable":true,"href":"https:\/\/www.molanoige.com\/ga\/wp-json\/wp\/v2\/comments?post=13055"}],"wp:featuredmedia":[{"embeddable":true,"href":"https:\/\/www.molanoige.com\/ga\/wp-json\/wp\/v2\/media\/13056"}],"wp:attachment":[{"href":"https:\/\/www.molanoige.com\/ga\/wp-json\/wp\/v2\/media?parent=13055"}],"wp:term":[{"taxonomy":"product_brand","embeddable":true,"href":"https:\/\/www.molanoige.com\/ga\/wp-json\/wp\/v2\/product_brand?post=13055"},{"taxonomy":"product_cat","embeddable":true,"href":"https:\/\/www.molanoige.com\/ga\/wp-json\/wp\/v2\/product_cat?post=13055"},{"taxonomy":"product_tag","embeddable":true,"href":"https:\/\/www.molanoige.com\/ga\/wp-json\/wp\/v2\/product_tag?post=13055"}],"curies":[{"name":"wp","href":"https:\/\/api.w.org\/{rel}","templated":true}]}}