{"id":13048,"date":"2022-01-06T15:22:20","date_gmt":"2022-01-06T15:22:20","guid":{"rendered":"https:\/\/www.molanoige.com\/product\/personalised-badges\/"},"modified":"2026-02-02T19:26:18","modified_gmt":"2026-02-02T19:26:18","slug":"personalised-badges","status":"publish","type":"product","link":"https:\/\/www.molanoige.com\/ga\/product\/personalised-badges\/","title":{"rendered":"Suaitheantais phearsantaithe"},"content":{"rendered":"<p>Is \u00e9 an t-\u00edosord\u00fa n\u00e1 sraith de 20 suaitheantas<\/p>\n<p>\u00d3 \u20ac1.29 an suaitheantas pearsantaithe<\/p>\n<p>Is f\u00e9idir ord\u00fa a dh\u00e9anamh i sraitheanna de 20, 30 srl. chun an l\u00edon riachtanach a bhaint amach<\/p>\n<p>Faigh do shraith f\u00e9in de shuaitheantais do do rang, d\u2019fhoireann n\u00f3 do do scoil ar fad<\/p>\n<p>N\u00edl le d\u00e9anamh ach an t\u00e9acs agus an \u00edomh\u00e1 ar mhaith leat a \u00fas\u00e1id a chur chugainn<\/p>\n<p>Is f\u00e9idir l\u00f3g\u00f3nna scoile srl. a sheoladh chuig info@molanoige.com agus beidh orthu a bheith sa mh\u00e9id comhaid cu\u00ed le go n-oibreoidh siad i gceart<\/p>\n<p>T\u00e1 dearadh amh\u00e1in san \u00e1ireamh sa phraghas. Cuir in i\u00fal d\u00fainn dath an t\u00e9acs, le do thoil. Gearrfar t\u00e1ille bhreise ar aon eagarth\u00f3ireacht bhreise  <\/p>\n<p>Tabhair faoi deara le do thoil go bhf\u00e9adfadh s\u00e9 suas le 7 l\u00e1 a th\u00f3g\u00e1il chun t\u00e1irg\u00ed pearsantaithe a dh\u00e9anamh<\/p>\n","protected":false},"excerpt":{"rendered":"<p>Seol an t\u00e9acs is mian leat agus an \u00edomh\u00e1 is mian leat a \u00fas\u00e1id sna n\u00f3ta\u00ed ag an tseice\u00e1il amach.<br \/>\nIs f\u00e9idir l\u00f3g\u00f3nna scoile etc. a sheoladh chuig info@molanoige.com agus n\u00ed m\u00f3r d\u00f3ibh a bheith den mh\u00e9id comhaid ceart le bheith ag obair leo<br \/>\nT\u00e1 dearadh amh\u00e1in san \u00e1ireamh sa phraghas.<\/p>\n","protected":false},"featured_media":13050,"comment_status":"open","ping_status":"closed","template":"","meta":{"_exactmetrics_skip_tracking":false,"_exactmetrics_sitenote_active":false,"_exactmetrics_sitenote_note":"","_exactmetrics_sitenote_category":0,"site-sidebar-layout":"default","site-content-layout":"default","ast-site-content-layout":"default","site-content-style":"default","site-sidebar-style":"default","ast-global-header-display":"","ast-banner-title-visibility":"","ast-main-header-display":"","ast-hfb-above-header-display":"","ast-hfb-below-header-display":"","ast-hfb-mobile-header-display":"","site-post-title":"","ast-breadcrumbs-content":"","ast-featured-img":"","footer-sml-layout":"","theme-transparent-header-meta":"default","adv-header-id-meta":"","stick-header-meta":"","header-above-stick-meta":"","header-main-stick-meta":"","header-below-stick-meta":"","astra-migrate-meta-layouts":"set","ast-page-background-enabled":"default","ast-page-background-meta":{"desktop":{"background-color":"","background-image":"","background-repeat":"repeat","background-position":"center center","background-size":"auto","background-attachment":"scroll","background-type":"","background-media":"","overlay-type":"","overlay-color":"","overlay-opacity":"","overlay-gradient":""},"tablet":{"background-color":"","background-image":"","background-repeat":"repeat","background-position":"center center","background-size":"auto","background-attachment":"scroll","background-type":"","background-media":"","overlay-type":"","overlay-color":"","overlay-opacity":"","overlay-gradient":""},"mobile":{"background-color":"","background-image":"","background-repeat":"repeat","background-position":"center center","background-size":"auto","background-attachment":"scroll","background-type":"","background-media":"","overlay-type":"","overlay-color":"","overlay-opacity":"","overlay-gradient":""}},"ast-content-background-meta":{"desktop":{"background-color":"var(--ast-global-color-5)","background-image":"","background-repeat":"repeat","background-position":"center center","background-size":"auto","background-attachment":"scroll","background-type":"","background-media":"","overlay-type":"","overlay-color":"","overlay-opacity":"","overlay-gradient":""},"tablet":{"background-color":"var(--ast-global-color-5)","background-image":"","background-repeat":"repeat","background-position":"center center","background-size":"auto","background-attachment":"scroll","background-type":"","background-media":"","overlay-type":"","overlay-color":"","overlay-opacity":"","overlay-gradient":""},"mobile":{"background-color":"var(--ast-global-color-5)","background-image":"","background-repeat":"repeat","background-position":"center center","background-size":"auto","background-attachment":"scroll","background-type":"","background-media":"","overlay-type":"","overlay-color":"","overlay-opacity":"","overlay-gradient":""}}},"product_brand":[],"product_cat":[792,815],"product_tag":[1007,1162,1163,1008],"class_list":{"0":"post-13048","1":"product","2":"type-product","3":"status-publish","4":"has-post-thumbnail","6":"product_cat-suaitheantais","7":"product_cat-suaitheantais-phearsantaithe","8":"product_tag-badges","9":"product_tag-personalised","10":"product_tag-personalised-badges","11":"product_tag-suaitheantais","12":"desktop-align-left","13":"tablet-align-left","14":"mobile-align-left","16":"first","17":"instock","18":"shipping-taxable","19":"purchasable","20":"product-type-variable"},"_links":{"self":[{"href":"https:\/\/www.molanoige.com\/ga\/wp-json\/wp\/v2\/product\/13048","targetHints":{"allow":["GET"]}}],"collection":[{"href":"https:\/\/www.molanoige.com\/ga\/wp-json\/wp\/v2\/product"}],"about":[{"href":"https:\/\/www.molanoige.com\/ga\/wp-json\/wp\/v2\/types\/product"}],"replies":[{"embeddable":true,"href":"https:\/\/www.molanoige.com\/ga\/wp-json\/wp\/v2\/comments?post=13048"}],"wp:featuredmedia":[{"embeddable":true,"href":"https:\/\/www.molanoige.com\/ga\/wp-json\/wp\/v2\/media\/13050"}],"wp:attachment":[{"href":"https:\/\/www.molanoige.com\/ga\/wp-json\/wp\/v2\/media?parent=13048"}],"wp:term":[{"taxonomy":"product_brand","embeddable":true,"href":"https:\/\/www.molanoige.com\/ga\/wp-json\/wp\/v2\/product_brand?post=13048"},{"taxonomy":"product_cat","embeddable":true,"href":"https:\/\/www.molanoige.com\/ga\/wp-json\/wp\/v2\/product_cat?post=13048"},{"taxonomy":"product_tag","embeddable":true,"href":"https:\/\/www.molanoige.com\/ga\/wp-json\/wp\/v2\/product_tag?post=13048"}],"curies":[{"name":"wp","href":"https:\/\/api.w.org\/{rel}","templated":true}]}}