{"id":13041,"date":"2022-01-27T11:29:00","date_gmt":"2022-01-27T11:29:00","guid":{"rendered":"https:\/\/www.molanoige.com\/product\/super-value-sticker-pack\/"},"modified":"2026-02-02T18:15:08","modified_gmt":"2026-02-02T18:15:08","slug":"super-value-sticker-pack","status":"publish","type":"product","link":"https:\/\/www.molanoige.com\/ga\/product\/super-value-sticker-pack\/","title":{"rendered":"Pac\u00e1iste Gream\u00e1n Luachmhar. Beagnach 400 gream\u00e1n!!"},"content":{"rendered":"<p>Neart gream\u00e1n anseo chun freastal ar gach rud i do rang. <\/p>\n<p>Beagnach 400 gream\u00e1n le d\u00e1ileadh chun do scol\u00e1ir\u00ed a spreagadh agus a mholadh. <\/p>\n<p>\u00c1ir\u00edtear sa phac\u00e1iste seo: <\/p>\n<ul>\n<li> 1\u00fa, 2\u00fa, 3\u00fa gream\u00e1in<\/li>\n<li> gream\u00e1in iarrachta\u00ed luachmhara (\u201cSuper effort\u201d, \u201cYou\u2019re doing SO well\u201d, \u201cImproving in leaps and bounds\u201d)<\/li>\n<li> gream\u00e1in sp\u00f3irt (\u201cGreat Competitor\u201d, \u201cSports Star\u201d, \u201cI\u2019m a good sport\u201d)<\/li>\n<li> mionghream\u00e1in mhol cearnacha (\u201cWell Done\u201d, \u201cTarget Achieved\u201d, \u201cGreat Work\u201d, \u201cVery Good\u201d, [[[C10]]])<\/li>\n<li> gream\u00e1in rosettes<\/li>\n<\/ul>\n","protected":false},"excerpt":{"rendered":"<p>Neart gream\u00e1n anseo chun freastal ar gach rud i do rang. Beagnach 400 gream\u00e1n le d\u00e1ileadh chun do scol\u00e1ir\u00ed a spreagadh agus a mholadh. \u00c1ir\u00edtear sa phac\u00e1iste seo: 1\u00fa, 2\u00fa, 3\u00fa gream\u00e1in gream\u00e1in iarrachta\u00ed luachmhara (\u201cSuper effort\u201d, \u201cYou\u2019re doing SO well\u201d, \u201cImproving in leaps and bounds\u201d) gream\u00e1in sp\u00f3irt (\u201cGreat Competitor\u201d, \u201cSports Star\u201d, \u201cI\u2019m a good [&hellip;]<\/p>\n","protected":false},"featured_media":13042,"comment_status":"open","ping_status":"closed","template":"","meta":{"_exactmetrics_skip_tracking":false,"_exactmetrics_sitenote_active":false,"_exactmetrics_sitenote_note":"","_exactmetrics_sitenote_category":0,"site-sidebar-layout":"default","site-content-layout":"default","ast-site-content-layout":"default","site-content-style":"default","site-sidebar-style":"default","ast-global-header-display":"","ast-banner-title-visibility":"","ast-main-header-display":"","ast-hfb-above-header-display":"","ast-hfb-below-header-display":"","ast-hfb-mobile-header-display":"","site-post-title":"","ast-breadcrumbs-content":"","ast-featured-img":"","footer-sml-layout":"","theme-transparent-header-meta":"default","adv-header-id-meta":"","stick-header-meta":"","header-above-stick-meta":"","header-main-stick-meta":"","header-below-stick-meta":"","astra-migrate-meta-layouts":"default","ast-page-background-enabled":"default","ast-page-background-meta":{"desktop":{"background-color":"","background-image":"","background-repeat":"repeat","background-position":"center center","background-size":"auto","background-attachment":"scroll","background-type":"","background-media":"","overlay-type":"","overlay-color":"","overlay-opacity":"","overlay-gradient":""},"tablet":{"background-color":"","background-image":"","background-repeat":"repeat","background-position":"center center","background-size":"auto","background-attachment":"scroll","background-type":"","background-media":"","overlay-type":"","overlay-color":"","overlay-opacity":"","overlay-gradient":""},"mobile":{"background-color":"","background-image":"","background-repeat":"repeat","background-position":"center center","background-size":"auto","background-attachment":"scroll","background-type":"","background-media":"","overlay-type":"","overlay-color":"","overlay-opacity":"","overlay-gradient":""}},"ast-content-background-meta":{"desktop":{"background-color":"var(--ast-global-color-5)","background-image":"","background-repeat":"repeat","background-position":"center center","background-size":"auto","background-attachment":"scroll","background-type":"","background-media":"","overlay-type":"","overlay-color":"","overlay-opacity":"","overlay-gradient":""},"tablet":{"background-color":"var(--ast-global-color-5)","background-image":"","background-repeat":"repeat","background-position":"center center","background-size":"auto","background-attachment":"scroll","background-type":"","background-media":"","overlay-type":"","overlay-color":"","overlay-opacity":"","overlay-gradient":""},"mobile":{"background-color":"var(--ast-global-color-5)","background-image":"","background-repeat":"repeat","background-position":"center center","background-size":"auto","background-attachment":"scroll","background-type":"","background-media":"","overlay-type":"","overlay-color":"","overlay-opacity":"","overlay-gradient":""}}},"product_brand":[],"product_cat":[806,837,825],"product_tag":[934,1057,962,1059,991,1159,961,1063],"class_list":{"0":"post-13041","1":"product","2":"type-product","3":"status-publish","4":"has-post-thumbnail","6":"product_cat-iarraht-moladh","7":"product_cat-greamain-2","8":"product_cat-pacai","9":"product_tag-cheap-stickers","10":"product_tag-good-behaviour","11":"product_tag-praise","12":"product_tag-prizes","13":"product_tag-rewards","14":"product_tag-school-stickers","15":"product_tag-stickers","16":"product_tag-well-done","17":"desktop-align-left","18":"tablet-align-left","19":"mobile-align-left","21":"first","22":"instock","23":"sale","24":"shipping-taxable","25":"purchasable","26":"product-type-simple"},"_links":{"self":[{"href":"https:\/\/www.molanoige.com\/ga\/wp-json\/wp\/v2\/product\/13041","targetHints":{"allow":["GET"]}}],"collection":[{"href":"https:\/\/www.molanoige.com\/ga\/wp-json\/wp\/v2\/product"}],"about":[{"href":"https:\/\/www.molanoige.com\/ga\/wp-json\/wp\/v2\/types\/product"}],"replies":[{"embeddable":true,"href":"https:\/\/www.molanoige.com\/ga\/wp-json\/wp\/v2\/comments?post=13041"}],"wp:featuredmedia":[{"embeddable":true,"href":"https:\/\/www.molanoige.com\/ga\/wp-json\/wp\/v2\/media\/13042"}],"wp:attachment":[{"href":"https:\/\/www.molanoige.com\/ga\/wp-json\/wp\/v2\/media?parent=13041"}],"wp:term":[{"taxonomy":"product_brand","embeddable":true,"href":"https:\/\/www.molanoige.com\/ga\/wp-json\/wp\/v2\/product_brand?post=13041"},{"taxonomy":"product_cat","embeddable":true,"href":"https:\/\/www.molanoige.com\/ga\/wp-json\/wp\/v2\/product_cat?post=13041"},{"taxonomy":"product_tag","embeddable":true,"href":"https:\/\/www.molanoige.com\/ga\/wp-json\/wp\/v2\/product_tag?post=13041"}],"curies":[{"name":"wp","href":"https:\/\/api.w.org\/{rel}","templated":true}]}}