{"id":13029,"date":"2022-01-30T15:29:35","date_gmt":"2022-01-30T15:29:35","guid":{"rendered":"https:\/\/www.molanoige.com\/product\/foodimal-pencils-with-erasers\/"},"modified":"2026-02-02T18:15:07","modified_gmt":"2026-02-02T18:15:07","slug":"foodimal-pencils-with-erasers","status":"publish","type":"product","link":"https:\/\/www.molanoige.com\/ga\/product\/foodimal-pencils-with-erasers\/","title":{"rendered":"Peann luaidhe Foodimal le scrios\u00e1in"},"content":{"rendered":"<p>An bhfuil d\u00fail agat i milse\u00e1in? Is iad na pinn luaidhe seo bia an gn\u00f3! Agus dh\u00e1 cheann de na ruda\u00ed is fearr ar an phl\u00e1in\u00e9id iontu \u2013 bia agus ainmhithe \u2013 is cinnte go mbeidh na pinn luaidhe seo ina mbreise\u00e1n coitianta do lua\u00edochta\u00ed mac l\u00e9inn. <\/p>\n<p>Chun \u00e9 a dh\u00e9anamh n\u00edos deise f\u00f3s, tagann scrios\u00e1n de chat gleoite ag teacht amach as tob\u00e1n uachtar reoite ar bharr gach ceann acu! <\/p>\n<p>7&#8243; wooden pencil with 1 3\/4&#8243; scrios\u00e1n. <\/p>\n<p>6 i bpac\u00e1iste<\/p>\n","protected":false},"excerpt":{"rendered":"<p>An bhfuil d\u00fail agat i milse\u00e1in? Is iad na pinn luaidhe seo bia an gn\u00f3! Agus dh\u00e1 cheann de na ruda\u00ed is fearr ar an phl\u00e1in\u00e9id iontu \u2013 bia agus ainmhithe \u2013 is cinnte go mbeidh na pinn luaidhe seo ina mbreise\u00e1n coitianta do lua\u00edochta\u00ed mac l\u00e9inn. Chun \u00e9 a dh\u00e9anamh n\u00edos deise f\u00f3s, tagann [&hellip;]<\/p>\n","protected":false},"featured_media":13030,"comment_status":"open","ping_status":"closed","template":"","meta":{"_exactmetrics_skip_tracking":false,"_exactmetrics_sitenote_active":false,"_exactmetrics_sitenote_note":"","_exactmetrics_sitenote_category":0,"site-sidebar-layout":"default","site-content-layout":"default","ast-site-content-layout":"default","site-content-style":"default","site-sidebar-style":"default","ast-global-header-display":"","ast-banner-title-visibility":"","ast-main-header-display":"","ast-hfb-above-header-display":"","ast-hfb-below-header-display":"","ast-hfb-mobile-header-display":"","site-post-title":"","ast-breadcrumbs-content":"","ast-featured-img":"","footer-sml-layout":"","theme-transparent-header-meta":"default","adv-header-id-meta":"","stick-header-meta":"","header-above-stick-meta":"","header-main-stick-meta":"","header-below-stick-meta":"","astra-migrate-meta-layouts":"default","ast-page-background-enabled":"default","ast-page-background-meta":{"desktop":{"background-color":"","background-image":"","background-repeat":"repeat","background-position":"center center","background-size":"auto","background-attachment":"scroll","background-type":"","background-media":"","overlay-type":"","overlay-color":"","overlay-opacity":"","overlay-gradient":""},"tablet":{"background-color":"","background-image":"","background-repeat":"repeat","background-position":"center center","background-size":"auto","background-attachment":"scroll","background-type":"","background-media":"","overlay-type":"","overlay-color":"","overlay-opacity":"","overlay-gradient":""},"mobile":{"background-color":"","background-image":"","background-repeat":"repeat","background-position":"center center","background-size":"auto","background-attachment":"scroll","background-type":"","background-media":"","overlay-type":"","overlay-color":"","overlay-opacity":"","overlay-gradient":""}},"ast-content-background-meta":{"desktop":{"background-color":"var(--ast-global-color-5)","background-image":"","background-repeat":"repeat","background-position":"center center","background-size":"auto","background-attachment":"scroll","background-type":"","background-media":"","overlay-type":"","overlay-color":"","overlay-opacity":"","overlay-gradient":""},"tablet":{"background-color":"var(--ast-global-color-5)","background-image":"","background-repeat":"repeat","background-position":"center center","background-size":"auto","background-attachment":"scroll","background-type":"","background-media":"","overlay-type":"","overlay-color":"","overlay-opacity":"","overlay-gradient":""},"mobile":{"background-color":"var(--ast-global-color-5)","background-image":"","background-repeat":"repeat","background-position":"center center","background-size":"auto","background-attachment":"scroll","background-type":"","background-media":"","overlay-type":"","overlay-color":"","overlay-opacity":"","overlay-gradient":""}}},"product_brand":[],"product_cat":[799,798,813],"product_tag":[963,1155,964],"class_list":{"0":"post-13029","1":"product","2":"type-product","3":"status-publish","4":"has-post-thumbnail","6":"product_cat-bronntanais-duaiseanna","7":"product_cat-erasers","8":"product_cat-peannluaidhe","9":"product_tag-eraser","10":"product_tag-foodimal","11":"product_tag-pencil","12":"desktop-align-left","13":"tablet-align-left","14":"mobile-align-left","16":"first","17":"instock","18":"shipping-taxable","19":"purchasable","20":"product-type-simple"},"_links":{"self":[{"href":"https:\/\/www.molanoige.com\/ga\/wp-json\/wp\/v2\/product\/13029","targetHints":{"allow":["GET"]}}],"collection":[{"href":"https:\/\/www.molanoige.com\/ga\/wp-json\/wp\/v2\/product"}],"about":[{"href":"https:\/\/www.molanoige.com\/ga\/wp-json\/wp\/v2\/types\/product"}],"replies":[{"embeddable":true,"href":"https:\/\/www.molanoige.com\/ga\/wp-json\/wp\/v2\/comments?post=13029"}],"wp:featuredmedia":[{"embeddable":true,"href":"https:\/\/www.molanoige.com\/ga\/wp-json\/wp\/v2\/media\/13030"}],"wp:attachment":[{"href":"https:\/\/www.molanoige.com\/ga\/wp-json\/wp\/v2\/media?parent=13029"}],"wp:term":[{"taxonomy":"product_brand","embeddable":true,"href":"https:\/\/www.molanoige.com\/ga\/wp-json\/wp\/v2\/product_brand?post=13029"},{"taxonomy":"product_cat","embeddable":true,"href":"https:\/\/www.molanoige.com\/ga\/wp-json\/wp\/v2\/product_cat?post=13029"},{"taxonomy":"product_tag","embeddable":true,"href":"https:\/\/www.molanoige.com\/ga\/wp-json\/wp\/v2\/product_tag?post=13029"}],"curies":[{"name":"wp","href":"https:\/\/api.w.org\/{rel}","templated":true}]}}