{"id":12963,"date":"2022-07-14T14:37:26","date_gmt":"2022-07-14T14:37:26","guid":{"rendered":"https:\/\/www.molanoige.com\/product\/cute-praise-stickers\/"},"modified":"2026-02-02T18:15:00","modified_gmt":"2026-02-02T18:15:00","slug":"cute-praise-stickers","status":"publish","type":"product","link":"https:\/\/www.molanoige.com\/ga\/product\/cute-praise-stickers\/","title":{"rendered":"Gream\u00e1in mholta gleoite"},"content":{"rendered":"<p>Ag cur \u00e1r nGream\u00e1in Ghreamaitheacha Molta &amp; Luach Saothair i l\u00e1thair, at\u00e1 deartha go speisialta chun \u00e1thas a thabhairt don seomra ranga agus do scol\u00e1ir\u00ed a spreagadh n\u00edos m\u00f3 n\u00e1 riamh! Mar mh\u00fainteoir, tuigeann t\u00fa an t\u00e1bhacht a bhaineann le hatreisi\u00fa dearfach, agus is iad na gream\u00e1in seo na huirlis\u00ed foirfe chun do fhoghlaimeoir\u00ed \u00f3ga a spreagadh agus a inspior\u00e1id. <\/p>\n<p>Tagann \u00e1r nGream\u00e1in Ghreamaitheacha Luach Saothair i r\u00e9imse br\u00edomhar deara\u00ed gleoite a bhfuil gr\u00e1 ag p\u00e1ist\u00ed d\u00f3ibh. \u00d3 r\u00e9alta\u00ed ag g\u00e1ire agus ainmhithe cairdi\u00fala go tortha\u00ed ildaite agus teachtaireachta\u00ed spreag\u00fala, t\u00e1 na gream\u00e1in seo chomh mealltach agus at\u00e1 siad \u00e9ifeachtach. <\/p>\n<p>100 x gream\u00e1n molta gleoite lena n-\u00e1ir\u00edtear teachtaireachta\u00ed: <\/p>\n<p>\u201csweet job\u201d <\/p>\n<p>\u201cLovely work\u201d <\/p>\n<p>\u201cGrape job\u201d <\/p>\n<p>\u201cBravocado\u201d <\/p>\n<p>\u201cSmart cookie\u201d <\/p>\n<p>\u201cWhale done\u201d <\/p>\n<p>\u201cCool work\u201d <\/p>\n<p>\u201cStellar job\u201d <\/p>\n<p>\u201cLlamazing\u201d <\/p>\n","protected":false},"excerpt":{"rendered":"<p>Gream\u00e1in gleoite<\/p>\n","protected":false},"featured_media":12965,"comment_status":"open","ping_status":"closed","template":"","meta":{"_exactmetrics_skip_tracking":false,"_exactmetrics_sitenote_active":false,"_exactmetrics_sitenote_note":"","_exactmetrics_sitenote_category":0,"site-sidebar-layout":"default","site-content-layout":"default","ast-site-content-layout":"default","site-content-style":"default","site-sidebar-style":"default","ast-global-header-display":"","ast-banner-title-visibility":"","ast-main-header-display":"","ast-hfb-above-header-display":"","ast-hfb-below-header-display":"","ast-hfb-mobile-header-display":"","site-post-title":"","ast-breadcrumbs-content":"","ast-featured-img":"","footer-sml-layout":"","theme-transparent-header-meta":"default","adv-header-id-meta":"","stick-header-meta":"","header-above-stick-meta":"","header-main-stick-meta":"","header-below-stick-meta":"","astra-migrate-meta-layouts":"default","ast-page-background-enabled":"default","ast-page-background-meta":{"desktop":{"background-color":"","background-image":"","background-repeat":"repeat","background-position":"center center","background-size":"auto","background-attachment":"scroll","background-type":"","background-media":"","overlay-type":"","overlay-color":"","overlay-opacity":"","overlay-gradient":""},"tablet":{"background-color":"","background-image":"","background-repeat":"repeat","background-position":"center center","background-size":"auto","background-attachment":"scroll","background-type":"","background-media":"","overlay-type":"","overlay-color":"","overlay-opacity":"","overlay-gradient":""},"mobile":{"background-color":"","background-image":"","background-repeat":"repeat","background-position":"center center","background-size":"auto","background-attachment":"scroll","background-type":"","background-media":"","overlay-type":"","overlay-color":"","overlay-opacity":"","overlay-gradient":""}},"ast-content-background-meta":{"desktop":{"background-color":"var(--ast-global-color-5)","background-image":"","background-repeat":"repeat","background-position":"center center","background-size":"auto","background-attachment":"scroll","background-type":"","background-media":"","overlay-type":"","overlay-color":"","overlay-opacity":"","overlay-gradient":""},"tablet":{"background-color":"var(--ast-global-color-5)","background-image":"","background-repeat":"repeat","background-position":"center center","background-size":"auto","background-attachment":"scroll","background-type":"","background-media":"","overlay-type":"","overlay-color":"","overlay-opacity":"","overlay-gradient":""},"mobile":{"background-color":"var(--ast-global-color-5)","background-image":"","background-repeat":"repeat","background-position":"center center","background-size":"auto","background-attachment":"scroll","background-type":"","background-media":"","overlay-type":"","overlay-color":"","overlay-opacity":"","overlay-gradient":""}}},"product_brand":[],"product_cat":[806,837,828,826,779],"product_tag":[985,975,1055,962,1060,936,961,937,1136],"class_list":{"0":"post-12963","1":"product","2":"type-product","3":"status-publish","4":"has-post-thumbnail","6":"product_cat-iarraht-moladh","7":"product_cat-greamain-2","8":"product_cat-iompar","9":"product_cat-obair-bhaile","10":"product_cat-gan-aicmiu","11":"product_tag-congratulations","12":"product_tag-cute","13":"product_tag-effort","14":"product_tag-praise","15":"product_tag-pupil-of-the-week","16":"product_tag-pupil-rewards","17":"product_tag-stickers","18":"product_tag-student","19":"product_tag-teacher-note","20":"desktop-align-left","21":"tablet-align-left","22":"mobile-align-left","24":"first","25":"instock","26":"shipping-taxable","27":"purchasable","28":"product-type-simple"},"_links":{"self":[{"href":"https:\/\/www.molanoige.com\/ga\/wp-json\/wp\/v2\/product\/12963","targetHints":{"allow":["GET"]}}],"collection":[{"href":"https:\/\/www.molanoige.com\/ga\/wp-json\/wp\/v2\/product"}],"about":[{"href":"https:\/\/www.molanoige.com\/ga\/wp-json\/wp\/v2\/types\/product"}],"replies":[{"embeddable":true,"href":"https:\/\/www.molanoige.com\/ga\/wp-json\/wp\/v2\/comments?post=12963"}],"wp:featuredmedia":[{"embeddable":true,"href":"https:\/\/www.molanoige.com\/ga\/wp-json\/wp\/v2\/media\/12965"}],"wp:attachment":[{"href":"https:\/\/www.molanoige.com\/ga\/wp-json\/wp\/v2\/media?parent=12963"}],"wp:term":[{"taxonomy":"product_brand","embeddable":true,"href":"https:\/\/www.molanoige.com\/ga\/wp-json\/wp\/v2\/product_brand?post=12963"},{"taxonomy":"product_cat","embeddable":true,"href":"https:\/\/www.molanoige.com\/ga\/wp-json\/wp\/v2\/product_cat?post=12963"},{"taxonomy":"product_tag","embeddable":true,"href":"https:\/\/www.molanoige.com\/ga\/wp-json\/wp\/v2\/product_tag?post=12963"}],"curies":[{"name":"wp","href":"https:\/\/api.w.org\/{rel}","templated":true}]}}