{"id":12959,"date":"2022-07-14T15:14:58","date_gmt":"2022-07-14T15:14:58","guid":{"rendered":"https:\/\/www.molanoige.com\/product\/rulers-with-colours-in-irish\/"},"modified":"2026-03-03T09:12:58","modified_gmt":"2026-03-03T09:12:58","slug":"rulers-with-colours-in-irish","status":"publish","type":"product","link":"https:\/\/www.molanoige.com\/ga\/product\/rulers-with-colours-in-irish\/","title":{"rendered":"Rial\u00f3ir le dathanna as Gaeilge"},"content":{"rendered":"<p>Rial\u00f3ir\u00ed \u00e1ille l\u00e1mhdh\u00e9anta le dathanna as Gaeilge do dhalta\u00ed le foghlaim agus iad ag \u00fas\u00e1id a gcuid rial\u00f3ir\u00ed gach l\u00e1.<\/p>\n<p>Dearg, Oraiste, Glas, Gorm, Corcra, B\u00e1ndearg, liath, b\u00e1n agus dubh<\/p>\n<p>Rial\u00f3ir\u00ed leis na dathanna as Gaeilge: Rial\u00f3ir\u00ed \u00e1ille, l\u00e1mhdh\u00e9anta, le dathanna as Gaeilge, chun l\u00e1mh ch\u00fanta a thabhairt do ph\u00e1ist\u00ed na dathanna a fhoghlaim, nuair a bhaineann siad \u00fas\u00e1id as na rial\u00f3ir\u00ed i rith an lae.<\/p>\n<p>Is \u00e9 seo an praghas ar 1 rial\u00f3ir<\/p>\n","protected":false},"excerpt":{"rendered":"<p>Rial\u00f3ir\u00ed \u00e1ille l\u00e1mhdh\u00e9anta le dathanna as Gaeilge do dhalta\u00ed le foghlaim agus iad ag \u00fas\u00e1id a gcuid rial\u00f3ir\u00ed gach l\u00e1. Dearg, Oraiste, Glas, Gorm, Corcra, B\u00e1ndearg, liath, b\u00e1n agus dubh Rial\u00f3ir\u00ed leis na dathanna as Gaeilge: Rial\u00f3ir\u00ed \u00e1ille, l\u00e1mhdh\u00e9anta, le dathanna as Gaeilge, chun l\u00e1mh ch\u00fanta a thabhairt do ph\u00e1ist\u00ed na dathanna a fhoghlaim, nuair [&hellip;]<\/p>\n","protected":false},"featured_media":12960,"comment_status":"open","ping_status":"closed","template":"","meta":{"_exactmetrics_skip_tracking":false,"_exactmetrics_sitenote_active":false,"_exactmetrics_sitenote_note":"","_exactmetrics_sitenote_category":0,"site-sidebar-layout":"default","site-content-layout":"default","ast-site-content-layout":"default","site-content-style":"default","site-sidebar-style":"default","ast-global-header-display":"","ast-banner-title-visibility":"","ast-main-header-display":"","ast-hfb-above-header-display":"","ast-hfb-below-header-display":"","ast-hfb-mobile-header-display":"","site-post-title":"","ast-breadcrumbs-content":"","ast-featured-img":"","footer-sml-layout":"","theme-transparent-header-meta":"default","adv-header-id-meta":"","stick-header-meta":"","header-above-stick-meta":"","header-main-stick-meta":"","header-below-stick-meta":"","astra-migrate-meta-layouts":"set","ast-page-background-enabled":"default","ast-page-background-meta":{"desktop":{"background-color":"","background-image":"","background-repeat":"repeat","background-position":"center center","background-size":"auto","background-attachment":"scroll","background-type":"","background-media":"","overlay-type":"","overlay-color":"","overlay-opacity":"","overlay-gradient":""},"tablet":{"background-color":"","background-image":"","background-repeat":"repeat","background-position":"center center","background-size":"auto","background-attachment":"scroll","background-type":"","background-media":"","overlay-type":"","overlay-color":"","overlay-opacity":"","overlay-gradient":""},"mobile":{"background-color":"","background-image":"","background-repeat":"repeat","background-position":"center center","background-size":"auto","background-attachment":"scroll","background-type":"","background-media":"","overlay-type":"","overlay-color":"","overlay-opacity":"","overlay-gradient":""}},"ast-content-background-meta":{"desktop":{"background-color":"var(--ast-global-color-5)","background-image":"","background-repeat":"repeat","background-position":"center center","background-size":"auto","background-attachment":"scroll","background-type":"","background-media":"","overlay-type":"","overlay-color":"","overlay-opacity":"","overlay-gradient":""},"tablet":{"background-color":"var(--ast-global-color-5)","background-image":"","background-repeat":"repeat","background-position":"center center","background-size":"auto","background-attachment":"scroll","background-type":"","background-media":"","overlay-type":"","overlay-color":"","overlay-opacity":"","overlay-gradient":""},"mobile":{"background-color":"var(--ast-global-color-5)","background-image":"","background-repeat":"repeat","background-position":"center center","background-size":"auto","background-attachment":"scroll","background-type":"","background-media":"","overlay-type":"","overlay-color":"","overlay-opacity":"","overlay-gradient":""}}},"product_brand":[],"product_cat":[793,821,841],"product_tag":[947,795,1134,978,965],"class_list":{"0":"post-12959","1":"product","2":"type-product","3":"status-publish","4":"has-post-thumbnail","6":"product_cat-gaeilge","7":"product_cat-rialoiri","8":"product_cat-rialoiri-gaeilge","9":"product_tag-dalta-na-seachtaine","10":"product_tag-earrai-gaeilge","11":"product_tag-rialoir","12":"product_tag-rialoiri","13":"product_tag-ruler","14":"desktop-align-left","15":"tablet-align-left","16":"mobile-align-left","18":"first","19":"instock","20":"shipping-taxable","21":"purchasable","22":"product-type-simple"},"_links":{"self":[{"href":"https:\/\/www.molanoige.com\/ga\/wp-json\/wp\/v2\/product\/12959","targetHints":{"allow":["GET"]}}],"collection":[{"href":"https:\/\/www.molanoige.com\/ga\/wp-json\/wp\/v2\/product"}],"about":[{"href":"https:\/\/www.molanoige.com\/ga\/wp-json\/wp\/v2\/types\/product"}],"replies":[{"embeddable":true,"href":"https:\/\/www.molanoige.com\/ga\/wp-json\/wp\/v2\/comments?post=12959"}],"wp:featuredmedia":[{"embeddable":true,"href":"https:\/\/www.molanoige.com\/ga\/wp-json\/wp\/v2\/media\/12960"}],"wp:attachment":[{"href":"https:\/\/www.molanoige.com\/ga\/wp-json\/wp\/v2\/media?parent=12959"}],"wp:term":[{"taxonomy":"product_brand","embeddable":true,"href":"https:\/\/www.molanoige.com\/ga\/wp-json\/wp\/v2\/product_brand?post=12959"},{"taxonomy":"product_cat","embeddable":true,"href":"https:\/\/www.molanoige.com\/ga\/wp-json\/wp\/v2\/product_cat?post=12959"},{"taxonomy":"product_tag","embeddable":true,"href":"https:\/\/www.molanoige.com\/ga\/wp-json\/wp\/v2\/product_tag?post=12959"}],"curies":[{"name":"wp","href":"https:\/\/api.w.org\/{rel}","templated":true}]}}