{"id":12948,"date":"2022-07-22T11:41:23","date_gmt":"2022-07-22T11:41:23","guid":{"rendered":"https:\/\/www.molanoige.com\/product\/notepad-excellent-maths\/"},"modified":"2026-02-02T18:14:56","modified_gmt":"2026-02-02T18:14:56","slug":"notepad-excellent-maths","status":"publish","type":"product","link":"https:\/\/www.molanoige.com\/ga\/product\/notepad-excellent-maths\/","title":{"rendered":"Leabhar n\u00f3ta\u00ed: Matamaitic den scoth"},"content":{"rendered":"<p>Seol n\u00f3ta tapaidh abhaile nuair a bh\u00edonn do dhalta\u00ed ag d\u00e9anamh go maith sa Mhatamaitic leis an leabhar n\u00f3ta\u00ed seo at\u00e1 t\u00e9amaithe le Matamaitic. T\u00e1 104 x 148mm i ngach leabhar n\u00f3ta\u00ed agus t\u00e1 60 bileog den dearadh Matamaitice a thaispe\u00e1ntar ann.<\/p>\n","protected":false},"excerpt":{"rendered":"<p>Seol n\u00f3ta tapaidh abhaile nuair a bh\u00edonn do dhalta\u00ed ag d\u00e9anamh go maith sa Mhatamaitic leis an leabhar n\u00f3ta\u00ed seo at\u00e1 t\u00e9amaithe le Matamaitic. T\u00e1 104 x 148mm i ngach leabhar n\u00f3ta\u00ed agus t\u00e1 60 bileog den dearadh Matamaitice a thaispe\u00e1ntar ann.<\/p>\n","protected":false},"featured_media":12949,"comment_status":"open","ping_status":"closed","template":"","meta":{"_exactmetrics_skip_tracking":false,"_exactmetrics_sitenote_active":false,"_exactmetrics_sitenote_note":"","_exactmetrics_sitenote_category":0,"site-sidebar-layout":"default","site-content-layout":"default","ast-site-content-layout":"default","site-content-style":"default","site-sidebar-style":"default","ast-global-header-display":"","ast-banner-title-visibility":"","ast-main-header-display":"","ast-hfb-above-header-display":"","ast-hfb-below-header-display":"","ast-hfb-mobile-header-display":"","site-post-title":"","ast-breadcrumbs-content":"","ast-featured-img":"","footer-sml-layout":"","theme-transparent-header-meta":"default","adv-header-id-meta":"","stick-header-meta":"","header-above-stick-meta":"","header-main-stick-meta":"","header-below-stick-meta":"","astra-migrate-meta-layouts":"default","ast-page-background-enabled":"default","ast-page-background-meta":{"desktop":{"background-color":"","background-image":"","background-repeat":"repeat","background-position":"center center","background-size":"auto","background-attachment":"scroll","background-type":"","background-media":"","overlay-type":"","overlay-color":"","overlay-opacity":"","overlay-gradient":""},"tablet":{"background-color":"","background-image":"","background-repeat":"repeat","background-position":"center center","background-size":"auto","background-attachment":"scroll","background-type":"","background-media":"","overlay-type":"","overlay-color":"","overlay-opacity":"","overlay-gradient":""},"mobile":{"background-color":"","background-image":"","background-repeat":"repeat","background-position":"center center","background-size":"auto","background-attachment":"scroll","background-type":"","background-media":"","overlay-type":"","overlay-color":"","overlay-opacity":"","overlay-gradient":""}},"ast-content-background-meta":{"desktop":{"background-color":"var(--ast-global-color-5)","background-image":"","background-repeat":"repeat","background-position":"center center","background-size":"auto","background-attachment":"scroll","background-type":"","background-media":"","overlay-type":"","overlay-color":"","overlay-opacity":"","overlay-gradient":""},"tablet":{"background-color":"var(--ast-global-color-5)","background-image":"","background-repeat":"repeat","background-position":"center center","background-size":"auto","background-attachment":"scroll","background-type":"","background-media":"","overlay-type":"","overlay-color":"","overlay-opacity":"","overlay-gradient":""},"mobile":{"background-color":"var(--ast-global-color-5)","background-image":"","background-repeat":"repeat","background-position":"center center","background-size":"auto","background-attachment":"scroll","background-type":"","background-media":"","overlay-type":"","overlay-color":"","overlay-opacity":"","overlay-gradient":""}}},"product_brand":[],"product_cat":[806,812,820],"product_tag":[1128,969,970,1129,1124,1006],"class_list":{"0":"post-12948","1":"product","2":"type-product","3":"status-publish","4":"has-post-thumbnail","6":"product_cat-iarraht-moladh","7":"product_cat-leabhair-notai","8":"product_cat-stem","9":"product_tag-excellent","10":"product_tag-mathematics","11":"product_tag-maths","12":"product_tag-message-from-teacher","13":"product_tag-notepad","14":"product_tag-stem","15":"desktop-align-left","16":"tablet-align-left","17":"mobile-align-left","19":"first","20":"instock","21":"shipping-taxable","22":"purchasable","23":"product-type-simple"},"_links":{"self":[{"href":"https:\/\/www.molanoige.com\/ga\/wp-json\/wp\/v2\/product\/12948","targetHints":{"allow":["GET"]}}],"collection":[{"href":"https:\/\/www.molanoige.com\/ga\/wp-json\/wp\/v2\/product"}],"about":[{"href":"https:\/\/www.molanoige.com\/ga\/wp-json\/wp\/v2\/types\/product"}],"replies":[{"embeddable":true,"href":"https:\/\/www.molanoige.com\/ga\/wp-json\/wp\/v2\/comments?post=12948"}],"wp:featuredmedia":[{"embeddable":true,"href":"https:\/\/www.molanoige.com\/ga\/wp-json\/wp\/v2\/media\/12949"}],"wp:attachment":[{"href":"https:\/\/www.molanoige.com\/ga\/wp-json\/wp\/v2\/media?parent=12948"}],"wp:term":[{"taxonomy":"product_brand","embeddable":true,"href":"https:\/\/www.molanoige.com\/ga\/wp-json\/wp\/v2\/product_brand?post=12948"},{"taxonomy":"product_cat","embeddable":true,"href":"https:\/\/www.molanoige.com\/ga\/wp-json\/wp\/v2\/product_cat?post=12948"},{"taxonomy":"product_tag","embeddable":true,"href":"https:\/\/www.molanoige.com\/ga\/wp-json\/wp\/v2\/product_tag?post=12948"}],"curies":[{"name":"wp","href":"https:\/\/api.w.org\/{rel}","templated":true}]}}