{"id":12942,"date":"2022-07-22T12:08:29","date_gmt":"2022-07-22T12:08:29","guid":{"rendered":"https:\/\/www.molanoige.com\/product\/please-show-your-method-stamper\/"},"modified":"2026-02-02T18:14:55","modified_gmt":"2026-02-02T18:14:55","slug":"please-show-your-method-stamper","status":"publish","type":"product","link":"https:\/\/www.molanoige.com\/ga\/product\/please-show-your-method-stamper\/","title":{"rendered":"\u201cTaispe\u00e1in do mhodh\u201d Stamp\u00e1la\u00ed"},"content":{"rendered":"<p>\u00das\u00e1id stampa Taispe\u00e1in Do Mhodh le do thoil chun an t-am marc\u00e1la a ghiorr\u00fa agus spreag do dhalta\u00ed chun a gcuid oibre a thaispe\u00e1int. <\/p>\n<p>Stampa r\u00e9amh-dh\u00fachaithe (dearg) agus r\u00e9idh le h\u00fas\u00e1id. Tomhaiseann \u00edomh\u00e1 an stampa 25mm cearnach ar a mh\u00e9ad.<\/p>\n","protected":false},"excerpt":{"rendered":"<p>\u00das\u00e1id stampa Taispe\u00e1in Do Mhodh le do thoil chun an t-am marc\u00e1la a ghiorr\u00fa agus spreag do dhalta\u00ed chun a gcuid oibre a thaispe\u00e1int. Stampa r\u00e9amh-dh\u00fachaithe (dearg) agus r\u00e9idh le h\u00fas\u00e1id. Tomhaiseann \u00edomh\u00e1 an stampa 25mm cearnach ar a mh\u00e9ad.<\/p>\n","protected":false},"featured_media":12943,"comment_status":"open","ping_status":"closed","template":"","meta":{"_exactmetrics_skip_tracking":false,"_exactmetrics_sitenote_active":false,"_exactmetrics_sitenote_note":"","_exactmetrics_sitenote_category":0,"site-sidebar-layout":"default","site-content-layout":"default","ast-site-content-layout":"default","site-content-style":"default","site-sidebar-style":"default","ast-global-header-display":"","ast-banner-title-visibility":"","ast-main-header-display":"","ast-hfb-above-header-display":"","ast-hfb-below-header-display":"","ast-hfb-mobile-header-display":"","site-post-title":"","ast-breadcrumbs-content":"","ast-featured-img":"","footer-sml-layout":"","theme-transparent-header-meta":"default","adv-header-id-meta":"","stick-header-meta":"","header-above-stick-meta":"","header-main-stick-meta":"","header-below-stick-meta":"","astra-migrate-meta-layouts":"default","ast-page-background-enabled":"default","ast-page-background-meta":{"desktop":{"background-color":"","background-image":"","background-repeat":"repeat","background-position":"center center","background-size":"auto","background-attachment":"scroll","background-type":"","background-media":"","overlay-type":"","overlay-color":"","overlay-opacity":"","overlay-gradient":""},"tablet":{"background-color":"","background-image":"","background-repeat":"repeat","background-position":"center center","background-size":"auto","background-attachment":"scroll","background-type":"","background-media":"","overlay-type":"","overlay-color":"","overlay-opacity":"","overlay-gradient":""},"mobile":{"background-color":"","background-image":"","background-repeat":"repeat","background-position":"center center","background-size":"auto","background-attachment":"scroll","background-type":"","background-media":"","overlay-type":"","overlay-color":"","overlay-opacity":"","overlay-gradient":""}},"ast-content-background-meta":{"desktop":{"background-color":"var(--ast-global-color-5)","background-image":"","background-repeat":"repeat","background-position":"center center","background-size":"auto","background-attachment":"scroll","background-type":"","background-media":"","overlay-type":"","overlay-color":"","overlay-opacity":"","overlay-gradient":""},"tablet":{"background-color":"var(--ast-global-color-5)","background-image":"","background-repeat":"repeat","background-position":"center center","background-size":"auto","background-attachment":"scroll","background-type":"","background-media":"","overlay-type":"","overlay-color":"","overlay-opacity":"","overlay-gradient":""},"mobile":{"background-color":"var(--ast-global-color-5)","background-image":"","background-repeat":"repeat","background-position":"center center","background-size":"auto","background-attachment":"scroll","background-type":"","background-media":"","overlay-type":"","overlay-color":"","overlay-opacity":"","overlay-gradient":""}}},"product_brand":[],"product_cat":[810,820],"product_tag":[969,970,1010,1116,1085],"class_list":{"0":"post-12942","1":"product","2":"type-product","3":"status-publish","4":"has-post-thumbnail","6":"product_cat-stampai","7":"product_cat-stem","8":"product_tag-mathematics","9":"product_tag-maths","10":"product_tag-stamper","11":"product_tag-stampers","12":"product_tag-timesaver","13":"desktop-align-left","14":"tablet-align-left","15":"mobile-align-left","17":"first","18":"instock","19":"shipping-taxable","20":"purchasable","21":"product-type-simple"},"_links":{"self":[{"href":"https:\/\/www.molanoige.com\/ga\/wp-json\/wp\/v2\/product\/12942","targetHints":{"allow":["GET"]}}],"collection":[{"href":"https:\/\/www.molanoige.com\/ga\/wp-json\/wp\/v2\/product"}],"about":[{"href":"https:\/\/www.molanoige.com\/ga\/wp-json\/wp\/v2\/types\/product"}],"replies":[{"embeddable":true,"href":"https:\/\/www.molanoige.com\/ga\/wp-json\/wp\/v2\/comments?post=12942"}],"wp:featuredmedia":[{"embeddable":true,"href":"https:\/\/www.molanoige.com\/ga\/wp-json\/wp\/v2\/media\/12943"}],"wp:attachment":[{"href":"https:\/\/www.molanoige.com\/ga\/wp-json\/wp\/v2\/media?parent=12942"}],"wp:term":[{"taxonomy":"product_brand","embeddable":true,"href":"https:\/\/www.molanoige.com\/ga\/wp-json\/wp\/v2\/product_brand?post=12942"},{"taxonomy":"product_cat","embeddable":true,"href":"https:\/\/www.molanoige.com\/ga\/wp-json\/wp\/v2\/product_cat?post=12942"},{"taxonomy":"product_tag","embeddable":true,"href":"https:\/\/www.molanoige.com\/ga\/wp-json\/wp\/v2\/product_tag?post=12942"}],"curies":[{"name":"wp","href":"https:\/\/api.w.org\/{rel}","templated":true}]}}