{"id":12928,"date":"2022-07-25T14:23:52","date_gmt":"2022-07-25T14:23:52","guid":{"rendered":"https:\/\/www.molanoige.com\/product\/good-behaviour-pack\/"},"modified":"2026-02-02T18:14:53","modified_gmt":"2026-02-02T18:14:53","slug":"good-behaviour-pack","status":"publish","type":"product","link":"https:\/\/www.molanoige.com\/ga\/product\/good-behaviour-pack\/","title":{"rendered":"Pac\u00e1iste Dea-Iompra\u00edochta"},"content":{"rendered":"<p>Scaip cine\u00e1ltas agus luaigh dea-iompar i do sheomra ranga leis na lua\u00edochta\u00ed seo. <\/p>\n<p>\u00c1ir\u00edtear sa phac\u00e1iste seo: <\/p>\n<ul>\n<li> 10 nDeimhni\u00fa Gradaim Dea-Iompra\u00edochta<\/li>\n<li> 54 gream\u00e1n a thugann luach saothair do chine\u00e1ltas agus do dhea-iompar<\/li>\n<li> 10 bpeann luaidhe ildaite \u2013 \u201cAttitude is Everything\u201d<\/li>\n<li> 4 suaitheantas<\/li>\n<\/ul>\n<p>(peann luaidhe b\u00e1ndearg amh\u00e1in f\u00e1gtha)<\/p>\n","protected":false},"excerpt":{"rendered":"<p>Scaip cine\u00e1ltas agus luaigh dea-iompar i do sheomra ranga leis na lua\u00edochta\u00ed seo. \u00c1ir\u00edtear sa phac\u00e1iste seo: 10 nDeimhni\u00fa Gradaim Dea-Iompra\u00edochta 54 gream\u00e1n a thugann luach saothair do chine\u00e1ltas agus do dhea-iompar 10 bpeann luaidhe ildaite \u2013 \u201cAttitude is Everything\u201d 4 suaitheantas (peann luaidhe b\u00e1ndearg amh\u00e1in f\u00e1gtha)<\/p>\n","protected":false},"featured_media":12929,"comment_status":"open","ping_status":"closed","template":"","meta":{"_exactmetrics_skip_tracking":false,"_exactmetrics_sitenote_active":false,"_exactmetrics_sitenote_note":"","_exactmetrics_sitenote_category":0,"site-sidebar-layout":"default","site-content-layout":"default","ast-site-content-layout":"default","site-content-style":"default","site-sidebar-style":"default","ast-global-header-display":"","ast-banner-title-visibility":"","ast-main-header-display":"","ast-hfb-above-header-display":"","ast-hfb-below-header-display":"","ast-hfb-mobile-header-display":"","site-post-title":"","ast-breadcrumbs-content":"","ast-featured-img":"","footer-sml-layout":"","theme-transparent-header-meta":"default","adv-header-id-meta":"","stick-header-meta":"","header-above-stick-meta":"","header-main-stick-meta":"","header-below-stick-meta":"","astra-migrate-meta-layouts":"default","ast-page-background-enabled":"default","ast-page-background-meta":{"desktop":{"background-color":"","background-image":"","background-repeat":"repeat","background-position":"center center","background-size":"auto","background-attachment":"scroll","background-type":"","background-media":"","overlay-type":"","overlay-color":"","overlay-opacity":"","overlay-gradient":""},"tablet":{"background-color":"","background-image":"","background-repeat":"repeat","background-position":"center center","background-size":"auto","background-attachment":"scroll","background-type":"","background-media":"","overlay-type":"","overlay-color":"","overlay-opacity":"","overlay-gradient":""},"mobile":{"background-color":"","background-image":"","background-repeat":"repeat","background-position":"center center","background-size":"auto","background-attachment":"scroll","background-type":"","background-media":"","overlay-type":"","overlay-color":"","overlay-opacity":"","overlay-gradient":""}},"ast-content-background-meta":{"desktop":{"background-color":"var(--ast-global-color-5)","background-image":"","background-repeat":"repeat","background-position":"center center","background-size":"auto","background-attachment":"scroll","background-type":"","background-media":"","overlay-type":"","overlay-color":"","overlay-opacity":"","overlay-gradient":""},"tablet":{"background-color":"var(--ast-global-color-5)","background-image":"","background-repeat":"repeat","background-position":"center center","background-size":"auto","background-attachment":"scroll","background-type":"","background-media":"","overlay-type":"","overlay-color":"","overlay-opacity":"","overlay-gradient":""},"mobile":{"background-color":"var(--ast-global-color-5)","background-image":"","background-repeat":"repeat","background-position":"center center","background-size":"auto","background-attachment":"scroll","background-type":"","background-media":"","overlay-type":"","overlay-color":"","overlay-opacity":"","overlay-gradient":""}}},"product_brand":[],"product_cat":[828,825],"product_tag":[1111,1107,1112,1055,1113],"class_list":{"0":"post-12928","1":"product","2":"type-product","3":"status-publish","4":"has-post-thumbnail","6":"product_cat-iompar","7":"product_cat-pacai","8":"product_tag-attitude","9":"product_tag-back-to-school-pack","10":"product_tag-behaviour","11":"product_tag-effort","12":"product_tag-kindess","13":"desktop-align-left","14":"tablet-align-left","15":"mobile-align-left","17":"first","18":"instock","19":"shipping-taxable","20":"purchasable","21":"product-type-simple"},"_links":{"self":[{"href":"https:\/\/www.molanoige.com\/ga\/wp-json\/wp\/v2\/product\/12928","targetHints":{"allow":["GET"]}}],"collection":[{"href":"https:\/\/www.molanoige.com\/ga\/wp-json\/wp\/v2\/product"}],"about":[{"href":"https:\/\/www.molanoige.com\/ga\/wp-json\/wp\/v2\/types\/product"}],"replies":[{"embeddable":true,"href":"https:\/\/www.molanoige.com\/ga\/wp-json\/wp\/v2\/comments?post=12928"}],"wp:featuredmedia":[{"embeddable":true,"href":"https:\/\/www.molanoige.com\/ga\/wp-json\/wp\/v2\/media\/12929"}],"wp:attachment":[{"href":"https:\/\/www.molanoige.com\/ga\/wp-json\/wp\/v2\/media?parent=12928"}],"wp:term":[{"taxonomy":"product_brand","embeddable":true,"href":"https:\/\/www.molanoige.com\/ga\/wp-json\/wp\/v2\/product_brand?post=12928"},{"taxonomy":"product_cat","embeddable":true,"href":"https:\/\/www.molanoige.com\/ga\/wp-json\/wp\/v2\/product_cat?post=12928"},{"taxonomy":"product_tag","embeddable":true,"href":"https:\/\/www.molanoige.com\/ga\/wp-json\/wp\/v2\/product_tag?post=12928"}],"curies":[{"name":"wp","href":"https:\/\/api.w.org\/{rel}","templated":true}]}}