{"id":12916,"date":"2022-07-29T21:40:51","date_gmt":"2022-07-29T21:40:51","guid":{"rendered":"https:\/\/www.molanoige.com\/product\/leabharmharcanna-is-realta-thu\/"},"modified":"2026-02-25T19:45:29","modified_gmt":"2026-02-25T19:45:29","slug":"leabharmharcanna-is-realta-thu","status":"publish","type":"product","link":"https:\/\/www.molanoige.com\/ga\/product\/leabharmharcanna-is-realta-thu\/","title":{"rendered":"Leabharmharcanna \u2013 Is R\u00e9alta Th\u00fa"},"content":{"rendered":"<p>F\u00e9ach ar na leabharmharcanna seo. T\u00e1 siad go hiontach. Tabhair iad do do dhalta\u00ed mar bhronntanais ag deireadh na bliana, n\u00f3 ar L\u00e1 Domhanda na Leabhar, n\u00f3 mar dhuaiseanna.<\/p>\n<p>Sp\u00e1s, <span class=\"diclick\">Pl\u00e1in\u00e9ad<\/span> agus Roic\u00e9ad Sp\u00e1is ar an leabharmharc agus ag r\u00e1 \u201d Is R\u00e9alta Th\u00fa\u201d<\/p>\n<div>T\u00e1 sp\u00e1s freisin chun Ainm an Dhalta, an D\u00e1ta agus S\u00edni\u00fa a l\u00edonadh isteach.<\/div>\n<p>Leabharmharcanna \u00e1ille ildaite le \u201cIs R\u00e9alta Th\u00fa\u201d i nGaeilge.<\/p>\n<ul>\n<li>M\u00e9id 51 x 152 mm<\/li>\n<li>p\u00e1ip\u00e9ar snasta d\u2019ardchaighde\u00e1n<\/li>\n<li>2 thaobh<\/li>\n<li><strong>10 leabharmharc in aghaidh an phaca<\/strong><\/li>\n<\/ul>\n","protected":false},"excerpt":{"rendered":"<p>F\u00e9ach ar na leabharmharcanna seo. T\u00e1 siad go hiontach. Tabhair iad do do dhalta\u00ed mar bhronntanais ag deireadh na bliana, n\u00f3 ar L\u00e1 Domhanda na Leabhar, n\u00f3 mar dhuaiseanna. Sp\u00e1s, Pl\u00e1in\u00e9ad agus Roic\u00e9ad Sp\u00e1is ar an leabharmharc agus ag r\u00e1 \u201d Is R\u00e9alta Th\u00fa\u201d T\u00e1 sp\u00e1s freisin chun Ainm an Dhalta, an D\u00e1ta agus S\u00edni\u00fa [&hellip;]<\/p>\n","protected":false},"featured_media":12918,"comment_status":"open","ping_status":"closed","template":"","meta":{"_exactmetrics_skip_tracking":false,"_exactmetrics_sitenote_active":false,"_exactmetrics_sitenote_note":"","_exactmetrics_sitenote_category":0,"site-sidebar-layout":"default","site-content-layout":"default","ast-site-content-layout":"default","site-content-style":"default","site-sidebar-style":"default","ast-global-header-display":"","ast-banner-title-visibility":"","ast-main-header-display":"","ast-hfb-above-header-display":"","ast-hfb-below-header-display":"","ast-hfb-mobile-header-display":"","site-post-title":"","ast-breadcrumbs-content":"","ast-featured-img":"","footer-sml-layout":"","theme-transparent-header-meta":"default","adv-header-id-meta":"","stick-header-meta":"","header-above-stick-meta":"","header-main-stick-meta":"","header-below-stick-meta":"","astra-migrate-meta-layouts":"set","ast-page-background-enabled":"default","ast-page-background-meta":{"desktop":{"background-color":"","background-image":"","background-repeat":"repeat","background-position":"center center","background-size":"auto","background-attachment":"scroll","background-type":"","background-media":"","overlay-type":"","overlay-color":"","overlay-opacity":"","overlay-gradient":""},"tablet":{"background-color":"","background-image":"","background-repeat":"repeat","background-position":"center center","background-size":"auto","background-attachment":"scroll","background-type":"","background-media":"","overlay-type":"","overlay-color":"","overlay-opacity":"","overlay-gradient":""},"mobile":{"background-color":"","background-image":"","background-repeat":"repeat","background-position":"center center","background-size":"auto","background-attachment":"scroll","background-type":"","background-media":"","overlay-type":"","overlay-color":"","overlay-opacity":"","overlay-gradient":""}},"ast-content-background-meta":{"desktop":{"background-color":"var(--ast-global-color-5)","background-image":"","background-repeat":"repeat","background-position":"center center","background-size":"auto","background-attachment":"scroll","background-type":"","background-media":"","overlay-type":"","overlay-color":"","overlay-opacity":"","overlay-gradient":""},"tablet":{"background-color":"var(--ast-global-color-5)","background-image":"","background-repeat":"repeat","background-position":"center center","background-size":"auto","background-attachment":"scroll","background-type":"","background-media":"","overlay-type":"","overlay-color":"","overlay-opacity":"","overlay-gradient":""},"mobile":{"background-color":"var(--ast-global-color-5)","background-image":"","background-repeat":"repeat","background-position":"center center","background-size":"auto","background-attachment":"scroll","background-type":"","background-media":"","overlay-type":"","overlay-color":"","overlay-opacity":"","overlay-gradient":""}}},"product_brand":[],"product_cat":[799,793,830,838,811,822],"product_tag":[980,1040,928,1106,936,1025,950,796,1053],"class_list":{"0":"post-12916","1":"product","2":"type-product","3":"status-publish","4":"has-post-thumbnail","6":"product_cat-bronntanais-duaiseanna","7":"product_cat-gaeilge","8":"product_cat-leabharmharcanna","9":"product_cat-leabharmharcanna-3","10":"product_cat-leitheoireacht","11":"product_cat-seachtain-na-gaeilge","12":"product_tag-bookmark","13":"product_tag-bookmarks","14":"product_tag-gaeilge","15":"product_tag-leamh","16":"product_tag-pupil-rewards","17":"product_tag-reading","18":"product_tag-reward","19":"product_tag-seachtain-na-gaeilge","20":"product_tag-star","21":"desktop-align-left","22":"tablet-align-left","23":"mobile-align-left","25":"first","26":"outofstock","27":"shipping-taxable","28":"purchasable","29":"product-type-simple"},"_links":{"self":[{"href":"https:\/\/www.molanoige.com\/ga\/wp-json\/wp\/v2\/product\/12916","targetHints":{"allow":["GET"]}}],"collection":[{"href":"https:\/\/www.molanoige.com\/ga\/wp-json\/wp\/v2\/product"}],"about":[{"href":"https:\/\/www.molanoige.com\/ga\/wp-json\/wp\/v2\/types\/product"}],"replies":[{"embeddable":true,"href":"https:\/\/www.molanoige.com\/ga\/wp-json\/wp\/v2\/comments?post=12916"}],"wp:featuredmedia":[{"embeddable":true,"href":"https:\/\/www.molanoige.com\/ga\/wp-json\/wp\/v2\/media\/12918"}],"wp:attachment":[{"href":"https:\/\/www.molanoige.com\/ga\/wp-json\/wp\/v2\/media?parent=12916"}],"wp:term":[{"taxonomy":"product_brand","embeddable":true,"href":"https:\/\/www.molanoige.com\/ga\/wp-json\/wp\/v2\/product_brand?post=12916"},{"taxonomy":"product_cat","embeddable":true,"href":"https:\/\/www.molanoige.com\/ga\/wp-json\/wp\/v2\/product_cat?post=12916"},{"taxonomy":"product_tag","embeddable":true,"href":"https:\/\/www.molanoige.com\/ga\/wp-json\/wp\/v2\/product_tag?post=12916"}],"curies":[{"name":"wp","href":"https:\/\/api.w.org\/{rel}","templated":true}]}}