{"id":12910,"date":"2022-07-29T22:09:33","date_gmt":"2022-07-29T22:09:33","guid":{"rendered":"https:\/\/www.molanoige.com\/product\/leabharmharcanna-tuar-ceatha\/"},"modified":"2026-02-02T18:14:52","modified_gmt":"2026-02-02T18:14:52","slug":"leabharmharcanna-tuar-ceatha","status":"publish","type":"product","link":"https:\/\/www.molanoige.com\/ga\/product\/leabharmharcanna-tuar-ceatha\/","title":{"rendered":"Leabharmharcanna \u2013  Tuar Ceatha \u2013 Bogha B\u00e1ist\u00ed"},"content":{"rendered":"<p>F\u00e9ach ar na leabharmharcanna seo. T\u00e1 siad go h\u00e1lainn. Tabhair iad do do dhalta\u00ed mar bhronntanais ag deireadh na bliana, n\u00f3 ar L\u00e1 Domhanda na Leabhar, n\u00f3 mar dhuaiseanna.<\/p>\n<p>Bogha B\u00e1ist\u00ed ar an leabharmharc agus ag r\u00e1 \u201cGreannmhar, br\u00f3nach, \u00e9asca, s\u00e1sta, dra\u00edochtach, suimi\u00fail, ar fheabhas \u201d<\/p>\n<div>T\u00e1 sp\u00e1s freisin chun Ainm an Dhalta, an D\u00e1ta agus S\u00edni\u00fa a l\u00edonadh isteach.<\/div>\n<p>Beautiful colourful bookmarks with words describing books in Irish.<\/p>\n<ul>\n<li>51 x 152 mm size<\/li>\n<li>great quality glossy paper<\/li>\n<li>2 sided<\/li>\n<li><strong>10 bookmarks per pack<\/strong><\/li>\n<\/ul>\n","protected":false},"excerpt":{"rendered":"<p>F\u00e9ach ar na leabharmharcanna seo. T\u00e1 siad go h\u00e1lainn. Tabhair iad do do dhalta\u00ed mar bhronntanais ag deireadh na bliana, n\u00f3 ar L\u00e1 Domhanda na Leabhar, n\u00f3 mar dhuaiseanna. Bogha B\u00e1ist\u00ed ar an leabharmharc agus ag r\u00e1 \u201cGreannmhar, br\u00f3nach, \u00e9asca, s\u00e1sta, dra\u00edochtach, suimi\u00fail, ar fheabhas \u201d T\u00e1 sp\u00e1s freisin chun Ainm an Dhalta, an D\u00e1ta [&hellip;]<\/p>\n","protected":false},"featured_media":12912,"comment_status":"open","ping_status":"closed","template":"","meta":{"_exactmetrics_skip_tracking":false,"_exactmetrics_sitenote_active":false,"_exactmetrics_sitenote_note":"","_exactmetrics_sitenote_category":0,"site-sidebar-layout":"default","site-content-layout":"default","ast-site-content-layout":"default","site-content-style":"default","site-sidebar-style":"default","ast-global-header-display":"","ast-banner-title-visibility":"","ast-main-header-display":"","ast-hfb-above-header-display":"","ast-hfb-below-header-display":"","ast-hfb-mobile-header-display":"","site-post-title":"","ast-breadcrumbs-content":"","ast-featured-img":"","footer-sml-layout":"","theme-transparent-header-meta":"default","adv-header-id-meta":"","stick-header-meta":"","header-above-stick-meta":"","header-main-stick-meta":"","header-below-stick-meta":"","astra-migrate-meta-layouts":"default","ast-page-background-enabled":"default","ast-page-background-meta":{"desktop":{"background-color":"","background-image":"","background-repeat":"repeat","background-position":"center center","background-size":"auto","background-attachment":"scroll","background-type":"","background-media":"","overlay-type":"","overlay-color":"","overlay-opacity":"","overlay-gradient":""},"tablet":{"background-color":"","background-image":"","background-repeat":"repeat","background-position":"center center","background-size":"auto","background-attachment":"scroll","background-type":"","background-media":"","overlay-type":"","overlay-color":"","overlay-opacity":"","overlay-gradient":""},"mobile":{"background-color":"","background-image":"","background-repeat":"repeat","background-position":"center center","background-size":"auto","background-attachment":"scroll","background-type":"","background-media":"","overlay-type":"","overlay-color":"","overlay-opacity":"","overlay-gradient":""}},"ast-content-background-meta":{"desktop":{"background-color":"var(--ast-global-color-5)","background-image":"","background-repeat":"repeat","background-position":"center center","background-size":"auto","background-attachment":"scroll","background-type":"","background-media":"","overlay-type":"","overlay-color":"","overlay-opacity":"","overlay-gradient":""},"tablet":{"background-color":"var(--ast-global-color-5)","background-image":"","background-repeat":"repeat","background-position":"center center","background-size":"auto","background-attachment":"scroll","background-type":"","background-media":"","overlay-type":"","overlay-color":"","overlay-opacity":"","overlay-gradient":""},"mobile":{"background-color":"var(--ast-global-color-5)","background-image":"","background-repeat":"repeat","background-position":"center center","background-size":"auto","background-attachment":"scroll","background-type":"","background-media":"","overlay-type":"","overlay-color":"","overlay-opacity":"","overlay-gradient":""}}},"product_brand":[],"product_cat":[799,793,830,838,811],"product_tag":[980,928,1106,1058,1025,950],"class_list":{"0":"post-12910","1":"product","2":"type-product","3":"status-publish","4":"has-post-thumbnail","6":"product_cat-bronntanais-duaiseanna","7":"product_cat-gaeilge","8":"product_cat-leabharmharcanna","9":"product_cat-leabharmharcanna-3","10":"product_cat-leitheoireacht","11":"product_tag-bookmark","12":"product_tag-gaeilge","13":"product_tag-leamh","14":"product_tag-prize","15":"product_tag-reading","16":"product_tag-reward","17":"desktop-align-left","18":"tablet-align-left","19":"mobile-align-left","21":"first","22":"instock","23":"shipping-taxable","24":"purchasable","25":"product-type-simple"},"_links":{"self":[{"href":"https:\/\/www.molanoige.com\/ga\/wp-json\/wp\/v2\/product\/12910","targetHints":{"allow":["GET"]}}],"collection":[{"href":"https:\/\/www.molanoige.com\/ga\/wp-json\/wp\/v2\/product"}],"about":[{"href":"https:\/\/www.molanoige.com\/ga\/wp-json\/wp\/v2\/types\/product"}],"replies":[{"embeddable":true,"href":"https:\/\/www.molanoige.com\/ga\/wp-json\/wp\/v2\/comments?post=12910"}],"wp:featuredmedia":[{"embeddable":true,"href":"https:\/\/www.molanoige.com\/ga\/wp-json\/wp\/v2\/media\/12912"}],"wp:attachment":[{"href":"https:\/\/www.molanoige.com\/ga\/wp-json\/wp\/v2\/media?parent=12910"}],"wp:term":[{"taxonomy":"product_brand","embeddable":true,"href":"https:\/\/www.molanoige.com\/ga\/wp-json\/wp\/v2\/product_brand?post=12910"},{"taxonomy":"product_cat","embeddable":true,"href":"https:\/\/www.molanoige.com\/ga\/wp-json\/wp\/v2\/product_cat?post=12910"},{"taxonomy":"product_tag","embeddable":true,"href":"https:\/\/www.molanoige.com\/ga\/wp-json\/wp\/v2\/product_tag?post=12910"}],"curies":[{"name":"wp","href":"https:\/\/api.w.org\/{rel}","templated":true}]}}