{"id":12904,"date":"2022-07-30T16:47:41","date_gmt":"2022-07-30T16:47:41","guid":{"rendered":"https:\/\/www.molanoige.com\/product\/mini-certificate-cartai-beaga-le-thar-barr\/"},"modified":"2026-02-02T18:14:51","modified_gmt":"2026-02-02T18:14:51","slug":"mini-certificate-cartai-beaga-le-thar-barr","status":"publish","type":"product","link":"https:\/\/www.molanoige.com\/ga\/product\/mini-certificate-cartai-beaga-le-thar-barr\/","title":{"rendered":"C\u00e1rta\u00ed beaga le Thar barr!"},"content":{"rendered":"<p>C\u00e1rta\u00ed beaga mar dhuaiseanna \u00e1ille ag r\u00e1 \u201cN\u00f3ta gearr le r\u00e1 go raibh&#8230;&#8230;&#8230;. ina s\u00e1rr\u00e9alta inniu. T\u00e1im an bhrod\u00fail asat!\u201d<\/p>\n<p>Thar barr<\/p>\n<div>T\u00e1 sp\u00e1s freisin chun Ainm an Dhalta, an D\u00e1ta agus S\u00edni\u00fa a l\u00edonadh isteach.<\/div>\n<div><\/div>\n<div>\n<ul>\n<li>85 x 55 mm size<\/li>\n<li>great quality glossy paper<\/li>\n<li><strong>10 certificates per pack<\/strong><\/li>\n<\/ul>\n<\/div>\n","protected":false},"excerpt":{"rendered":"<p>C\u00e1rta\u00ed beaga mar dhuaiseanna \u00e1ille ag r\u00e1 \u201cN\u00f3ta gearr le r\u00e1 go raibh&#8230;&#8230;&#8230;. ina s\u00e1rr\u00e9alta inniu. T\u00e1im an bhrod\u00fail asat!\u201d Thar barr T\u00e1 sp\u00e1s freisin chun Ainm an Dhalta, an D\u00e1ta agus S\u00edni\u00fa a l\u00edonadh isteach. 85 x 55 mm size great quality glossy paper 10 certificates per pack<\/p>\n","protected":false},"featured_media":12905,"comment_status":"open","ping_status":"closed","template":"","meta":{"_exactmetrics_skip_tracking":false,"_exactmetrics_sitenote_active":false,"_exactmetrics_sitenote_note":"","_exactmetrics_sitenote_category":0,"site-sidebar-layout":"default","site-content-layout":"default","ast-site-content-layout":"default","site-content-style":"default","site-sidebar-style":"default","ast-global-header-display":"","ast-banner-title-visibility":"","ast-main-header-display":"","ast-hfb-above-header-display":"","ast-hfb-below-header-display":"","ast-hfb-mobile-header-display":"","site-post-title":"","ast-breadcrumbs-content":"","ast-featured-img":"","footer-sml-layout":"","theme-transparent-header-meta":"default","adv-header-id-meta":"","stick-header-meta":"","header-above-stick-meta":"","header-main-stick-meta":"","header-below-stick-meta":"","astra-migrate-meta-layouts":"default","ast-page-background-enabled":"default","ast-page-background-meta":{"desktop":{"background-color":"","background-image":"","background-repeat":"repeat","background-position":"center center","background-size":"auto","background-attachment":"scroll","background-type":"","background-media":"","overlay-type":"","overlay-color":"","overlay-opacity":"","overlay-gradient":""},"tablet":{"background-color":"","background-image":"","background-repeat":"repeat","background-position":"center center","background-size":"auto","background-attachment":"scroll","background-type":"","background-media":"","overlay-type":"","overlay-color":"","overlay-opacity":"","overlay-gradient":""},"mobile":{"background-color":"","background-image":"","background-repeat":"repeat","background-position":"center center","background-size":"auto","background-attachment":"scroll","background-type":"","background-media":"","overlay-type":"","overlay-color":"","overlay-opacity":"","overlay-gradient":""}},"ast-content-background-meta":{"desktop":{"background-color":"var(--ast-global-color-5)","background-image":"","background-repeat":"repeat","background-position":"center center","background-size":"auto","background-attachment":"scroll","background-type":"","background-media":"","overlay-type":"","overlay-color":"","overlay-opacity":"","overlay-gradient":""},"tablet":{"background-color":"var(--ast-global-color-5)","background-image":"","background-repeat":"repeat","background-position":"center center","background-size":"auto","background-attachment":"scroll","background-type":"","background-media":"","overlay-type":"","overlay-color":"","overlay-opacity":"","overlay-gradient":""},"mobile":{"background-color":"var(--ast-global-color-5)","background-image":"","background-repeat":"repeat","background-position":"center center","background-size":"auto","background-attachment":"scroll","background-type":"","background-media":"","overlay-type":"","overlay-color":"","overlay-opacity":"","overlay-gradient":""}}},"product_brand":[],"product_cat":[793,805,807,839],"product_tag":[1045,947,795,1055,928,939,950,796,987,1103],"class_list":{"0":"post-12904","1":"product","2":"type-product","3":"status-publish","4":"has-post-thumbnail","6":"product_cat-gaeilge","7":"product_cat-certificates","8":"product_cat-teastais-gaeilge","9":"product_cat-notai","10":"product_tag-certificate","11":"product_tag-dalta-na-seachtaine","12":"product_tag-earrai-gaeilge","13":"product_tag-effort","14":"product_tag-gaeilge","15":"product_tag-gaeilgeoir","16":"product_tag-reward","17":"product_tag-seachtain-na-gaeilge","18":"product_tag-teastais","19":"product_tag-teastas","20":"desktop-align-left","21":"tablet-align-left","22":"mobile-align-left","24":"first","25":"instock","26":"shipping-taxable","27":"purchasable","28":"product-type-simple"},"_links":{"self":[{"href":"https:\/\/www.molanoige.com\/ga\/wp-json\/wp\/v2\/product\/12904","targetHints":{"allow":["GET"]}}],"collection":[{"href":"https:\/\/www.molanoige.com\/ga\/wp-json\/wp\/v2\/product"}],"about":[{"href":"https:\/\/www.molanoige.com\/ga\/wp-json\/wp\/v2\/types\/product"}],"replies":[{"embeddable":true,"href":"https:\/\/www.molanoige.com\/ga\/wp-json\/wp\/v2\/comments?post=12904"}],"wp:featuredmedia":[{"embeddable":true,"href":"https:\/\/www.molanoige.com\/ga\/wp-json\/wp\/v2\/media\/12905"}],"wp:attachment":[{"href":"https:\/\/www.molanoige.com\/ga\/wp-json\/wp\/v2\/media?parent=12904"}],"wp:term":[{"taxonomy":"product_brand","embeddable":true,"href":"https:\/\/www.molanoige.com\/ga\/wp-json\/wp\/v2\/product_brand?post=12904"},{"taxonomy":"product_cat","embeddable":true,"href":"https:\/\/www.molanoige.com\/ga\/wp-json\/wp\/v2\/product_cat?post=12904"},{"taxonomy":"product_tag","embeddable":true,"href":"https:\/\/www.molanoige.com\/ga\/wp-json\/wp\/v2\/product_tag?post=12904"}],"curies":[{"name":"wp","href":"https:\/\/api.w.org\/{rel}","templated":true}]}}