{"id":12902,"date":"2022-08-11T15:45:52","date_gmt":"2022-08-11T15:45:52","guid":{"rendered":"https:\/\/www.molanoige.com\/product\/gamer-controller-eraser-4-pc\/"},"modified":"2026-02-02T18:14:51","modified_gmt":"2026-02-02T18:14:51","slug":"gamer-controller-eraser-4-pc","status":"publish","type":"product","link":"https:\/\/www.molanoige.com\/ga\/product\/gamer-controller-eraser-4-pc\/","title":{"rendered":"Scrios\u00e1n Rialaitheora Imreoir\u00ed \u2013 4 ph\u00edosa"},"content":{"rendered":"<p>Gheobhaidh imreoir\u00ed neart beatha breise leis na scrios\u00e1in rialaitheora gleoite seo i ndathanna geala. T\u00e1 cnaip\u00ed ar na scrios\u00e1in luamh\u00e1n sti\u00fartha seo at\u00e1 ina scrios\u00e1in bheaga agus is duais spra\u00ed\u00fail iad (rogha eile gan sc\u00e1ile\u00e1n in ionad an rud f\u00edor) n\u00f3 bronntanas, agus is bua iad ag c\u00f3isir\u00ed t\u00e9amacha f\u00edschluich\u00ed agus stuara. <\/p>\n<p>Pac\u00e1iste de 4. <\/p>\n<p>M\u00e9id: 6&#215;4,5cm<\/p>\n","protected":false},"excerpt":{"rendered":"<p>Gheobhaidh imreoir\u00ed neart beatha breise leis na scrios\u00e1in rialaitheora gleoite seo i ndathanna geala. T\u00e1 cnaip\u00ed ar na scrios\u00e1in luamh\u00e1n sti\u00fartha seo at\u00e1 ina scrios\u00e1in bheaga agus is duais spra\u00ed\u00fail iad (rogha eile gan sc\u00e1ile\u00e1n in ionad an rud f\u00edor) n\u00f3 bronntanas, agus is bua iad ag c\u00f3isir\u00ed t\u00e9amacha f\u00edschluich\u00ed agus stuara. Pac\u00e1iste de 4. [&hellip;]<\/p>\n","protected":false},"featured_media":12903,"comment_status":"open","ping_status":"closed","template":"","meta":{"_exactmetrics_skip_tracking":false,"_exactmetrics_sitenote_active":false,"_exactmetrics_sitenote_note":"","_exactmetrics_sitenote_category":0,"site-sidebar-layout":"default","site-content-layout":"default","ast-site-content-layout":"default","site-content-style":"default","site-sidebar-style":"default","ast-global-header-display":"","ast-banner-title-visibility":"","ast-main-header-display":"","ast-hfb-above-header-display":"","ast-hfb-below-header-display":"","ast-hfb-mobile-header-display":"","site-post-title":"","ast-breadcrumbs-content":"","ast-featured-img":"","footer-sml-layout":"","theme-transparent-header-meta":"default","adv-header-id-meta":"","stick-header-meta":"","header-above-stick-meta":"","header-main-stick-meta":"","header-below-stick-meta":"","astra-migrate-meta-layouts":"default","ast-page-background-enabled":"default","ast-page-background-meta":{"desktop":{"background-color":"","background-image":"","background-repeat":"repeat","background-position":"center center","background-size":"auto","background-attachment":"scroll","background-type":"","background-media":"","overlay-type":"","overlay-color":"","overlay-opacity":"","overlay-gradient":""},"tablet":{"background-color":"","background-image":"","background-repeat":"repeat","background-position":"center center","background-size":"auto","background-attachment":"scroll","background-type":"","background-media":"","overlay-type":"","overlay-color":"","overlay-opacity":"","overlay-gradient":""},"mobile":{"background-color":"","background-image":"","background-repeat":"repeat","background-position":"center center","background-size":"auto","background-attachment":"scroll","background-type":"","background-media":"","overlay-type":"","overlay-color":"","overlay-opacity":"","overlay-gradient":""}},"ast-content-background-meta":{"desktop":{"background-color":"var(--ast-global-color-5)","background-image":"","background-repeat":"repeat","background-position":"center center","background-size":"auto","background-attachment":"scroll","background-type":"","background-media":"","overlay-type":"","overlay-color":"","overlay-opacity":"","overlay-gradient":""},"tablet":{"background-color":"var(--ast-global-color-5)","background-image":"","background-repeat":"repeat","background-position":"center center","background-size":"auto","background-attachment":"scroll","background-type":"","background-media":"","overlay-type":"","overlay-color":"","overlay-opacity":"","overlay-gradient":""},"mobile":{"background-color":"var(--ast-global-color-5)","background-image":"","background-repeat":"repeat","background-position":"center center","background-size":"auto","background-attachment":"scroll","background-type":"","background-media":"","overlay-type":"","overlay-color":"","overlay-opacity":"","overlay-gradient":""}}},"product_brand":[],"product_cat":[799,798],"product_tag":[963,1101,1058,932,1102],"class_list":{"0":"post-12902","1":"product","2":"type-product","3":"status-publish","4":"has-post-thumbnail","6":"product_cat-bronntanais-duaiseanna","7":"product_cat-erasers","8":"product_tag-eraser","9":"product_tag-gamer-eraser","10":"product_tag-prize","11":"product_tag-prize-box","12":"product_tag-rubber","13":"desktop-align-left","14":"tablet-align-left","15":"mobile-align-left","17":"first","18":"instock","19":"shipping-taxable","20":"purchasable","21":"product-type-simple"},"_links":{"self":[{"href":"https:\/\/www.molanoige.com\/ga\/wp-json\/wp\/v2\/product\/12902","targetHints":{"allow":["GET"]}}],"collection":[{"href":"https:\/\/www.molanoige.com\/ga\/wp-json\/wp\/v2\/product"}],"about":[{"href":"https:\/\/www.molanoige.com\/ga\/wp-json\/wp\/v2\/types\/product"}],"replies":[{"embeddable":true,"href":"https:\/\/www.molanoige.com\/ga\/wp-json\/wp\/v2\/comments?post=12902"}],"wp:featuredmedia":[{"embeddable":true,"href":"https:\/\/www.molanoige.com\/ga\/wp-json\/wp\/v2\/media\/12903"}],"wp:attachment":[{"href":"https:\/\/www.molanoige.com\/ga\/wp-json\/wp\/v2\/media?parent=12902"}],"wp:term":[{"taxonomy":"product_brand","embeddable":true,"href":"https:\/\/www.molanoige.com\/ga\/wp-json\/wp\/v2\/product_brand?post=12902"},{"taxonomy":"product_cat","embeddable":true,"href":"https:\/\/www.molanoige.com\/ga\/wp-json\/wp\/v2\/product_cat?post=12902"},{"taxonomy":"product_tag","embeddable":true,"href":"https:\/\/www.molanoige.com\/ga\/wp-json\/wp\/v2\/product_tag?post=12902"}],"curies":[{"name":"wp","href":"https:\/\/api.w.org\/{rel}","templated":true}]}}