{"id":12897,"date":"2022-08-11T17:07:39","date_gmt":"2022-08-11T17:07:39","guid":{"rendered":"https:\/\/www.molanoige.com\/product\/donut-animal-pencil-topper-erasers-4-pcs\/"},"modified":"2026-02-02T18:14:51","modified_gmt":"2026-02-02T18:14:51","slug":"donut-animal-pencil-topper-erasers-4-pcs","status":"publish","type":"product","link":"https:\/\/www.molanoige.com\/ga\/product\/donut-animal-pencil-topper-erasers-4-pcs\/","title":{"rendered":"Scrios\u00e1in Barrpheann luaidhe Ainmhithe D\u00f3nut \u2013 4 ph\u00edosa"},"content":{"rendered":"<p>N\u00e1 lig do na haghaidheanna gleoite cur am\u00fa oraibh, t\u00e1 na barrpheann luaidhe seo d\u00e1ir\u00edre maidir le bot\u00fain a scriosadh! Tabhair amach iad mar dhuaiseanna ranga n\u00f3 mar bhronntanais do ph\u00e1irt\u00ed ranga. T\u00e1 dh\u00e1 ph\u00edosa sna scrios\u00e1in rubair seo is f\u00e9idir a bhaint \u00f3na ch\u00e9ile agus a chur le ch\u00e9ile cos\u00fail le puzal. Is duais milis agus faiseanta iad do do dhalta\u00ed agus cinnte cuirfidh siad \u00e1thas orthu. Pac\u00e1iste de 4. M\u00e9id: 3cm<\/p>\n","protected":false},"excerpt":{"rendered":"<p>N\u00e1 lig do na haghaidheanna gleoite cur am\u00fa oraibh, t\u00e1 na barrpheann luaidhe seo d\u00e1ir\u00edre maidir le bot\u00fain a scriosadh! Tabhair amach iad mar dhuaiseanna ranga n\u00f3 mar bhronntanais do ph\u00e1irt\u00ed ranga. T\u00e1 dh\u00e1 ph\u00edosa sna scrios\u00e1in rubair seo is f\u00e9idir a bhaint \u00f3na ch\u00e9ile agus a chur le ch\u00e9ile cos\u00fail le puzal. Is duais [&hellip;]<\/p>\n","protected":false},"featured_media":12899,"comment_status":"open","ping_status":"closed","template":"","meta":{"_exactmetrics_skip_tracking":false,"_exactmetrics_sitenote_active":false,"_exactmetrics_sitenote_note":"","_exactmetrics_sitenote_category":0,"site-sidebar-layout":"default","site-content-layout":"default","ast-site-content-layout":"default","site-content-style":"default","site-sidebar-style":"default","ast-global-header-display":"","ast-banner-title-visibility":"","ast-main-header-display":"","ast-hfb-above-header-display":"","ast-hfb-below-header-display":"","ast-hfb-mobile-header-display":"","site-post-title":"","ast-breadcrumbs-content":"","ast-featured-img":"","footer-sml-layout":"","theme-transparent-header-meta":"default","adv-header-id-meta":"","stick-header-meta":"","header-above-stick-meta":"","header-main-stick-meta":"","header-below-stick-meta":"","astra-migrate-meta-layouts":"default","ast-page-background-enabled":"default","ast-page-background-meta":{"desktop":{"background-color":"","background-image":"","background-repeat":"repeat","background-position":"center center","background-size":"auto","background-attachment":"scroll","background-type":"","background-media":"","overlay-type":"","overlay-color":"","overlay-opacity":"","overlay-gradient":""},"tablet":{"background-color":"","background-image":"","background-repeat":"repeat","background-position":"center center","background-size":"auto","background-attachment":"scroll","background-type":"","background-media":"","overlay-type":"","overlay-color":"","overlay-opacity":"","overlay-gradient":""},"mobile":{"background-color":"","background-image":"","background-repeat":"repeat","background-position":"center center","background-size":"auto","background-attachment":"scroll","background-type":"","background-media":"","overlay-type":"","overlay-color":"","overlay-opacity":"","overlay-gradient":""}},"ast-content-background-meta":{"desktop":{"background-color":"var(--ast-global-color-5)","background-image":"","background-repeat":"repeat","background-position":"center center","background-size":"auto","background-attachment":"scroll","background-type":"","background-media":"","overlay-type":"","overlay-color":"","overlay-opacity":"","overlay-gradient":""},"tablet":{"background-color":"var(--ast-global-color-5)","background-image":"","background-repeat":"repeat","background-position":"center center","background-size":"auto","background-attachment":"scroll","background-type":"","background-media":"","overlay-type":"","overlay-color":"","overlay-opacity":"","overlay-gradient":""},"mobile":{"background-color":"var(--ast-global-color-5)","background-image":"","background-repeat":"repeat","background-position":"center center","background-size":"auto","background-attachment":"scroll","background-type":"","background-media":"","overlay-type":"","overlay-color":"","overlay-opacity":"","overlay-gradient":""}}},"product_brand":[],"product_cat":[799,798],"product_tag":[975,1097,963,1098,1099,1100],"class_list":{"0":"post-12897","1":"product","2":"type-product","3":"status-publish","4":"has-post-thumbnail","6":"product_cat-bronntanais-duaiseanna","7":"product_cat-erasers","8":"product_tag-cute","9":"product_tag-donut-eraser","10":"product_tag-eraser","11":"product_tag-pencil-eraser","12":"product_tag-pencil-topper","13":"product_tag-prize-boox","14":"desktop-align-left","15":"tablet-align-left","16":"mobile-align-left","18":"first","19":"instock","20":"shipping-taxable","21":"purchasable","22":"product-type-simple"},"_links":{"self":[{"href":"https:\/\/www.molanoige.com\/ga\/wp-json\/wp\/v2\/product\/12897","targetHints":{"allow":["GET"]}}],"collection":[{"href":"https:\/\/www.molanoige.com\/ga\/wp-json\/wp\/v2\/product"}],"about":[{"href":"https:\/\/www.molanoige.com\/ga\/wp-json\/wp\/v2\/types\/product"}],"replies":[{"embeddable":true,"href":"https:\/\/www.molanoige.com\/ga\/wp-json\/wp\/v2\/comments?post=12897"}],"wp:featuredmedia":[{"embeddable":true,"href":"https:\/\/www.molanoige.com\/ga\/wp-json\/wp\/v2\/media\/12899"}],"wp:attachment":[{"href":"https:\/\/www.molanoige.com\/ga\/wp-json\/wp\/v2\/media?parent=12897"}],"wp:term":[{"taxonomy":"product_brand","embeddable":true,"href":"https:\/\/www.molanoige.com\/ga\/wp-json\/wp\/v2\/product_brand?post=12897"},{"taxonomy":"product_cat","embeddable":true,"href":"https:\/\/www.molanoige.com\/ga\/wp-json\/wp\/v2\/product_cat?post=12897"},{"taxonomy":"product_tag","embeddable":true,"href":"https:\/\/www.molanoige.com\/ga\/wp-json\/wp\/v2\/product_tag?post=12897"}],"curies":[{"name":"wp","href":"https:\/\/api.w.org\/{rel}","templated":true}]}}