{"id":12892,"date":"2022-08-15T16:00:12","date_gmt":"2022-08-15T16:00:12","guid":{"rendered":"https:\/\/www.molanoige.com\/product\/greamain-gaeilgeoir-na-seachtaine\/"},"modified":"2026-02-02T18:14:51","modified_gmt":"2026-02-02T18:14:51","slug":"greamain-gaeilgeoir-na-seachtaine","status":"publish","type":"product","link":"https:\/\/www.molanoige.com\/ga\/product\/greamain-gaeilgeoir-na-seachtaine\/","title":{"rendered":"Gream\u00e1in  Gaeilgeoir na Seachtaine"},"content":{"rendered":"<p>Gream\u00e1in Gaeilgeoir na Seachtaine (Cainteoir Gaeilge na Seachtaine)_n_nSpreagann agus spreagann siad dalta\u00ed agus cotha\u00edonn siad timpeallacht fhoghlama dhearfach. T\u00e1 na gream\u00e1in bheoga agus tarraingteacha seo deartha chun eisp\u00e9ireas l\u00fach\u00e1ireach agus fi\u00fantach a dh\u00e9anamh den mh\u00fainteoireacht do mh\u00fainteoir\u00ed agus do dhalta\u00ed araon._n_nT\u00e1 r\u00e9imse leathan deara\u00ed ildaite agus tarraingteacha in\u00e1r mbaili\u00fach\u00e1n gream\u00e1n, lena n-\u00e1ir\u00edtear siombail\u00ed agus dathanna na h\u00c9ireann._n_nTagann na gream\u00e1in i mbileoga \u00e1isi\u00fala de 25 gream\u00e1n (4 bhileog), rud a fh\u00e1gann go bhfuil siad \u00e9asca le d\u00e1ileadh agus le cur i bhfeidhm._n_nD\u00e9anta as \u00e1bhair phr\u00e9imhe, t\u00e1 na gream\u00e1in seo buan, fadsaolach, agus is f\u00e9idir leo seasamh in aghaidh caitheamh agus cuimilt ghn\u00edomha\u00edochta\u00ed laeth\u00fala an tseomra ranga. Greama\u00edonn siad go daingean le dromchla\u00ed \u00e9ags\u00fala, amhail leabhair n\u00f3ta\u00ed, cairteacha agus \u00e9ada\u00ed._n_n3cm x100 gream\u00e1n i bpac\u00e1iste_n_n100 x Gream\u00e1in Mh\u00f3r<\/p>\n","protected":false},"excerpt":{"rendered":"<p>Gream\u00e1in Gaeilgeoir na Seachtaine (Cainteoir Gaeilge na Seachtaine)_n_nSpreagann agus spreagann siad dalta\u00ed agus cotha\u00edonn siad timpeallacht fhoghlama dhearfach. T\u00e1 na gream\u00e1in bheoga agus tarraingteacha seo deartha chun eisp\u00e9ireas l\u00fach\u00e1ireach agus fi\u00fantach a dh\u00e9anamh den mh\u00fainteoireacht do mh\u00fainteoir\u00ed agus do dhalta\u00ed araon._n_nT\u00e1 r\u00e9imse leathan deara\u00ed ildaite agus tarraingteacha in\u00e1r mbaili\u00fach\u00e1n gream\u00e1n, lena n-\u00e1ir\u00edtear siombail\u00ed agus dathanna [&hellip;]<\/p>\n","protected":false},"featured_media":12894,"comment_status":"open","ping_status":"closed","template":"","meta":{"_exactmetrics_skip_tracking":false,"_exactmetrics_sitenote_active":false,"_exactmetrics_sitenote_note":"","_exactmetrics_sitenote_category":0,"site-sidebar-layout":"default","site-content-layout":"default","ast-site-content-layout":"default","site-content-style":"default","site-sidebar-style":"default","ast-global-header-display":"","ast-banner-title-visibility":"","ast-main-header-display":"","ast-hfb-above-header-display":"","ast-hfb-below-header-display":"","ast-hfb-mobile-header-display":"","site-post-title":"","ast-breadcrumbs-content":"","ast-featured-img":"","footer-sml-layout":"","theme-transparent-header-meta":"default","adv-header-id-meta":"","stick-header-meta":"","header-above-stick-meta":"","header-main-stick-meta":"","header-below-stick-meta":"","astra-migrate-meta-layouts":"default","ast-page-background-enabled":"default","ast-page-background-meta":{"desktop":{"background-color":"","background-image":"","background-repeat":"repeat","background-position":"center center","background-size":"auto","background-attachment":"scroll","background-type":"","background-media":"","overlay-type":"","overlay-color":"","overlay-opacity":"","overlay-gradient":""},"tablet":{"background-color":"","background-image":"","background-repeat":"repeat","background-position":"center center","background-size":"auto","background-attachment":"scroll","background-type":"","background-media":"","overlay-type":"","overlay-color":"","overlay-opacity":"","overlay-gradient":""},"mobile":{"background-color":"","background-image":"","background-repeat":"repeat","background-position":"center center","background-size":"auto","background-attachment":"scroll","background-type":"","background-media":"","overlay-type":"","overlay-color":"","overlay-opacity":"","overlay-gradient":""}},"ast-content-background-meta":{"desktop":{"background-color":"var(--ast-global-color-5)","background-image":"","background-repeat":"repeat","background-position":"center center","background-size":"auto","background-attachment":"scroll","background-type":"","background-media":"","overlay-type":"","overlay-color":"","overlay-opacity":"","overlay-gradient":""},"tablet":{"background-color":"var(--ast-global-color-5)","background-image":"","background-repeat":"repeat","background-position":"center center","background-size":"auto","background-attachment":"scroll","background-type":"","background-media":"","overlay-type":"","overlay-color":"","overlay-opacity":"","overlay-gradient":""},"mobile":{"background-color":"var(--ast-global-color-5)","background-image":"","background-repeat":"repeat","background-position":"center center","background-size":"auto","background-attachment":"scroll","background-type":"","background-media":"","overlay-type":"","overlay-color":"","overlay-opacity":"","overlay-gradient":""}}},"product_brand":[],"product_cat":[793,833,819,822],"product_tag":[939,945,1094],"class_list":{"0":"post-12892","1":"product","2":"type-product","3":"status-publish","4":"has-post-thumbnail","6":"product_cat-gaeilge","7":"product_cat-greamain","8":"product_cat-priomhoide","9":"product_cat-seachtain-na-gaeilge","10":"product_tag-gaeilgeoir","11":"product_tag-gaeilgeoir-na-seachtaine","12":"product_tag-gaelscoileanna","13":"desktop-align-left","14":"tablet-align-left","15":"mobile-align-left","17":"first","18":"instock","19":"shipping-taxable","20":"purchasable","21":"product-type-simple"},"_links":{"self":[{"href":"https:\/\/www.molanoige.com\/ga\/wp-json\/wp\/v2\/product\/12892","targetHints":{"allow":["GET"]}}],"collection":[{"href":"https:\/\/www.molanoige.com\/ga\/wp-json\/wp\/v2\/product"}],"about":[{"href":"https:\/\/www.molanoige.com\/ga\/wp-json\/wp\/v2\/types\/product"}],"replies":[{"embeddable":true,"href":"https:\/\/www.molanoige.com\/ga\/wp-json\/wp\/v2\/comments?post=12892"}],"wp:featuredmedia":[{"embeddable":true,"href":"https:\/\/www.molanoige.com\/ga\/wp-json\/wp\/v2\/media\/12894"}],"wp:attachment":[{"href":"https:\/\/www.molanoige.com\/ga\/wp-json\/wp\/v2\/media?parent=12892"}],"wp:term":[{"taxonomy":"product_brand","embeddable":true,"href":"https:\/\/www.molanoige.com\/ga\/wp-json\/wp\/v2\/product_brand?post=12892"},{"taxonomy":"product_cat","embeddable":true,"href":"https:\/\/www.molanoige.com\/ga\/wp-json\/wp\/v2\/product_cat?post=12892"},{"taxonomy":"product_tag","embeddable":true,"href":"https:\/\/www.molanoige.com\/ga\/wp-json\/wp\/v2\/product_tag?post=12892"}],"curies":[{"name":"wp","href":"https:\/\/api.w.org\/{rel}","templated":true}]}}