{"id":12888,"date":"2022-08-15T16:26:07","date_gmt":"2022-08-15T16:26:07","guid":{"rendered":"https:\/\/www.molanoige.com\/product\/i-lost-a-tooth-badge-10pc\/"},"modified":"2026-02-02T18:14:57","modified_gmt":"2026-02-02T18:14:57","slug":"i-lost-a-tooth-badge-10pc","status":"publish","type":"product","link":"https:\/\/www.molanoige.com\/ga\/product\/i-lost-a-tooth-badge-10pc\/","title":{"rendered":"Chaill m\u00e9 Fiacail badge (10pc.)"},"content":{"rendered":"<p>Measc\u00e1n de shuaitheantais ghorma agus corcra 32mm leis na focail \u201cI lost a tooth\u201d. <\/p>\n<p>Tabhair ceann do do dhalta chun com\u00f3radh a dh\u00e9anamh ar n\u00f3im\u00e9ad chomh t\u00e1bhachtach sin. T\u00e1 na suaitheantais seo iontach chun a chur in i\u00fal do thuismitheoir\u00ed an dalta gur chaill siad fiacail ar scoil. <\/p>\n<p>Pac\u00e1iste de 10 suaitheantas.<\/p>\n","protected":false},"excerpt":{"rendered":"<p>Measc\u00e1n de shuaitheantais ghorma agus corcra 32mm leis na focail \u201cI lost a tooth\u201d. Tabhair ceann do do dhalta chun com\u00f3radh a dh\u00e9anamh ar n\u00f3im\u00e9ad chomh t\u00e1bhachtach sin. T\u00e1 na suaitheantais seo iontach chun a chur in i\u00fal do thuismitheoir\u00ed an dalta gur chaill siad fiacail ar scoil. Pac\u00e1iste de 10 suaitheantas.<\/p>\n","protected":false},"featured_media":12889,"comment_status":"open","ping_status":"closed","template":"","meta":{"_exactmetrics_skip_tracking":false,"_exactmetrics_sitenote_active":false,"_exactmetrics_sitenote_note":"","_exactmetrics_sitenote_category":0,"site-sidebar-layout":"default","site-content-layout":"default","ast-site-content-layout":"default","site-content-style":"default","site-sidebar-style":"default","ast-global-header-display":"","ast-banner-title-visibility":"","ast-main-header-display":"","ast-hfb-above-header-display":"","ast-hfb-below-header-display":"","ast-hfb-mobile-header-display":"","site-post-title":"","ast-breadcrumbs-content":"","ast-featured-img":"","footer-sml-layout":"","theme-transparent-header-meta":"default","adv-header-id-meta":"","stick-header-meta":"","header-above-stick-meta":"","header-main-stick-meta":"","header-below-stick-meta":"","astra-migrate-meta-layouts":"default","ast-page-background-enabled":"default","ast-page-background-meta":{"desktop":{"background-color":"","background-image":"","background-repeat":"repeat","background-position":"center center","background-size":"auto","background-attachment":"scroll","background-type":"","background-media":"","overlay-type":"","overlay-color":"","overlay-opacity":"","overlay-gradient":""},"tablet":{"background-color":"","background-image":"","background-repeat":"repeat","background-position":"center center","background-size":"auto","background-attachment":"scroll","background-type":"","background-media":"","overlay-type":"","overlay-color":"","overlay-opacity":"","overlay-gradient":""},"mobile":{"background-color":"","background-image":"","background-repeat":"repeat","background-position":"center center","background-size":"auto","background-attachment":"scroll","background-type":"","background-media":"","overlay-type":"","overlay-color":"","overlay-opacity":"","overlay-gradient":""}},"ast-content-background-meta":{"desktop":{"background-color":"var(--ast-global-color-5)","background-image":"","background-repeat":"repeat","background-position":"center center","background-size":"auto","background-attachment":"scroll","background-type":"","background-media":"","overlay-type":"","overlay-color":"","overlay-opacity":"","overlay-gradient":""},"tablet":{"background-color":"var(--ast-global-color-5)","background-image":"","background-repeat":"repeat","background-position":"center center","background-size":"auto","background-attachment":"scroll","background-type":"","background-media":"","overlay-type":"","overlay-color":"","overlay-opacity":"","overlay-gradient":""},"mobile":{"background-color":"var(--ast-global-color-5)","background-image":"","background-repeat":"repeat","background-position":"center center","background-size":"auto","background-attachment":"scroll","background-type":"","background-media":"","overlay-type":"","overlay-color":"","overlay-opacity":"","overlay-gradient":""}}},"product_brand":[],"product_cat":[799,793,800,792,835],"product_tag":[1091,1092,1093],"class_list":{"0":"post-12888","1":"product","2":"type-product","3":"status-publish","4":"has-post-thumbnail","6":"product_cat-bronntanais-duaiseanna","7":"product_cat-gaeilge","8":"product_cat-slainte-follaine","9":"product_cat-suaitheantais","10":"product_cat-suaitheantas-gaeilge","11":"product_tag-i-lost-a-tooth","12":"product_tag-milestone","13":"product_tag-tooth","14":"desktop-align-left","15":"tablet-align-left","16":"mobile-align-left","18":"first","19":"instock","20":"shipping-taxable","21":"purchasable","22":"product-type-variable"},"_links":{"self":[{"href":"https:\/\/www.molanoige.com\/ga\/wp-json\/wp\/v2\/product\/12888","targetHints":{"allow":["GET"]}}],"collection":[{"href":"https:\/\/www.molanoige.com\/ga\/wp-json\/wp\/v2\/product"}],"about":[{"href":"https:\/\/www.molanoige.com\/ga\/wp-json\/wp\/v2\/types\/product"}],"replies":[{"embeddable":true,"href":"https:\/\/www.molanoige.com\/ga\/wp-json\/wp\/v2\/comments?post=12888"}],"wp:featuredmedia":[{"embeddable":true,"href":"https:\/\/www.molanoige.com\/ga\/wp-json\/wp\/v2\/media\/12889"}],"wp:attachment":[{"href":"https:\/\/www.molanoige.com\/ga\/wp-json\/wp\/v2\/media?parent=12888"}],"wp:term":[{"taxonomy":"product_brand","embeddable":true,"href":"https:\/\/www.molanoige.com\/ga\/wp-json\/wp\/v2\/product_brand?post=12888"},{"taxonomy":"product_cat","embeddable":true,"href":"https:\/\/www.molanoige.com\/ga\/wp-json\/wp\/v2\/product_cat?post=12888"},{"taxonomy":"product_tag","embeddable":true,"href":"https:\/\/www.molanoige.com\/ga\/wp-json\/wp\/v2\/product_tag?post=12888"}],"curies":[{"name":"wp","href":"https:\/\/api.w.org\/{rel}","templated":true}]}}