{"id":12856,"date":"2022-09-03T16:45:45","date_gmt":"2022-09-03T16:45:45","guid":{"rendered":"https:\/\/www.molanoige.com\/product\/halloween-monster-stickers-greamain-doiche-shamhna\/"},"modified":"2026-02-02T18:14:48","modified_gmt":"2026-02-02T18:14:48","slug":"halloween-monster-stickers-greamain-doiche-shamhna","status":"publish","type":"product","link":"https:\/\/www.molanoige.com\/ga\/product\/halloween-monster-stickers-greamain-doiche-shamhna\/","title":{"rendered":"Gream\u00e1in d\u2019O\u00edche Shamhna"},"content":{"rendered":"<p>Sraith gream\u00e1n O\u00edche Shamhna ildaite le picti\u00fair d\u2019arrachtaigh. Tabhair iad do do dhalta\u00ed roimh shos scoile O\u00edche Shamhna n\u00f3 greamaigh iad ar mh\u00e1la milse\u00e1n n\u00f3 ar bhonn seacl\u00e1ide. Ar f\u00e1il i mB\u00e9arla n\u00f3 i nGaeilge. Gream\u00e1in 24 x 4cm ar mh\u00f3ra<\/p>\n","protected":false},"excerpt":{"rendered":"<p>Sraith gream\u00e1n O\u00edche Shamhna ildaite le picti\u00fair d\u2019arrachtaigh. Tabhair iad do do dhalta\u00ed roimh shos scoile O\u00edche Shamhna n\u00f3 greamaigh iad ar mh\u00e1la milse\u00e1n n\u00f3 ar bhonn seacl\u00e1ide. Ar f\u00e1il i mB\u00e9arla n\u00f3 i nGaeilge. Gream\u00e1in 24 x 4cm ar mh\u00f3ra<\/p>\n","protected":false},"featured_media":12857,"comment_status":"open","ping_status":"closed","template":"","meta":{"_exactmetrics_skip_tracking":false,"_exactmetrics_sitenote_active":false,"_exactmetrics_sitenote_note":"","_exactmetrics_sitenote_category":0,"site-sidebar-layout":"default","site-content-layout":"default","ast-site-content-layout":"default","site-content-style":"default","site-sidebar-style":"default","ast-global-header-display":"","ast-banner-title-visibility":"","ast-main-header-display":"","ast-hfb-above-header-display":"","ast-hfb-below-header-display":"","ast-hfb-mobile-header-display":"","site-post-title":"","ast-breadcrumbs-content":"","ast-featured-img":"","footer-sml-layout":"","theme-transparent-header-meta":"default","adv-header-id-meta":"","stick-header-meta":"","header-above-stick-meta":"","header-main-stick-meta":"","header-below-stick-meta":"","astra-migrate-meta-layouts":"default","ast-page-background-enabled":"default","ast-page-background-meta":{"desktop":{"background-color":"","background-image":"","background-repeat":"repeat","background-position":"center center","background-size":"auto","background-attachment":"scroll","background-type":"","background-media":"","overlay-type":"","overlay-color":"","overlay-opacity":"","overlay-gradient":""},"tablet":{"background-color":"","background-image":"","background-repeat":"repeat","background-position":"center center","background-size":"auto","background-attachment":"scroll","background-type":"","background-media":"","overlay-type":"","overlay-color":"","overlay-opacity":"","overlay-gradient":""},"mobile":{"background-color":"","background-image":"","background-repeat":"repeat","background-position":"center center","background-size":"auto","background-attachment":"scroll","background-type":"","background-media":"","overlay-type":"","overlay-color":"","overlay-opacity":"","overlay-gradient":""}},"ast-content-background-meta":{"desktop":{"background-color":"var(--ast-global-color-5)","background-image":"","background-repeat":"repeat","background-position":"center center","background-size":"auto","background-attachment":"scroll","background-type":"","background-media":"","overlay-type":"","overlay-color":"","overlay-opacity":"","overlay-gradient":""},"tablet":{"background-color":"var(--ast-global-color-5)","background-image":"","background-repeat":"repeat","background-position":"center center","background-size":"auto","background-attachment":"scroll","background-type":"","background-media":"","overlay-type":"","overlay-color":"","overlay-opacity":"","overlay-gradient":""},"mobile":{"background-color":"var(--ast-global-color-5)","background-image":"","background-repeat":"repeat","background-position":"center center","background-size":"auto","background-attachment":"scroll","background-type":"","background-media":"","overlay-type":"","overlay-color":"","overlay-opacity":"","overlay-gradient":""}}},"product_brand":[],"product_cat":[793,837,833,832],"product_tag":[948,921,1081,1082,961],"class_list":{"0":"post-12856","1":"product","2":"type-product","3":"status-publish","4":"has-post-thumbnail","6":"product_cat-gaeilge","7":"product_cat-greamain-2","8":"product_cat-greamain","9":"product_cat-oiche-shamhna","10":"product_tag-greamain","11":"product_tag-halloween","12":"product_tag-monster-stickers","13":"product_tag-oiche-shamhna","14":"product_tag-stickers","15":"desktop-align-left","16":"tablet-align-left","17":"mobile-align-left","19":"first","20":"instock","21":"shipping-taxable","22":"purchasable","23":"product-type-variable"},"_links":{"self":[{"href":"https:\/\/www.molanoige.com\/ga\/wp-json\/wp\/v2\/product\/12856","targetHints":{"allow":["GET"]}}],"collection":[{"href":"https:\/\/www.molanoige.com\/ga\/wp-json\/wp\/v2\/product"}],"about":[{"href":"https:\/\/www.molanoige.com\/ga\/wp-json\/wp\/v2\/types\/product"}],"replies":[{"embeddable":true,"href":"https:\/\/www.molanoige.com\/ga\/wp-json\/wp\/v2\/comments?post=12856"}],"wp:featuredmedia":[{"embeddable":true,"href":"https:\/\/www.molanoige.com\/ga\/wp-json\/wp\/v2\/media\/12857"}],"wp:attachment":[{"href":"https:\/\/www.molanoige.com\/ga\/wp-json\/wp\/v2\/media?parent=12856"}],"wp:term":[{"taxonomy":"product_brand","embeddable":true,"href":"https:\/\/www.molanoige.com\/ga\/wp-json\/wp\/v2\/product_brand?post=12856"},{"taxonomy":"product_cat","embeddable":true,"href":"https:\/\/www.molanoige.com\/ga\/wp-json\/wp\/v2\/product_cat?post=12856"},{"taxonomy":"product_tag","embeddable":true,"href":"https:\/\/www.molanoige.com\/ga\/wp-json\/wp\/v2\/product_tag?post=12856"}],"curies":[{"name":"wp","href":"https:\/\/api.w.org\/{rel}","templated":true}]}}