{"id":12846,"date":"2022-09-19T17:11:18","date_gmt":"2022-09-19T17:11:18","guid":{"rendered":"https:\/\/www.molanoige.com\/product\/anti-bullying-kindness-stickers\/"},"modified":"2026-02-02T18:14:41","modified_gmt":"2026-02-02T18:14:41","slug":"anti-bullying-kindness-stickers","status":"publish","type":"product","link":"https:\/\/www.molanoige.com\/ga\/product\/anti-bullying-kindness-stickers\/","title":{"rendered":"Gream\u00e1in Frith-bhula\u00edochta &#038; Cine\u00e1ltais"},"content":{"rendered":"<p>Cuir cine\u00e1ltas agus cult\u00far frith-bhula\u00edochta chun cinn le gream\u00e1in ildaite a tharraing\u00edonn aird na s\u00fal. <\/p>\n<p>Deir na teachtaireachta\u00ed ar na gream\u00e1in aoibhneacha seo: <\/p>\n<ul>\n<li> Is cara maith m\u00e9<\/li>\n<li> Seasann m\u00e9 suas i gcoinne bulaithe<\/li>\n<li> Cairde i gcoinne bulaithe<\/li>\n<li> B\u00ed i do chara, n\u00ed i do bhula\u00ed<\/li>\n<li> Stop a chur le bula\u00edocht<\/li>\n<li> B\u00ed i do chara, n\u00ed i do bhula\u00ed<\/li>\n<li> T\u00e1im cine\u00e1lta i gc\u00f3na\u00ed<\/li>\n<\/ul>\n<p> Sraith de 24 gream\u00e1n m\u00f3r ar A4.<\/p>\n","protected":false},"excerpt":{"rendered":"<p>Cuir cine\u00e1ltas agus cult\u00far frith-bhula\u00edochta chun cinn le gream\u00e1in ildaite a tharraing\u00edonn aird na s\u00fal. Deir na teachtaireachta\u00ed ar na gream\u00e1in aoibhneacha seo: Is cara maith m\u00e9 Seasann m\u00e9 suas i gcoinne bulaithe Cairde i gcoinne bulaithe B\u00ed i do chara, n\u00ed i do bhula\u00ed Stop a chur le bula\u00edocht B\u00ed i do chara, n\u00ed [&hellip;]<\/p>\n","protected":false},"featured_media":12847,"comment_status":"open","ping_status":"closed","template":"","meta":{"_exactmetrics_skip_tracking":false,"_exactmetrics_sitenote_active":false,"_exactmetrics_sitenote_note":"","_exactmetrics_sitenote_category":0,"site-sidebar-layout":"default","site-content-layout":"default","ast-site-content-layout":"default","site-content-style":"default","site-sidebar-style":"default","ast-global-header-display":"","ast-banner-title-visibility":"","ast-main-header-display":"","ast-hfb-above-header-display":"","ast-hfb-below-header-display":"","ast-hfb-mobile-header-display":"","site-post-title":"","ast-breadcrumbs-content":"","ast-featured-img":"","footer-sml-layout":"","theme-transparent-header-meta":"default","adv-header-id-meta":"","stick-header-meta":"","header-above-stick-meta":"","header-main-stick-meta":"","header-below-stick-meta":"","astra-migrate-meta-layouts":"default","ast-page-background-enabled":"default","ast-page-background-meta":{"desktop":{"background-color":"","background-image":"","background-repeat":"repeat","background-position":"center center","background-size":"auto","background-attachment":"scroll","background-type":"","background-media":"","overlay-type":"","overlay-color":"","overlay-opacity":"","overlay-gradient":""},"tablet":{"background-color":"","background-image":"","background-repeat":"repeat","background-position":"center center","background-size":"auto","background-attachment":"scroll","background-type":"","background-media":"","overlay-type":"","overlay-color":"","overlay-opacity":"","overlay-gradient":""},"mobile":{"background-color":"","background-image":"","background-repeat":"repeat","background-position":"center center","background-size":"auto","background-attachment":"scroll","background-type":"","background-media":"","overlay-type":"","overlay-color":"","overlay-opacity":"","overlay-gradient":""}},"ast-content-background-meta":{"desktop":{"background-color":"var(--ast-global-color-5)","background-image":"","background-repeat":"repeat","background-position":"center center","background-size":"auto","background-attachment":"scroll","background-type":"","background-media":"","overlay-type":"","overlay-color":"","overlay-opacity":"","overlay-gradient":""},"tablet":{"background-color":"var(--ast-global-color-5)","background-image":"","background-repeat":"repeat","background-position":"center center","background-size":"auto","background-attachment":"scroll","background-type":"","background-media":"","overlay-type":"","overlay-color":"","overlay-opacity":"","overlay-gradient":""},"mobile":{"background-color":"var(--ast-global-color-5)","background-image":"","background-repeat":"repeat","background-position":"center center","background-size":"auto","background-attachment":"scroll","background-type":"","background-media":"","overlay-type":"","overlay-color":"","overlay-opacity":"","overlay-gradient":""}}},"product_brand":[],"product_cat":[837,828],"product_tag":[1016,1075,1018,1019,1078],"class_list":{"0":"post-12846","1":"product","2":"type-product","3":"status-publish","4":"has-post-thumbnail","6":"product_cat-greamain-2","7":"product_cat-iompar","8":"product_tag-anti-bullying","9":"product_tag-be-kind","10":"product_tag-friendship","11":"product_tag-kindness","12":"product_tag-stop-bullying","13":"desktop-align-left","14":"tablet-align-left","15":"mobile-align-left","17":"first","18":"instock","19":"shipping-taxable","20":"purchasable","21":"product-type-simple"},"_links":{"self":[{"href":"https:\/\/www.molanoige.com\/ga\/wp-json\/wp\/v2\/product\/12846","targetHints":{"allow":["GET"]}}],"collection":[{"href":"https:\/\/www.molanoige.com\/ga\/wp-json\/wp\/v2\/product"}],"about":[{"href":"https:\/\/www.molanoige.com\/ga\/wp-json\/wp\/v2\/types\/product"}],"replies":[{"embeddable":true,"href":"https:\/\/www.molanoige.com\/ga\/wp-json\/wp\/v2\/comments?post=12846"}],"wp:featuredmedia":[{"embeddable":true,"href":"https:\/\/www.molanoige.com\/ga\/wp-json\/wp\/v2\/media\/12847"}],"wp:attachment":[{"href":"https:\/\/www.molanoige.com\/ga\/wp-json\/wp\/v2\/media?parent=12846"}],"wp:term":[{"taxonomy":"product_brand","embeddable":true,"href":"https:\/\/www.molanoige.com\/ga\/wp-json\/wp\/v2\/product_brand?post=12846"},{"taxonomy":"product_cat","embeddable":true,"href":"https:\/\/www.molanoige.com\/ga\/wp-json\/wp\/v2\/product_cat?post=12846"},{"taxonomy":"product_tag","embeddable":true,"href":"https:\/\/www.molanoige.com\/ga\/wp-json\/wp\/v2\/product_tag?post=12846"}],"curies":[{"name":"wp","href":"https:\/\/api.w.org\/{rel}","templated":true}]}}