{"id":12841,"date":"2022-09-20T10:20:57","date_gmt":"2022-09-20T10:20:57","guid":{"rendered":"https:\/\/www.molanoige.com\/product\/irish-reward-good-work-badges-x10\/"},"modified":"2026-02-02T18:14:40","modified_gmt":"2026-02-02T18:14:40","slug":"irish-reward-good-work-badges-x10","status":"publish","type":"product","link":"https:\/\/www.molanoige.com\/ga\/product\/irish-reward-good-work-badges-x10\/","title":{"rendered":"Suaitheantais Dea-Oibre Luach Saothair na h\u00c9ireann (x10)"},"content":{"rendered":"<p>Measc\u00e1n de 10 suaitheantas ildaite chun dea-obair agus iarracht a lua\u00edocht! Bronntanas foirfe do dhalta\u00ed. Is f\u00e9idir leo iad a cheangal lena m\u00e1la droma n\u00f3 lena geansa\u00ed agus a chaitheamh le br\u00f3d. <\/p>\n<p>Tagann suaitheantais i ndeara\u00ed geala, s\u00falmhara \u00e9ags\u00fala agus deir siad: <\/p>\n<p>Go Deas <\/p>\n<p>Go hIontach <\/p>\n<p>Maith Th\u00fa <\/p>\n<p>S\u00e1r-Mhaith <\/p>\n<p>Ar Fheabhas <\/p>\n<p>Pac\u00e1iste de 10 suaitheantas 32mm.<\/p>\n","protected":false},"excerpt":{"rendered":"<p>Measc\u00e1n de 10 suaitheantas ildaite chun dea-obair agus iarracht a lua\u00edocht! Bronntanas foirfe do dhalta\u00ed. Is f\u00e9idir leo iad a cheangal lena m\u00e1la droma n\u00f3 lena geansa\u00ed agus a chaitheamh le br\u00f3d. Tagann suaitheantais i ndeara\u00ed geala, s\u00falmhara \u00e9ags\u00fala agus deir siad: Go Deas Go hIontach Maith Th\u00fa S\u00e1r-Mhaith Ar Fheabhas Pac\u00e1iste de 10 suaitheantas [&hellip;]<\/p>\n","protected":false},"featured_media":12843,"comment_status":"open","ping_status":"closed","template":"","meta":{"_exactmetrics_skip_tracking":false,"_exactmetrics_sitenote_active":false,"_exactmetrics_sitenote_note":"","_exactmetrics_sitenote_category":0,"site-sidebar-layout":"default","site-content-layout":"default","ast-site-content-layout":"default","site-content-style":"default","site-sidebar-style":"default","ast-global-header-display":"","ast-banner-title-visibility":"","ast-main-header-display":"","ast-hfb-above-header-display":"","ast-hfb-below-header-display":"","ast-hfb-mobile-header-display":"","site-post-title":"","ast-breadcrumbs-content":"","ast-featured-img":"","footer-sml-layout":"","theme-transparent-header-meta":"default","adv-header-id-meta":"","stick-header-meta":"","header-above-stick-meta":"","header-main-stick-meta":"","header-below-stick-meta":"","astra-migrate-meta-layouts":"default","ast-page-background-enabled":"default","ast-page-background-meta":{"desktop":{"background-color":"","background-image":"","background-repeat":"repeat","background-position":"center center","background-size":"auto","background-attachment":"scroll","background-type":"","background-media":"","overlay-type":"","overlay-color":"","overlay-opacity":"","overlay-gradient":""},"tablet":{"background-color":"","background-image":"","background-repeat":"repeat","background-position":"center center","background-size":"auto","background-attachment":"scroll","background-type":"","background-media":"","overlay-type":"","overlay-color":"","overlay-opacity":"","overlay-gradient":""},"mobile":{"background-color":"","background-image":"","background-repeat":"repeat","background-position":"center center","background-size":"auto","background-attachment":"scroll","background-type":"","background-media":"","overlay-type":"","overlay-color":"","overlay-opacity":"","overlay-gradient":""}},"ast-content-background-meta":{"desktop":{"background-color":"var(--ast-global-color-5)","background-image":"","background-repeat":"repeat","background-position":"center center","background-size":"auto","background-attachment":"scroll","background-type":"","background-media":"","overlay-type":"","overlay-color":"","overlay-opacity":"","overlay-gradient":""},"tablet":{"background-color":"var(--ast-global-color-5)","background-image":"","background-repeat":"repeat","background-position":"center center","background-size":"auto","background-attachment":"scroll","background-type":"","background-media":"","overlay-type":"","overlay-color":"","overlay-opacity":"","overlay-gradient":""},"mobile":{"background-color":"var(--ast-global-color-5)","background-image":"","background-repeat":"repeat","background-position":"center center","background-size":"auto","background-attachment":"scroll","background-type":"","background-media":"","overlay-type":"","overlay-color":"","overlay-opacity":"","overlay-gradient":""}}},"product_brand":[],"product_cat":[793,806,822,792,835],"product_tag":[1065,939,1067,1068,1069,1070,1071,1072,1073,1074,1063],"class_list":{"0":"post-12841","1":"product","2":"type-product","3":"status-publish","4":"has-post-thumbnail","6":"product_cat-gaeilge","7":"product_cat-iarraht-moladh","8":"product_cat-seachtain-na-gaeilge","9":"product_cat-suaitheantais","10":"product_cat-suaitheantas-gaeilge","11":"product_tag-ar-fheabhas","12":"product_tag-gaeilgeoir","13":"product_tag-go-deas","14":"product_tag-go-hiontach","15":"product_tag-good-work","16":"product_tag-irish-badge","17":"product_tag-maith-thu","18":"product_tag-rainbow-badge","19":"product_tag-sar-mhaith","20":"product_tag-suaitheantas","21":"product_tag-well-done","22":"desktop-align-left","23":"tablet-align-left","24":"mobile-align-left","26":"first","27":"instock","28":"shipping-taxable","29":"purchasable","30":"product-type-simple"},"_links":{"self":[{"href":"https:\/\/www.molanoige.com\/ga\/wp-json\/wp\/v2\/product\/12841","targetHints":{"allow":["GET"]}}],"collection":[{"href":"https:\/\/www.molanoige.com\/ga\/wp-json\/wp\/v2\/product"}],"about":[{"href":"https:\/\/www.molanoige.com\/ga\/wp-json\/wp\/v2\/types\/product"}],"replies":[{"embeddable":true,"href":"https:\/\/www.molanoige.com\/ga\/wp-json\/wp\/v2\/comments?post=12841"}],"wp:featuredmedia":[{"embeddable":true,"href":"https:\/\/www.molanoige.com\/ga\/wp-json\/wp\/v2\/media\/12843"}],"wp:attachment":[{"href":"https:\/\/www.molanoige.com\/ga\/wp-json\/wp\/v2\/media?parent=12841"}],"wp:term":[{"taxonomy":"product_brand","embeddable":true,"href":"https:\/\/www.molanoige.com\/ga\/wp-json\/wp\/v2\/product_brand?post=12841"},{"taxonomy":"product_cat","embeddable":true,"href":"https:\/\/www.molanoige.com\/ga\/wp-json\/wp\/v2\/product_cat?post=12841"},{"taxonomy":"product_tag","embeddable":true,"href":"https:\/\/www.molanoige.com\/ga\/wp-json\/wp\/v2\/product_tag?post=12841"}],"curies":[{"name":"wp","href":"https:\/\/api.w.org\/{rel}","templated":true}]}}