{"id":12835,"date":"2022-10-03T10:14:57","date_gmt":"2022-10-03T10:14:57","guid":{"rendered":"https:\/\/www.molanoige.com\/product\/halloween-pencils\/"},"modified":"2026-02-02T18:14:40","modified_gmt":"2026-02-02T18:14:40","slug":"halloween-pencils","status":"publish","type":"product","link":"https:\/\/www.molanoige.com\/ga\/product\/halloween-pencils\/","title":{"rendered":"Peann luaidhe O\u00edche Shamhna Taibhs\u00ed agus puimc\u00edn\u00ed"},"content":{"rendered":"<p>Cuir beag\u00e1n O\u00edche Shamhna \u201c<strong>spirit<\/strong>\u201d le deasc do mhic l\u00e9inn leis na pinn luaidhe scanr\u00fala seo! Is iad na pinn luaidhe seo an bronntanas \u201c<strong>write<\/strong>\u201d le tabhairt do dhaoine a bh\u00edonn ag iarraidh dul ar th\u00f3ir cleasanna n\u00f3 a\u00edonna c\u00f3isire, agus t\u00e1 dearadh taibhse agus pumpkin ildaite fillte ar na pinn luaidhe adhmaid 7 1\/2&quot; seo. <\/p>\n<p>12 sa phac\u00e1iste<\/p>\n","protected":false},"excerpt":{"rendered":"<p>Cuir beag\u00e1n O\u00edche Shamhna \u201cspirit\u201d le deasc do mhic l\u00e9inn leis na pinn luaidhe scanr\u00fala seo! Is iad na pinn luaidhe seo an bronntanas \u201cwrite\u201d le tabhairt do dhaoine a bh\u00edonn ag iarraidh dul ar th\u00f3ir cleasanna n\u00f3 a\u00edonna c\u00f3isire, agus t\u00e1 dearadh taibhse agus pumpkin ildaite fillte ar na pinn luaidhe adhmaid 7 1\/2&quot; [&hellip;]<\/p>\n","protected":false},"featured_media":12836,"comment_status":"open","ping_status":"closed","template":"","meta":{"_exactmetrics_skip_tracking":false,"_exactmetrics_sitenote_active":false,"_exactmetrics_sitenote_note":"","_exactmetrics_sitenote_category":0,"site-sidebar-layout":"default","site-content-layout":"default","ast-site-content-layout":"default","site-content-style":"default","site-sidebar-style":"default","ast-global-header-display":"","ast-banner-title-visibility":"","ast-main-header-display":"","ast-hfb-above-header-display":"","ast-hfb-below-header-display":"","ast-hfb-mobile-header-display":"","site-post-title":"","ast-breadcrumbs-content":"","ast-featured-img":"","footer-sml-layout":"","theme-transparent-header-meta":"default","adv-header-id-meta":"","stick-header-meta":"","header-above-stick-meta":"","header-main-stick-meta":"","header-below-stick-meta":"","astra-migrate-meta-layouts":"default","ast-page-background-enabled":"default","ast-page-background-meta":{"desktop":{"background-color":"","background-image":"","background-repeat":"repeat","background-position":"center center","background-size":"auto","background-attachment":"scroll","background-type":"","background-media":"","overlay-type":"","overlay-color":"","overlay-opacity":"","overlay-gradient":""},"tablet":{"background-color":"","background-image":"","background-repeat":"repeat","background-position":"center center","background-size":"auto","background-attachment":"scroll","background-type":"","background-media":"","overlay-type":"","overlay-color":"","overlay-opacity":"","overlay-gradient":""},"mobile":{"background-color":"","background-image":"","background-repeat":"repeat","background-position":"center center","background-size":"auto","background-attachment":"scroll","background-type":"","background-media":"","overlay-type":"","overlay-color":"","overlay-opacity":"","overlay-gradient":""}},"ast-content-background-meta":{"desktop":{"background-color":"var(--ast-global-color-5)","background-image":"","background-repeat":"repeat","background-position":"center center","background-size":"auto","background-attachment":"scroll","background-type":"","background-media":"","overlay-type":"","overlay-color":"","overlay-opacity":"","overlay-gradient":""},"tablet":{"background-color":"var(--ast-global-color-5)","background-image":"","background-repeat":"repeat","background-position":"center center","background-size":"auto","background-attachment":"scroll","background-type":"","background-media":"","overlay-type":"","overlay-color":"","overlay-opacity":"","overlay-gradient":""},"mobile":{"background-color":"var(--ast-global-color-5)","background-image":"","background-repeat":"repeat","background-position":"center center","background-size":"auto","background-attachment":"scroll","background-type":"","background-media":"","overlay-type":"","overlay-color":"","overlay-opacity":"","overlay-gradient":""}}},"product_brand":[],"product_cat":[832,813],"product_tag":[1057,921,1058,991,922,1063],"class_list":{"0":"post-12835","1":"product","2":"type-product","3":"status-publish","4":"has-post-thumbnail","6":"product_cat-oiche-shamhna","7":"product_cat-peannluaidhe","8":"product_tag-good-behaviour","9":"product_tag-halloween","10":"product_tag-prize","11":"product_tag-rewards","12":"product_tag-treat","13":"product_tag-well-done","14":"desktop-align-left","15":"tablet-align-left","16":"mobile-align-left","18":"first","19":"outofstock","20":"sale","21":"shipping-taxable","22":"purchasable","23":"product-type-simple"},"_links":{"self":[{"href":"https:\/\/www.molanoige.com\/ga\/wp-json\/wp\/v2\/product\/12835","targetHints":{"allow":["GET"]}}],"collection":[{"href":"https:\/\/www.molanoige.com\/ga\/wp-json\/wp\/v2\/product"}],"about":[{"href":"https:\/\/www.molanoige.com\/ga\/wp-json\/wp\/v2\/types\/product"}],"replies":[{"embeddable":true,"href":"https:\/\/www.molanoige.com\/ga\/wp-json\/wp\/v2\/comments?post=12835"}],"wp:featuredmedia":[{"embeddable":true,"href":"https:\/\/www.molanoige.com\/ga\/wp-json\/wp\/v2\/media\/12836"}],"wp:attachment":[{"href":"https:\/\/www.molanoige.com\/ga\/wp-json\/wp\/v2\/media?parent=12835"}],"wp:term":[{"taxonomy":"product_brand","embeddable":true,"href":"https:\/\/www.molanoige.com\/ga\/wp-json\/wp\/v2\/product_brand?post=12835"},{"taxonomy":"product_cat","embeddable":true,"href":"https:\/\/www.molanoige.com\/ga\/wp-json\/wp\/v2\/product_cat?post=12835"},{"taxonomy":"product_tag","embeddable":true,"href":"https:\/\/www.molanoige.com\/ga\/wp-json\/wp\/v2\/product_tag?post=12835"}],"curies":[{"name":"wp","href":"https:\/\/api.w.org\/{rel}","templated":true}]}}