{"id":12829,"date":"2022-10-03T11:26:40","date_gmt":"2022-10-03T11:26:40","guid":{"rendered":"https:\/\/www.molanoige.com\/product\/mini-fruit-erasers\/"},"modified":"2026-02-02T18:14:39","modified_gmt":"2026-02-02T18:14:39","slug":"mini-fruit-erasers","status":"publish","type":"product","link":"https:\/\/www.molanoige.com\/ga\/product\/mini-fruit-erasers\/","title":{"rendered":"Scrios\u00e1in Bheaga Tortha\u00ed"},"content":{"rendered":"<p>Nach bealach an-deas \u00e9 seo chun f\u00e1il r\u00e9idh le bot\u00fain \ud83d\ude42 <\/p>\n<p>Roghnaigh \u00f3 s\u00fatha tal\u00fan agus sil\u00edn\u00ed go dt\u00ed mealbhac\u00e1n uisce agus \u00falla. Is f\u00e9idir le dalta\u00ed an chuid tortha\u00ed ioml\u00e1n de do shiopa gr\u00f3saera \u00e1iti\u00fail a fh\u00e1il anseo. Is cinnte go mbeidh na cinn bheaga thar a bheith s\u00e1sta leis an measc\u00e1n seo Boom boom <\/p>\n<p>12 scrios\u00e1n in aghaidh an phac\u00e1iste<\/p>\n","protected":false},"excerpt":{"rendered":"<p>Nach bealach an-deas \u00e9 seo chun f\u00e1il r\u00e9idh le bot\u00fain \ud83d\ude42 Roghnaigh \u00f3 s\u00fatha tal\u00fan agus sil\u00edn\u00ed go dt\u00ed mealbhac\u00e1n uisce agus \u00falla. Is f\u00e9idir le dalta\u00ed an chuid tortha\u00ed ioml\u00e1n de do shiopa gr\u00f3saera \u00e1iti\u00fail a fh\u00e1il anseo. Is cinnte go mbeidh na cinn bheaga thar a bheith s\u00e1sta leis an measc\u00e1n seo Boom [&hellip;]<\/p>\n","protected":false},"featured_media":12830,"comment_status":"open","ping_status":"closed","template":"","meta":{"_exactmetrics_skip_tracking":false,"_exactmetrics_sitenote_active":false,"_exactmetrics_sitenote_note":"","_exactmetrics_sitenote_category":0,"site-sidebar-layout":"default","site-content-layout":"default","ast-site-content-layout":"default","site-content-style":"default","site-sidebar-style":"default","ast-global-header-display":"","ast-banner-title-visibility":"","ast-main-header-display":"","ast-hfb-above-header-display":"","ast-hfb-below-header-display":"","ast-hfb-mobile-header-display":"","site-post-title":"","ast-breadcrumbs-content":"","ast-featured-img":"","footer-sml-layout":"","theme-transparent-header-meta":"default","adv-header-id-meta":"","stick-header-meta":"","header-above-stick-meta":"","header-main-stick-meta":"","header-below-stick-meta":"","astra-migrate-meta-layouts":"default","ast-page-background-enabled":"default","ast-page-background-meta":{"desktop":{"background-color":"","background-image":"","background-repeat":"repeat","background-position":"center center","background-size":"auto","background-attachment":"scroll","background-type":"","background-media":"","overlay-type":"","overlay-color":"","overlay-opacity":"","overlay-gradient":""},"tablet":{"background-color":"","background-image":"","background-repeat":"repeat","background-position":"center center","background-size":"auto","background-attachment":"scroll","background-type":"","background-media":"","overlay-type":"","overlay-color":"","overlay-opacity":"","overlay-gradient":""},"mobile":{"background-color":"","background-image":"","background-repeat":"repeat","background-position":"center center","background-size":"auto","background-attachment":"scroll","background-type":"","background-media":"","overlay-type":"","overlay-color":"","overlay-opacity":"","overlay-gradient":""}},"ast-content-background-meta":{"desktop":{"background-color":"var(--ast-global-color-5)","background-image":"","background-repeat":"repeat","background-position":"center center","background-size":"auto","background-attachment":"scroll","background-type":"","background-media":"","overlay-type":"","overlay-color":"","overlay-opacity":"","overlay-gradient":""},"tablet":{"background-color":"var(--ast-global-color-5)","background-image":"","background-repeat":"repeat","background-position":"center center","background-size":"auto","background-attachment":"scroll","background-type":"","background-media":"","overlay-type":"","overlay-color":"","overlay-opacity":"","overlay-gradient":""},"mobile":{"background-color":"var(--ast-global-color-5)","background-image":"","background-repeat":"repeat","background-position":"center center","background-size":"auto","background-attachment":"scroll","background-type":"","background-media":"","overlay-type":"","overlay-color":"","overlay-opacity":"","overlay-gradient":""}}},"product_brand":[],"product_cat":[799,798],"product_tag":[983,1061,931,1057,964,962,1058,1059,1060,936,991],"class_list":{"0":"post-12829","1":"product","2":"type-product","3":"status-publish","4":"has-post-thumbnail","6":"product_cat-bronntanais-duaiseanna","7":"product_cat-erasers","8":"product_tag-award","9":"product_tag-cute-eraser","10":"product_tag-erasers","11":"product_tag-good-behaviour","12":"product_tag-pencil","13":"product_tag-praise","14":"product_tag-prize","15":"product_tag-prizes","16":"product_tag-pupil-of-the-week","17":"product_tag-pupil-rewards","18":"product_tag-rewards","19":"desktop-align-left","20":"tablet-align-left","21":"mobile-align-left","23":"first","24":"instock","25":"shipping-taxable","26":"purchasable","27":"product-type-simple"},"_links":{"self":[{"href":"https:\/\/www.molanoige.com\/ga\/wp-json\/wp\/v2\/product\/12829","targetHints":{"allow":["GET"]}}],"collection":[{"href":"https:\/\/www.molanoige.com\/ga\/wp-json\/wp\/v2\/product"}],"about":[{"href":"https:\/\/www.molanoige.com\/ga\/wp-json\/wp\/v2\/types\/product"}],"replies":[{"embeddable":true,"href":"https:\/\/www.molanoige.com\/ga\/wp-json\/wp\/v2\/comments?post=12829"}],"wp:featuredmedia":[{"embeddable":true,"href":"https:\/\/www.molanoige.com\/ga\/wp-json\/wp\/v2\/media\/12830"}],"wp:attachment":[{"href":"https:\/\/www.molanoige.com\/ga\/wp-json\/wp\/v2\/media?parent=12829"}],"wp:term":[{"taxonomy":"product_brand","embeddable":true,"href":"https:\/\/www.molanoige.com\/ga\/wp-json\/wp\/v2\/product_brand?post=12829"},{"taxonomy":"product_cat","embeddable":true,"href":"https:\/\/www.molanoige.com\/ga\/wp-json\/wp\/v2\/product_cat?post=12829"},{"taxonomy":"product_tag","embeddable":true,"href":"https:\/\/www.molanoige.com\/ga\/wp-json\/wp\/v2\/product_tag?post=12829"}],"curies":[{"name":"wp","href":"https:\/\/api.w.org\/{rel}","templated":true}]}}