{"id":12827,"date":"2022-10-03T11:37:10","date_gmt":"2022-10-03T11:37:10","guid":{"rendered":"https:\/\/www.molanoige.com\/product\/gingerbread-erasers\/"},"modified":"2026-02-02T18:14:39","modified_gmt":"2026-02-02T18:14:39","slug":"gingerbread-erasers","status":"publish","type":"product","link":"https:\/\/www.molanoige.com\/ga\/product\/gingerbread-erasers\/","title":{"rendered":"Scrios\u00e1in Sins\u00e9ir"},"content":{"rendered":"<p>Gabh iad m\u00e1s f\u00e9idir leat. Rithfidh na scrios\u00e1in bheaga gleoite seo chomh tapa agus is f\u00e9idir leo! Measc agus meaitse\u00e1il le pinn luaidhe agus milse\u00e1in Nollag le haghaidh bronntanas Nollag n\u00f3 stoca\u00ed. Smaoineamh iontach freisin mar ch\u00f3ir speisialta do sh\u00e9as\u00far na Nollag <\/p>\n<p>12 i bpac\u00e1iste<\/p>\n","protected":false},"excerpt":{"rendered":"<p>Gabh iad m\u00e1s f\u00e9idir leat. Rithfidh na scrios\u00e1in bheaga gleoite seo chomh tapa agus is f\u00e9idir leo! Measc agus meaitse\u00e1il le pinn luaidhe agus milse\u00e1in Nollag le haghaidh bronntanas Nollag n\u00f3 stoca\u00ed. Smaoineamh iontach freisin mar ch\u00f3ir speisialta do sh\u00e9as\u00far na Nollag 12 i bpac\u00e1iste<\/p>\n","protected":false},"featured_media":12828,"comment_status":"open","ping_status":"closed","template":"","meta":{"_exactmetrics_skip_tracking":false,"_exactmetrics_sitenote_active":false,"_exactmetrics_sitenote_note":"","_exactmetrics_sitenote_category":0,"site-sidebar-layout":"default","site-content-layout":"default","ast-site-content-layout":"default","site-content-style":"default","site-sidebar-style":"default","ast-global-header-display":"","ast-banner-title-visibility":"","ast-main-header-display":"","ast-hfb-above-header-display":"","ast-hfb-below-header-display":"","ast-hfb-mobile-header-display":"","site-post-title":"","ast-breadcrumbs-content":"","ast-featured-img":"","footer-sml-layout":"","theme-transparent-header-meta":"default","adv-header-id-meta":"","stick-header-meta":"","header-above-stick-meta":"","header-main-stick-meta":"","header-below-stick-meta":"","astra-migrate-meta-layouts":"default","ast-page-background-enabled":"default","ast-page-background-meta":{"desktop":{"background-color":"","background-image":"","background-repeat":"repeat","background-position":"center center","background-size":"auto","background-attachment":"scroll","background-type":"","background-media":"","overlay-type":"","overlay-color":"","overlay-opacity":"","overlay-gradient":""},"tablet":{"background-color":"","background-image":"","background-repeat":"repeat","background-position":"center center","background-size":"auto","background-attachment":"scroll","background-type":"","background-media":"","overlay-type":"","overlay-color":"","overlay-opacity":"","overlay-gradient":""},"mobile":{"background-color":"","background-image":"","background-repeat":"repeat","background-position":"center center","background-size":"auto","background-attachment":"scroll","background-type":"","background-media":"","overlay-type":"","overlay-color":"","overlay-opacity":"","overlay-gradient":""}},"ast-content-background-meta":{"desktop":{"background-color":"var(--ast-global-color-5)","background-image":"","background-repeat":"repeat","background-position":"center center","background-size":"auto","background-attachment":"scroll","background-type":"","background-media":"","overlay-type":"","overlay-color":"","overlay-opacity":"","overlay-gradient":""},"tablet":{"background-color":"var(--ast-global-color-5)","background-image":"","background-repeat":"repeat","background-position":"center center","background-size":"auto","background-attachment":"scroll","background-type":"","background-media":"","overlay-type":"","overlay-color":"","overlay-opacity":"","overlay-gradient":""},"mobile":{"background-color":"var(--ast-global-color-5)","background-image":"","background-repeat":"repeat","background-position":"center center","background-size":"auto","background-attachment":"scroll","background-type":"","background-media":"","overlay-type":"","overlay-color":"","overlay-opacity":"","overlay-gradient":""}}},"product_brand":[],"product_cat":[798,809],"product_tag":[983,954,963,1057,962,1058,1059,1060,936],"class_list":{"0":"post-12827","1":"product","2":"type-product","3":"status-publish","4":"has-post-thumbnail","6":"product_cat-erasers","7":"product_cat-nollaig","8":"product_tag-award","9":"product_tag-christmas","10":"product_tag-eraser","11":"product_tag-good-behaviour","12":"product_tag-praise","13":"product_tag-prize","14":"product_tag-prizes","15":"product_tag-pupil-of-the-week","16":"product_tag-pupil-rewards","17":"desktop-align-left","18":"tablet-align-left","19":"mobile-align-left","21":"first","22":"instock","23":"shipping-taxable","24":"purchasable","25":"product-type-simple"},"_links":{"self":[{"href":"https:\/\/www.molanoige.com\/ga\/wp-json\/wp\/v2\/product\/12827","targetHints":{"allow":["GET"]}}],"collection":[{"href":"https:\/\/www.molanoige.com\/ga\/wp-json\/wp\/v2\/product"}],"about":[{"href":"https:\/\/www.molanoige.com\/ga\/wp-json\/wp\/v2\/types\/product"}],"replies":[{"embeddable":true,"href":"https:\/\/www.molanoige.com\/ga\/wp-json\/wp\/v2\/comments?post=12827"}],"wp:featuredmedia":[{"embeddable":true,"href":"https:\/\/www.molanoige.com\/ga\/wp-json\/wp\/v2\/media\/12828"}],"wp:attachment":[{"href":"https:\/\/www.molanoige.com\/ga\/wp-json\/wp\/v2\/media?parent=12827"}],"wp:term":[{"taxonomy":"product_brand","embeddable":true,"href":"https:\/\/www.molanoige.com\/ga\/wp-json\/wp\/v2\/product_brand?post=12827"},{"taxonomy":"product_cat","embeddable":true,"href":"https:\/\/www.molanoige.com\/ga\/wp-json\/wp\/v2\/product_cat?post=12827"},{"taxonomy":"product_tag","embeddable":true,"href":"https:\/\/www.molanoige.com\/ga\/wp-json\/wp\/v2\/product_tag?post=12827"}],"curies":[{"name":"wp","href":"https:\/\/api.w.org\/{rel}","templated":true}]}}