{"id":12814,"date":"2022-10-23T12:09:51","date_gmt":"2022-10-23T12:09:51","guid":{"rendered":"https:\/\/www.molanoige.com\/product\/fun-christmas-reward-stickers\/"},"modified":"2026-02-02T18:14:38","modified_gmt":"2026-02-02T18:14:38","slug":"fun-christmas-reward-stickers","status":"publish","type":"product","link":"https:\/\/www.molanoige.com\/ga\/product\/fun-christmas-reward-stickers\/","title":{"rendered":"Gream\u00e1in Luach Saothair Nollag Spra\u00ed\u00fala"},"content":{"rendered":"<p>Tacar de 100 gream\u00e1n le r\u00e1itis spra\u00ed\u00fala chun luach saothair a thabhairt do do dhalta\u00ed le linn Sh\u00e9as\u00far na Nollag. <\/p>\n<p>D\u00e9an eachtra dhochreidte den fhoghlaim len\u00e1r nGream\u00e1in Luach Saothair Nollag Gleoite. F\u00e9ach agus do dhalta\u00ed ag lonr\u00fa le br\u00f3d agus le d\u00edograis agus iad ag baili\u00fa agus ag taispe\u00e1int na gcomhartha\u00ed deasa seo de do bhu\u00edochas. Taispe\u00e1in do do dhalta\u00ed go bhfuil a gcuid oibre crua agus a nd\u00fathracht f\u00edorth\u00e1bhachtach le gream\u00e1in a gheala\u00edonn a l\u00e1 agus a chuireann borradh faoina ngr\u00e1 don fhoghlaim. <\/p>\n<p>Claochlaigh do sheomra ranga ina \u00e1it dearfachta, spreagtha, agus aoibh gh\u00e1ire gan teorainn. Beidh do dhalta\u00ed bu\u00edoch d\u00edot, agus bainfidh t\u00fa taitneamh as bunt\u00e1ist\u00ed timpeallachta ranga n\u00edos rannph\u00e1irt\u00ed agus n\u00edos fonnmhaire chun foghlama. <\/p>\n<p>Gream\u00e1in ildaite le picti\u00fair gheala Nollag ag r\u00e1: <\/p>\n<p>Gan-CHLOIGIN-a-bhaint amach! <\/p>\n<p>Obair an-fhionnuar! <\/p>\n<p>T\u00e1 t\u00fa LIT! <\/p>\n<p>Dochreidte! <\/p>\n<p>Maith go leor! <\/p>\n<p>Obair Mhilis! <\/p>\n<p>Iarracht iontach! <\/p>\n<p>Fian\u00e1n cliste! <\/p>\n<p>Geallaimid go mbeidh na gream\u00e1in seo ina mbuaic i do sheomra ranga!<\/p>\n","protected":false},"excerpt":{"rendered":"<p>Tacar de 100 gream\u00e1n le r\u00e1itis spra\u00ed\u00fala chun luach saothair a thabhairt do do dhalta\u00ed le linn Sh\u00e9as\u00far na Nollag. D\u00e9an eachtra dhochreidte den fhoghlaim len\u00e1r nGream\u00e1in Luach Saothair Nollag Gleoite. F\u00e9ach agus do dhalta\u00ed ag lonr\u00fa le br\u00f3d agus le d\u00edograis agus iad ag baili\u00fa agus ag taispe\u00e1int na gcomhartha\u00ed deasa seo de do [&hellip;]<\/p>\n","protected":false},"featured_media":12816,"comment_status":"open","ping_status":"closed","template":"","meta":{"_exactmetrics_skip_tracking":false,"_exactmetrics_sitenote_active":false,"_exactmetrics_sitenote_note":"","_exactmetrics_sitenote_category":0,"site-sidebar-layout":"default","site-content-layout":"default","ast-site-content-layout":"default","site-content-style":"default","site-sidebar-style":"default","ast-global-header-display":"","ast-banner-title-visibility":"","ast-main-header-display":"","ast-hfb-above-header-display":"","ast-hfb-below-header-display":"","ast-hfb-mobile-header-display":"","site-post-title":"","ast-breadcrumbs-content":"","ast-featured-img":"","footer-sml-layout":"","theme-transparent-header-meta":"default","adv-header-id-meta":"","stick-header-meta":"","header-above-stick-meta":"","header-main-stick-meta":"","header-below-stick-meta":"","astra-migrate-meta-layouts":"default","ast-page-background-enabled":"default","ast-page-background-meta":{"desktop":{"background-color":"","background-image":"","background-repeat":"repeat","background-position":"center center","background-size":"auto","background-attachment":"scroll","background-type":"","background-media":"","overlay-type":"","overlay-color":"","overlay-opacity":"","overlay-gradient":""},"tablet":{"background-color":"","background-image":"","background-repeat":"repeat","background-position":"center center","background-size":"auto","background-attachment":"scroll","background-type":"","background-media":"","overlay-type":"","overlay-color":"","overlay-opacity":"","overlay-gradient":""},"mobile":{"background-color":"","background-image":"","background-repeat":"repeat","background-position":"center center","background-size":"auto","background-attachment":"scroll","background-type":"","background-media":"","overlay-type":"","overlay-color":"","overlay-opacity":"","overlay-gradient":""}},"ast-content-background-meta":{"desktop":{"background-color":"var(--ast-global-color-5)","background-image":"","background-repeat":"repeat","background-position":"center center","background-size":"auto","background-attachment":"scroll","background-type":"","background-media":"","overlay-type":"","overlay-color":"","overlay-opacity":"","overlay-gradient":""},"tablet":{"background-color":"var(--ast-global-color-5)","background-image":"","background-repeat":"repeat","background-position":"center center","background-size":"auto","background-attachment":"scroll","background-type":"","background-media":"","overlay-type":"","overlay-color":"","overlay-opacity":"","overlay-gradient":""},"mobile":{"background-color":"var(--ast-global-color-5)","background-image":"","background-repeat":"repeat","background-position":"center center","background-size":"auto","background-attachment":"scroll","background-type":"","background-media":"","overlay-type":"","overlay-color":"","overlay-opacity":"","overlay-gradient":""}}},"product_brand":[],"product_cat":[806,837,809],"product_tag":[954,1055,961],"class_list":{"0":"post-12814","1":"product","2":"type-product","3":"status-publish","4":"has-post-thumbnail","6":"product_cat-iarraht-moladh","7":"product_cat-greamain-2","8":"product_cat-nollaig","9":"product_tag-christmas","10":"product_tag-effort","11":"product_tag-stickers","12":"desktop-align-left","13":"tablet-align-left","14":"mobile-align-left","16":"first","17":"instock","18":"featured","19":"shipping-taxable","20":"purchasable","21":"product-type-simple"},"_links":{"self":[{"href":"https:\/\/www.molanoige.com\/ga\/wp-json\/wp\/v2\/product\/12814","targetHints":{"allow":["GET"]}}],"collection":[{"href":"https:\/\/www.molanoige.com\/ga\/wp-json\/wp\/v2\/product"}],"about":[{"href":"https:\/\/www.molanoige.com\/ga\/wp-json\/wp\/v2\/types\/product"}],"replies":[{"embeddable":true,"href":"https:\/\/www.molanoige.com\/ga\/wp-json\/wp\/v2\/comments?post=12814"}],"wp:featuredmedia":[{"embeddable":true,"href":"https:\/\/www.molanoige.com\/ga\/wp-json\/wp\/v2\/media\/12816"}],"wp:attachment":[{"href":"https:\/\/www.molanoige.com\/ga\/wp-json\/wp\/v2\/media?parent=12814"}],"wp:term":[{"taxonomy":"product_brand","embeddable":true,"href":"https:\/\/www.molanoige.com\/ga\/wp-json\/wp\/v2\/product_brand?post=12814"},{"taxonomy":"product_cat","embeddable":true,"href":"https:\/\/www.molanoige.com\/ga\/wp-json\/wp\/v2\/product_cat?post=12814"},{"taxonomy":"product_tag","embeddable":true,"href":"https:\/\/www.molanoige.com\/ga\/wp-json\/wp\/v2\/product_tag?post=12814"}],"curies":[{"name":"wp","href":"https:\/\/api.w.org\/{rel}","templated":true}]}}