{"id":12785,"date":"2022-11-15T13:30:32","date_gmt":"2022-11-15T13:30:32","guid":{"rendered":"https:\/\/www.molanoige.com\/product\/snowman-stationery-christmas-pack-36-pieces\/"},"modified":"2026-02-02T18:14:33","modified_gmt":"2026-02-02T18:14:33","slug":"snowman-stationery-christmas-pack-36-pieces","status":"publish","type":"product","link":"https:\/\/www.molanoige.com\/ga\/product\/snowman-stationery-christmas-pack-36-pieces\/","title":{"rendered":"Pac\u00e1iste Nollag St\u00e1isean\u00f3ireachta Fear Sneachta! (36 ph\u00edosa)"},"content":{"rendered":"<p>S\u00e9as\u00far na greann at\u00e1 ann. <\/p>\n<p>Cuir gi\u00famar athnuachana ar do scol\u00e1ir\u00ed leis an bpac\u00e1iste lua\u00edochta\u00ed Nollag \u00e1lainn seo. <\/p>\n<p>\u00c1ir\u00edtear leis seo 36 duais agus mian Nollag pearsantaithe a thabhairt do do scol\u00e1ir\u00ed go l\u00e9ir. <\/p>\n<p>12 x Peann luaidhe Nollag <\/p>\n<p>12 x Leabhr\u00e1n n\u00f3ta\u00ed Nollag <\/p>\n<p>12 x Scrios\u00e1n Nollag <\/p>\n","protected":false},"excerpt":{"rendered":"<p>S\u00e9as\u00far na greann at\u00e1 ann. Cuir gi\u00famar athnuachana ar do scol\u00e1ir\u00ed leis an bpac\u00e1iste lua\u00edochta\u00ed Nollag \u00e1lainn seo. \u00c1ir\u00edtear leis seo 36 duais agus mian Nollag pearsantaithe a thabhairt do do scol\u00e1ir\u00ed go l\u00e9ir. 12 x Peann luaidhe Nollag 12 x Leabhr\u00e1n n\u00f3ta\u00ed Nollag 12 x Scrios\u00e1n Nollag<\/p>\n","protected":false},"featured_media":12786,"comment_status":"open","ping_status":"closed","template":"","meta":{"_exactmetrics_skip_tracking":false,"_exactmetrics_sitenote_active":false,"_exactmetrics_sitenote_note":"","_exactmetrics_sitenote_category":0,"site-sidebar-layout":"default","site-content-layout":"default","ast-site-content-layout":"default","site-content-style":"default","site-sidebar-style":"default","ast-global-header-display":"","ast-banner-title-visibility":"","ast-main-header-display":"","ast-hfb-above-header-display":"","ast-hfb-below-header-display":"","ast-hfb-mobile-header-display":"","site-post-title":"","ast-breadcrumbs-content":"","ast-featured-img":"","footer-sml-layout":"","theme-transparent-header-meta":"default","adv-header-id-meta":"","stick-header-meta":"","header-above-stick-meta":"","header-main-stick-meta":"","header-below-stick-meta":"","astra-migrate-meta-layouts":"default","ast-page-background-enabled":"default","ast-page-background-meta":{"desktop":{"background-color":"","background-image":"","background-repeat":"repeat","background-position":"center center","background-size":"auto","background-attachment":"scroll","background-type":"","background-media":"","overlay-type":"","overlay-color":"","overlay-opacity":"","overlay-gradient":""},"tablet":{"background-color":"","background-image":"","background-repeat":"repeat","background-position":"center center","background-size":"auto","background-attachment":"scroll","background-type":"","background-media":"","overlay-type":"","overlay-color":"","overlay-opacity":"","overlay-gradient":""},"mobile":{"background-color":"","background-image":"","background-repeat":"repeat","background-position":"center center","background-size":"auto","background-attachment":"scroll","background-type":"","background-media":"","overlay-type":"","overlay-color":"","overlay-opacity":"","overlay-gradient":""}},"ast-content-background-meta":{"desktop":{"background-color":"var(--ast-global-color-5)","background-image":"","background-repeat":"repeat","background-position":"center center","background-size":"auto","background-attachment":"scroll","background-type":"","background-media":"","overlay-type":"","overlay-color":"","overlay-opacity":"","overlay-gradient":""},"tablet":{"background-color":"var(--ast-global-color-5)","background-image":"","background-repeat":"repeat","background-position":"center center","background-size":"auto","background-attachment":"scroll","background-type":"","background-media":"","overlay-type":"","overlay-color":"","overlay-opacity":"","overlay-gradient":""},"mobile":{"background-color":"var(--ast-global-color-5)","background-image":"","background-repeat":"repeat","background-position":"center center","background-size":"auto","background-attachment":"scroll","background-type":"","background-media":"","overlay-type":"","overlay-color":"","overlay-opacity":"","overlay-gradient":""}}},"product_brand":[],"product_cat":[825,809],"product_tag":[954,1043,1044,936],"class_list":{"0":"post-12785","1":"product","2":"type-product","3":"status-publish","4":"has-post-thumbnail","6":"product_cat-pacai","7":"product_cat-nollaig","8":"product_tag-christmas","9":"product_tag-nollaig-shona-duit","10":"product_tag-pupil-prizes","11":"product_tag-pupil-rewards","12":"desktop-align-left","13":"tablet-align-left","14":"mobile-align-left","16":"first","17":"instock","18":"sale","19":"shipping-taxable","20":"purchasable","21":"product-type-simple"},"_links":{"self":[{"href":"https:\/\/www.molanoige.com\/ga\/wp-json\/wp\/v2\/product\/12785","targetHints":{"allow":["GET"]}}],"collection":[{"href":"https:\/\/www.molanoige.com\/ga\/wp-json\/wp\/v2\/product"}],"about":[{"href":"https:\/\/www.molanoige.com\/ga\/wp-json\/wp\/v2\/types\/product"}],"replies":[{"embeddable":true,"href":"https:\/\/www.molanoige.com\/ga\/wp-json\/wp\/v2\/comments?post=12785"}],"wp:featuredmedia":[{"embeddable":true,"href":"https:\/\/www.molanoige.com\/ga\/wp-json\/wp\/v2\/media\/12786"}],"wp:attachment":[{"href":"https:\/\/www.molanoige.com\/ga\/wp-json\/wp\/v2\/media?parent=12785"}],"wp:term":[{"taxonomy":"product_brand","embeddable":true,"href":"https:\/\/www.molanoige.com\/ga\/wp-json\/wp\/v2\/product_brand?post=12785"},{"taxonomy":"product_cat","embeddable":true,"href":"https:\/\/www.molanoige.com\/ga\/wp-json\/wp\/v2\/product_cat?post=12785"},{"taxonomy":"product_tag","embeddable":true,"href":"https:\/\/www.molanoige.com\/ga\/wp-json\/wp\/v2\/product_tag?post=12785"}],"curies":[{"name":"wp","href":"https:\/\/api.w.org\/{rel}","templated":true}]}}