{"id":12781,"date":"2022-11-25T16:38:32","date_gmt":"2022-11-25T16:38:32","guid":{"rendered":"https:\/\/www.molanoige.com\/product\/christmas-characters-pencil-assortment-10-pc\/"},"modified":"2026-02-02T18:14:33","modified_gmt":"2026-02-02T18:14:33","slug":"christmas-characters-pencil-assortment-10-pc","status":"publish","type":"product","link":"https:\/\/www.molanoige.com\/ga\/product\/christmas-characters-pencil-assortment-10-pc\/","title":{"rendered":"Measc\u00e1n Peann luaidhe Carachtair Nollag \u2013 10 ph\u00edosa"},"content":{"rendered":"<p>Is iad na pinn luaidhe f\u00e9ile seo an rud is fearr le haghaidh aon chruinnithe saoire! Le carachtair \u00f3 Dhaid\u00ed na Nollag, fear sneachta, fear na sins\u00e9ire agus r\u00e9infhianna, t\u00e1 na pinn luaidhe Nollag seo oiri\u00fanach do mh\u00e1la\u00ed s\u00f3laist\u00ed, do bhia stoca\u00ed, do lua\u00edochta\u00ed ranga agus do n\u00edos m\u00f3! <\/p>\n<p>10 ph\u00edosa in aghaidh an phac\u00e1iste<\/p>\n","protected":false},"excerpt":{"rendered":"<p>Is iad na pinn luaidhe f\u00e9ile seo an rud is fearr le haghaidh aon chruinnithe saoire! Le carachtair \u00f3 Dhaid\u00ed na Nollag, fear sneachta, fear na sins\u00e9ire agus r\u00e9infhianna, t\u00e1 na pinn luaidhe Nollag seo oiri\u00fanach do mh\u00e1la\u00ed s\u00f3laist\u00ed, do bhia stoca\u00ed, do lua\u00edochta\u00ed ranga agus do n\u00edos m\u00f3! 10 ph\u00edosa in aghaidh an phac\u00e1iste<\/p>\n","protected":false},"featured_media":12782,"comment_status":"open","ping_status":"closed","template":"","meta":{"_exactmetrics_skip_tracking":false,"_exactmetrics_sitenote_active":false,"_exactmetrics_sitenote_note":"","_exactmetrics_sitenote_category":0,"site-sidebar-layout":"default","site-content-layout":"default","ast-site-content-layout":"default","site-content-style":"default","site-sidebar-style":"default","ast-global-header-display":"","ast-banner-title-visibility":"","ast-main-header-display":"","ast-hfb-above-header-display":"","ast-hfb-below-header-display":"","ast-hfb-mobile-header-display":"","site-post-title":"","ast-breadcrumbs-content":"","ast-featured-img":"","footer-sml-layout":"","theme-transparent-header-meta":"default","adv-header-id-meta":"","stick-header-meta":"","header-above-stick-meta":"","header-main-stick-meta":"","header-below-stick-meta":"","astra-migrate-meta-layouts":"default","ast-page-background-enabled":"default","ast-page-background-meta":{"desktop":{"background-color":"","background-image":"","background-repeat":"repeat","background-position":"center center","background-size":"auto","background-attachment":"scroll","background-type":"","background-media":"","overlay-type":"","overlay-color":"","overlay-opacity":"","overlay-gradient":""},"tablet":{"background-color":"","background-image":"","background-repeat":"repeat","background-position":"center center","background-size":"auto","background-attachment":"scroll","background-type":"","background-media":"","overlay-type":"","overlay-color":"","overlay-opacity":"","overlay-gradient":""},"mobile":{"background-color":"","background-image":"","background-repeat":"repeat","background-position":"center center","background-size":"auto","background-attachment":"scroll","background-type":"","background-media":"","overlay-type":"","overlay-color":"","overlay-opacity":"","overlay-gradient":""}},"ast-content-background-meta":{"desktop":{"background-color":"var(--ast-global-color-5)","background-image":"","background-repeat":"repeat","background-position":"center center","background-size":"auto","background-attachment":"scroll","background-type":"","background-media":"","overlay-type":"","overlay-color":"","overlay-opacity":"","overlay-gradient":""},"tablet":{"background-color":"var(--ast-global-color-5)","background-image":"","background-repeat":"repeat","background-position":"center center","background-size":"auto","background-attachment":"scroll","background-type":"","background-media":"","overlay-type":"","overlay-color":"","overlay-opacity":"","overlay-gradient":""},"mobile":{"background-color":"var(--ast-global-color-5)","background-image":"","background-repeat":"repeat","background-position":"center center","background-size":"auto","background-attachment":"scroll","background-type":"","background-media":"","overlay-type":"","overlay-color":"","overlay-opacity":"","overlay-gradient":""}}},"product_brand":[],"product_cat":[813,809],"product_tag":[954,958,1000,960],"class_list":{"0":"post-12781","1":"product","2":"type-product","3":"status-publish","4":"has-post-thumbnail","6":"product_cat-peannluaidhe","7":"product_cat-nollaig","8":"product_tag-christmas","9":"product_tag-nollaig-shona","10":"product_tag-pencils","11":"product_tag-santa","12":"desktop-align-left","13":"tablet-align-left","14":"mobile-align-left","16":"first","17":"outofstock","18":"shipping-taxable","19":"purchasable","20":"product-type-simple"},"_links":{"self":[{"href":"https:\/\/www.molanoige.com\/ga\/wp-json\/wp\/v2\/product\/12781","targetHints":{"allow":["GET"]}}],"collection":[{"href":"https:\/\/www.molanoige.com\/ga\/wp-json\/wp\/v2\/product"}],"about":[{"href":"https:\/\/www.molanoige.com\/ga\/wp-json\/wp\/v2\/types\/product"}],"replies":[{"embeddable":true,"href":"https:\/\/www.molanoige.com\/ga\/wp-json\/wp\/v2\/comments?post=12781"}],"wp:featuredmedia":[{"embeddable":true,"href":"https:\/\/www.molanoige.com\/ga\/wp-json\/wp\/v2\/media\/12782"}],"wp:attachment":[{"href":"https:\/\/www.molanoige.com\/ga\/wp-json\/wp\/v2\/media?parent=12781"}],"wp:term":[{"taxonomy":"product_brand","embeddable":true,"href":"https:\/\/www.molanoige.com\/ga\/wp-json\/wp\/v2\/product_brand?post=12781"},{"taxonomy":"product_cat","embeddable":true,"href":"https:\/\/www.molanoige.com\/ga\/wp-json\/wp\/v2\/product_cat?post=12781"},{"taxonomy":"product_tag","embeddable":true,"href":"https:\/\/www.molanoige.com\/ga\/wp-json\/wp\/v2\/product_tag?post=12781"}],"curies":[{"name":"wp","href":"https:\/\/api.w.org\/{rel}","templated":true}]}}