{"id":12759,"date":"2023-01-17T16:26:27","date_gmt":"2023-01-17T16:26:27","guid":{"rendered":"https:\/\/www.molanoige.com\/product\/scribhneoir-na-seachtaine-snag-pack\/"},"modified":"2026-02-02T18:14:31","modified_gmt":"2026-02-02T18:14:31","slug":"scribhneoir-na-seachtaine-snag-pack","status":"publish","type":"product","link":"https:\/\/www.molanoige.com\/ga\/product\/scribhneoir-na-seachtaine-snag-pack\/","title":{"rendered":"Scr\u00edbhneoir na Seachtaine SnaG Pack"},"content":{"rendered":"<h1 style=\"text-align: center;\">B\u00ed R\u00e9idh do Sheachtain na Gaeilge 2023 le One Quick Click!<\/h1>\n<p style=\"text-align: center;\"> Beidh <strong>Seachtain na Gaeilge<\/strong> ar si\u00fal \u00f3n 1 M\u00e1rta go dt\u00ed an 17 M\u00e1rta. Chun cabhr\u00fa leat ceili\u00faradh a dh\u00e9anamh, t\u00e1 gach rud at\u00e1 uait againn.<\/p>\n<p style=\"text-align: center;\"> SNAG<\/p>\n<p style=\"text-align: center;\"> R\u00e9imse iontach t\u00e1irg\u00ed chun na Gaeilgeoir\u00ed sin a choinne\u00e1il ar a ladhracha! Tr\u00ed Phac\u00e1iste SnaG 2023 a cheannach, beidh t\u00fa l\u00e1nfheistithe chun an d\u00e1 \u00f3c\u00e1id a cheili\u00faradh i do sheomra ranga agus i bpobal na scoile.<\/p>\n<p style=\"text-align: center;\"> <strong>C\u00e9 d\u00f3?<\/strong> M\u00fainteoir\u00ed ranga, m\u00fainteoir\u00ed ceapach\u00e1in speisialta (SETanna), agus pr\u00edomhoid\u00ed at\u00e1 ag m\u00faineadh i nGaelscoil n\u00f3 i scoil Bh\u00e9arla.<\/p>\n<p style=\"text-align: center;\"> <strong>Cad at\u00e1 ann?<\/strong> T\u00e1 rud \u00e9igin ann do gach duine i do rang le neart t\u00e1irg\u00ed agus duaiseanna \u00e9ags\u00fala!<\/p>\n<p style=\"text-align: center;\"> T\u00e1 an m\u00e9id seo a leanas i ngach pac\u00e1iste:<\/p>\n<p style=\"text-align: center;\"> 20 x teastas \u2013 <b>Scr\u00edbhneoir na Seachtaine<\/b><\/p>\n<p style=\"text-align: center;\"> <span style=\"font-size: 16px;\">50 x Grem\u00e1in<\/span><\/p>\n<p style=\"text-align: center;\"> 20 x <strong>Peannluaidhe leis na laethannta agus na blianta as Gaeilge<\/strong><\/p>\n<p style=\"text-align: center;\"> T\u00e1 na t\u00e1irg\u00ed go l\u00e9ir at\u00e1 sa phac\u00e1iste <em>as Gaeilge<\/em> agus oiri\u00fanach le h\u00fas\u00e1id le linn Seachtain na Gaeilge agus i rith na scoilbhliana.<\/p>\n<p style=\"text-align: center;\"> Seolfar pac\u00e1ist\u00ed amach a luaithe a bheidh na hearra\u00ed go l\u00e9ir i stoc<\/p>\n<p style=\"text-align: center;\"> Athr\u00f3far earra\u00ed le haghaidh ceann cos\u00fail leo m\u00e1 bh\u00edonn roinnt earra\u00ed as stoc<\/p>\n","protected":false},"excerpt":{"rendered":"<p>B\u00ed R\u00e9idh do Sheachtain na Gaeilge 2023 le One Quick Click! Beidh Seachtain na Gaeilge ar si\u00fal \u00f3n 1 M\u00e1rta go dt\u00ed an 17 M\u00e1rta. Chun cabhr\u00fa leat ceili\u00faradh a dh\u00e9anamh, t\u00e1 gach rud at\u00e1 uait againn. SNAG R\u00e9imse iontach t\u00e1irg\u00ed chun na Gaeilgeoir\u00ed sin a choinne\u00e1il ar a ladhracha! Tr\u00ed Phac\u00e1iste SnaG 2023 a [&hellip;]<\/p>\n","protected":false},"featured_media":12760,"comment_status":"open","ping_status":"closed","template":"","meta":{"_exactmetrics_skip_tracking":false,"_exactmetrics_sitenote_active":false,"_exactmetrics_sitenote_note":"","_exactmetrics_sitenote_category":0,"site-sidebar-layout":"default","site-content-layout":"default","ast-site-content-layout":"default","site-content-style":"default","site-sidebar-style":"default","ast-global-header-display":"","ast-banner-title-visibility":"","ast-main-header-display":"","ast-hfb-above-header-display":"","ast-hfb-below-header-display":"","ast-hfb-mobile-header-display":"","site-post-title":"","ast-breadcrumbs-content":"","ast-featured-img":"","footer-sml-layout":"","theme-transparent-header-meta":"default","adv-header-id-meta":"","stick-header-meta":"","header-above-stick-meta":"","header-main-stick-meta":"","header-below-stick-meta":"","astra-migrate-meta-layouts":"default","ast-page-background-enabled":"default","ast-page-background-meta":{"desktop":{"background-color":"","background-image":"","background-repeat":"repeat","background-position":"center center","background-size":"auto","background-attachment":"scroll","background-type":"","background-media":"","overlay-type":"","overlay-color":"","overlay-opacity":"","overlay-gradient":""},"tablet":{"background-color":"","background-image":"","background-repeat":"repeat","background-position":"center center","background-size":"auto","background-attachment":"scroll","background-type":"","background-media":"","overlay-type":"","overlay-color":"","overlay-opacity":"","overlay-gradient":""},"mobile":{"background-color":"","background-image":"","background-repeat":"repeat","background-position":"center center","background-size":"auto","background-attachment":"scroll","background-type":"","background-media":"","overlay-type":"","overlay-color":"","overlay-opacity":"","overlay-gradient":""}},"ast-content-background-meta":{"desktop":{"background-color":"var(--ast-global-color-5)","background-image":"","background-repeat":"repeat","background-position":"center center","background-size":"auto","background-attachment":"scroll","background-type":"","background-media":"","overlay-type":"","overlay-color":"","overlay-opacity":"","overlay-gradient":""},"tablet":{"background-color":"var(--ast-global-color-5)","background-image":"","background-repeat":"repeat","background-position":"center center","background-size":"auto","background-attachment":"scroll","background-type":"","background-media":"","overlay-type":"","overlay-color":"","overlay-opacity":"","overlay-gradient":""},"mobile":{"background-color":"var(--ast-global-color-5)","background-image":"","background-repeat":"repeat","background-position":"center center","background-size":"auto","background-attachment":"scroll","background-type":"","background-media":"","overlay-type":"","overlay-color":"","overlay-opacity":"","overlay-gradient":""}}},"product_brand":[],"product_cat":[793,794,825,822],"product_tag":[796,1014],"class_list":{"0":"post-12759","1":"product","2":"type-product","3":"status-publish","4":"has-post-thumbnail","6":"product_cat-gaeilge","7":"product_cat-pacai-snag","8":"product_cat-pacai","9":"product_cat-seachtain-na-gaeilge","10":"product_tag-seachtain-na-gaeilge","11":"product_tag-snag-pack","12":"desktop-align-left","13":"tablet-align-left","14":"mobile-align-left","16":"first","17":"instock","18":"sale","19":"shipping-taxable","20":"purchasable","21":"product-type-simple"},"_links":{"self":[{"href":"https:\/\/www.molanoige.com\/ga\/wp-json\/wp\/v2\/product\/12759","targetHints":{"allow":["GET"]}}],"collection":[{"href":"https:\/\/www.molanoige.com\/ga\/wp-json\/wp\/v2\/product"}],"about":[{"href":"https:\/\/www.molanoige.com\/ga\/wp-json\/wp\/v2\/types\/product"}],"replies":[{"embeddable":true,"href":"https:\/\/www.molanoige.com\/ga\/wp-json\/wp\/v2\/comments?post=12759"}],"wp:featuredmedia":[{"embeddable":true,"href":"https:\/\/www.molanoige.com\/ga\/wp-json\/wp\/v2\/media\/12760"}],"wp:attachment":[{"href":"https:\/\/www.molanoige.com\/ga\/wp-json\/wp\/v2\/media?parent=12759"}],"wp:term":[{"taxonomy":"product_brand","embeddable":true,"href":"https:\/\/www.molanoige.com\/ga\/wp-json\/wp\/v2\/product_brand?post=12759"},{"taxonomy":"product_cat","embeddable":true,"href":"https:\/\/www.molanoige.com\/ga\/wp-json\/wp\/v2\/product_cat?post=12759"},{"taxonomy":"product_tag","embeddable":true,"href":"https:\/\/www.molanoige.com\/ga\/wp-json\/wp\/v2\/product_tag?post=12759"}],"curies":[{"name":"wp","href":"https:\/\/api.w.org\/{rel}","templated":true}]}}