{"id":12757,"date":"2023-01-17T19:39:30","date_gmt":"2023-01-17T19:39:30","guid":{"rendered":"https:\/\/www.molanoige.com\/product\/seachtain-na-gaeilge-stickers\/"},"modified":"2026-02-02T18:14:30","modified_gmt":"2026-02-02T18:14:30","slug":"seachtain-na-gaeilge-stickers","status":"publish","type":"product","link":"https:\/\/www.molanoige.com\/ga\/product\/seachtain-na-gaeilge-stickers\/","title":{"rendered":"Gream\u00e1in \u2013 Seachtain na Gaeilge"},"content":{"rendered":"<p>Gream\u00e1in iontach chun taispe\u00e1nt sa bhaile.<\/p>\n<p>&nbsp;<\/p>\n<p>Teachtaireachta\u00ed mar shampla:<\/p>\n<p><em>T\u00e1 mo mh\u00fainteoir s\u00e1sta liom<\/em><\/p>\n<p><em>Is Gaeilgeoir maith m\u00e9<\/em><\/p>\n<p><em>Obair Dra\u00edochta \u2013 Coim\u00e9ad suas \u00e9!<\/em><\/p>\n<p><em>Salta Iontach! Lean\u00a0 ar aghaidh leis an obair mhaith<\/em><\/p>\n<p>24 sa phaca<\/p>\n<p>&nbsp;<\/p>\n<p>Set of 24 Irish Stickers. Perfect for Seachtain na Gaeilge Week or as an everyday reward.<\/p>\n","protected":false},"excerpt":{"rendered":"<p>Gream\u00e1in iontach chun taispe\u00e1nt sa bhaile. &nbsp; Teachtaireachta\u00ed mar shampla: T\u00e1 mo mh\u00fainteoir s\u00e1sta liom Is Gaeilgeoir maith m\u00e9 Obair Dra\u00edochta \u2013 Coim\u00e9ad suas \u00e9! Salta Iontach! Lean\u00a0 ar aghaidh leis an obair mhaith 24 sa phaca &nbsp; Set of 24 Irish Stickers. Perfect for Seachtain na Gaeilge Week or as an everyday reward.<\/p>\n","protected":false},"featured_media":12758,"comment_status":"open","ping_status":"closed","template":"","meta":{"_exactmetrics_skip_tracking":false,"_exactmetrics_sitenote_active":false,"_exactmetrics_sitenote_note":"","_exactmetrics_sitenote_category":0,"site-sidebar-layout":"default","site-content-layout":"default","ast-site-content-layout":"default","site-content-style":"default","site-sidebar-style":"default","ast-global-header-display":"","ast-banner-title-visibility":"","ast-main-header-display":"","ast-hfb-above-header-display":"","ast-hfb-below-header-display":"","ast-hfb-mobile-header-display":"","site-post-title":"","ast-breadcrumbs-content":"","ast-featured-img":"","footer-sml-layout":"","theme-transparent-header-meta":"default","adv-header-id-meta":"","stick-header-meta":"","header-above-stick-meta":"","header-main-stick-meta":"","header-below-stick-meta":"","astra-migrate-meta-layouts":"default","ast-page-background-enabled":"default","ast-page-background-meta":{"desktop":{"background-color":"","background-image":"","background-repeat":"repeat","background-position":"center center","background-size":"auto","background-attachment":"scroll","background-type":"","background-media":"","overlay-type":"","overlay-color":"","overlay-opacity":"","overlay-gradient":""},"tablet":{"background-color":"","background-image":"","background-repeat":"repeat","background-position":"center center","background-size":"auto","background-attachment":"scroll","background-type":"","background-media":"","overlay-type":"","overlay-color":"","overlay-opacity":"","overlay-gradient":""},"mobile":{"background-color":"","background-image":"","background-repeat":"repeat","background-position":"center center","background-size":"auto","background-attachment":"scroll","background-type":"","background-media":"","overlay-type":"","overlay-color":"","overlay-opacity":"","overlay-gradient":""}},"ast-content-background-meta":{"desktop":{"background-color":"var(--ast-global-color-5)","background-image":"","background-repeat":"repeat","background-position":"center center","background-size":"auto","background-attachment":"scroll","background-type":"","background-media":"","overlay-type":"","overlay-color":"","overlay-opacity":"","overlay-gradient":""},"tablet":{"background-color":"var(--ast-global-color-5)","background-image":"","background-repeat":"repeat","background-position":"center center","background-size":"auto","background-attachment":"scroll","background-type":"","background-media":"","overlay-type":"","overlay-color":"","overlay-opacity":"","overlay-gradient":""},"mobile":{"background-color":"var(--ast-global-color-5)","background-image":"","background-repeat":"repeat","background-position":"center center","background-size":"auto","background-attachment":"scroll","background-type":"","background-media":"","overlay-type":"","overlay-color":"","overlay-opacity":"","overlay-gradient":""}}},"product_brand":[],"product_cat":[837,833,822],"product_tag":[1013,1031,1032,797,1030],"class_list":{"0":"post-12757","1":"product","2":"type-product","3":"status-publish","4":"has-post-thumbnail","6":"product_cat-greamain-2","7":"product_cat-greamain","8":"product_cat-seachtain-na-gaeilge","9":"product_tag-irish-stickers","10":"product_tag-rainbow-stickers","11":"product_tag-shamrock","12":"product_tag-snag","13":"product_tag-st-patricks-day","14":"desktop-align-left","15":"tablet-align-left","16":"mobile-align-left","18":"first","19":"instock","20":"shipping-taxable","21":"purchasable","22":"product-type-simple"},"_links":{"self":[{"href":"https:\/\/www.molanoige.com\/ga\/wp-json\/wp\/v2\/product\/12757","targetHints":{"allow":["GET"]}}],"collection":[{"href":"https:\/\/www.molanoige.com\/ga\/wp-json\/wp\/v2\/product"}],"about":[{"href":"https:\/\/www.molanoige.com\/ga\/wp-json\/wp\/v2\/types\/product"}],"replies":[{"embeddable":true,"href":"https:\/\/www.molanoige.com\/ga\/wp-json\/wp\/v2\/comments?post=12757"}],"wp:featuredmedia":[{"embeddable":true,"href":"https:\/\/www.molanoige.com\/ga\/wp-json\/wp\/v2\/media\/12758"}],"wp:attachment":[{"href":"https:\/\/www.molanoige.com\/ga\/wp-json\/wp\/v2\/media?parent=12757"}],"wp:term":[{"taxonomy":"product_brand","embeddable":true,"href":"https:\/\/www.molanoige.com\/ga\/wp-json\/wp\/v2\/product_brand?post=12757"},{"taxonomy":"product_cat","embeddable":true,"href":"https:\/\/www.molanoige.com\/ga\/wp-json\/wp\/v2\/product_cat?post=12757"},{"taxonomy":"product_tag","embeddable":true,"href":"https:\/\/www.molanoige.com\/ga\/wp-json\/wp\/v2\/product_tag?post=12757"}],"curies":[{"name":"wp","href":"https:\/\/api.w.org\/{rel}","templated":true}]}}