{"id":12753,"date":"2023-01-20T21:05:49","date_gmt":"2023-01-20T21:05:49","guid":{"rendered":"https:\/\/www.molanoige.com\/product\/rainbow-and-leprechaun-activity-bookmarks-x10\/"},"modified":"2026-02-02T18:14:30","modified_gmt":"2026-02-02T18:14:30","slug":"rainbow-and-leprechaun-activity-bookmarks-x10","status":"publish","type":"product","link":"https:\/\/www.molanoige.com\/ga\/product\/rainbow-and-leprechaun-activity-bookmarks-x10\/","title":{"rendered":"Leabharmharcanna Gn\u00edomha\u00edochta Bogha Ceatha agus Leipreach\u00e1n (x10)"},"content":{"rendered":"<p>Ceili\u00fair L\u00e1 Fh\u00e9ile P\u00e1draig leis na leabharmharcanna ildaite seo. T\u00e1 l\u00e9ar\u00e1id\u00ed geala de sheamr\u00f3ga agus bogha ceatha agus luachan orthu: \u201cYou\u2019re the pot of gold at the end of my rainbow\u201d. T\u00e1 gn\u00edomha\u00edocht spra\u00ed\u00fail ar ch\u00fal gach leabharmharc a choinneoidh do dhalta\u00ed siamsaithe. <\/p>\n<p>Spreagann na Leabharmharcanna seo gr\u00e1 don l\u00e9itheoireacht agus beidh siad ina meabhr\u00fach\u00e1n iontach do do dhalta\u00ed ar c\u00e9 chomh speisialta is at\u00e1 siad. <\/p>\n<p>Tabhair na leabharmharcanna seo do ph\u00e1ist\u00ed mar luach saothair n\u00f3 mar chuid de do phleananna ceachtanna l\u00e9itheoireachta. <\/p>\n<ul>\n<li> M\u00e9id 51 x 152 mm<\/li>\n<li> p\u00e1ip\u00e9ar snasta den scoth<\/li>\n<li> 2 thaobhach<\/li>\n<li> <strong>10 leabharmharc in aghaidh an phac\u00e1iste<\/strong><\/li>\n<\/ul>\n","protected":false},"excerpt":{"rendered":"<p>Ceili\u00fair L\u00e1 Fh\u00e9ile P\u00e1draig leis na leabharmharcanna ildaite seo. T\u00e1 l\u00e9ar\u00e1id\u00ed geala de sheamr\u00f3ga agus bogha ceatha agus luachan orthu: \u201cYou\u2019re the pot of gold at the end of my rainbow\u201d. T\u00e1 gn\u00edomha\u00edocht spra\u00ed\u00fail ar ch\u00fal gach leabharmharc a choinneoidh do dhalta\u00ed siamsaithe. Spreagann na Leabharmharcanna seo gr\u00e1 don l\u00e9itheoireacht agus beidh siad ina meabhr\u00fach\u00e1n [&hellip;]<\/p>\n","protected":false},"featured_media":12754,"comment_status":"open","ping_status":"closed","template":"","meta":{"_exactmetrics_skip_tracking":false,"_exactmetrics_sitenote_active":false,"_exactmetrics_sitenote_note":"","_exactmetrics_sitenote_category":0,"site-sidebar-layout":"default","site-content-layout":"default","ast-site-content-layout":"default","site-content-style":"default","site-sidebar-style":"default","ast-global-header-display":"","ast-banner-title-visibility":"","ast-main-header-display":"","ast-hfb-above-header-display":"","ast-hfb-below-header-display":"","ast-hfb-mobile-header-display":"","site-post-title":"","ast-breadcrumbs-content":"","ast-featured-img":"","footer-sml-layout":"","theme-transparent-header-meta":"default","adv-header-id-meta":"","stick-header-meta":"","header-above-stick-meta":"","header-main-stick-meta":"","header-below-stick-meta":"","astra-migrate-meta-layouts":"default","ast-page-background-enabled":"default","ast-page-background-meta":{"desktop":{"background-color":"","background-image":"","background-repeat":"repeat","background-position":"center center","background-size":"auto","background-attachment":"scroll","background-type":"","background-media":"","overlay-type":"","overlay-color":"","overlay-opacity":"","overlay-gradient":""},"tablet":{"background-color":"","background-image":"","background-repeat":"repeat","background-position":"center center","background-size":"auto","background-attachment":"scroll","background-type":"","background-media":"","overlay-type":"","overlay-color":"","overlay-opacity":"","overlay-gradient":""},"mobile":{"background-color":"","background-image":"","background-repeat":"repeat","background-position":"center center","background-size":"auto","background-attachment":"scroll","background-type":"","background-media":"","overlay-type":"","overlay-color":"","overlay-opacity":"","overlay-gradient":""}},"ast-content-background-meta":{"desktop":{"background-color":"var(--ast-global-color-5)","background-image":"","background-repeat":"repeat","background-position":"center center","background-size":"auto","background-attachment":"scroll","background-type":"","background-media":"","overlay-type":"","overlay-color":"","overlay-opacity":"","overlay-gradient":""},"tablet":{"background-color":"var(--ast-global-color-5)","background-image":"","background-repeat":"repeat","background-position":"center center","background-size":"auto","background-attachment":"scroll","background-type":"","background-media":"","overlay-type":"","overlay-color":"","overlay-opacity":"","overlay-gradient":""},"mobile":{"background-color":"var(--ast-global-color-5)","background-image":"","background-repeat":"repeat","background-position":"center center","background-size":"auto","background-attachment":"scroll","background-type":"","background-media":"","overlay-type":"","overlay-color":"","overlay-opacity":"","overlay-gradient":""}}},"product_brand":[],"product_cat":[799,830,811],"product_tag":[1027,980,1028,1029,1030],"class_list":{"0":"post-12753","1":"product","2":"type-product","3":"status-publish","4":"has-post-thumbnail","6":"product_cat-bronntanais-duaiseanna","7":"product_cat-leabharmharcanna","8":"product_cat-leitheoireacht","9":"product_tag-activity-bookmarks","10":"product_tag-bookmark","11":"product_tag-leprechaun","12":"product_tag-rainbow","13":"product_tag-st-patricks-day","14":"desktop-align-left","15":"tablet-align-left","16":"mobile-align-left","18":"first","19":"instock","20":"shipping-taxable","21":"purchasable","22":"product-type-simple"},"_links":{"self":[{"href":"https:\/\/www.molanoige.com\/ga\/wp-json\/wp\/v2\/product\/12753","targetHints":{"allow":["GET"]}}],"collection":[{"href":"https:\/\/www.molanoige.com\/ga\/wp-json\/wp\/v2\/product"}],"about":[{"href":"https:\/\/www.molanoige.com\/ga\/wp-json\/wp\/v2\/types\/product"}],"replies":[{"embeddable":true,"href":"https:\/\/www.molanoige.com\/ga\/wp-json\/wp\/v2\/comments?post=12753"}],"wp:featuredmedia":[{"embeddable":true,"href":"https:\/\/www.molanoige.com\/ga\/wp-json\/wp\/v2\/media\/12754"}],"wp:attachment":[{"href":"https:\/\/www.molanoige.com\/ga\/wp-json\/wp\/v2\/media?parent=12753"}],"wp:term":[{"taxonomy":"product_brand","embeddable":true,"href":"https:\/\/www.molanoige.com\/ga\/wp-json\/wp\/v2\/product_brand?post=12753"},{"taxonomy":"product_cat","embeddable":true,"href":"https:\/\/www.molanoige.com\/ga\/wp-json\/wp\/v2\/product_cat?post=12753"},{"taxonomy":"product_tag","embeddable":true,"href":"https:\/\/www.molanoige.com\/ga\/wp-json\/wp\/v2\/product_tag?post=12753"}],"curies":[{"name":"wp","href":"https:\/\/api.w.org\/{rel}","templated":true}]}}