{"id":12737,"date":"2023-01-26T16:07:11","date_gmt":"2023-01-26T16:07:11","guid":{"rendered":"https:\/\/www.molanoige.com\/product\/kindness-and-friendship-stickers-gaeilge\/"},"modified":"2026-02-02T18:14:34","modified_gmt":"2026-02-02T18:14:34","slug":"kindness-and-friendship-stickers-gaeilge","status":"publish","type":"product","link":"https:\/\/www.molanoige.com\/ga\/product\/kindness-and-friendship-stickers-gaeilge\/","title":{"rendered":"Gream\u00e1in Cine\u00e1ltais agus Cairdis Gaeilge"},"content":{"rendered":"<p>Gream\u00e1in gleoite agus inspior\u00e1ideacha is f\u00e9idir a thabhairt do ph\u00e1ist\u00ed turais le linn Seachtain na Frith-bhula\u00edochta n\u00f3 L\u00e1 na Cairdis. <\/p>\n<p>24 gream\u00e1n le l\u00e9ar\u00e1id\u00ed pastel \u00e1ille de bhogha ceatha, grian agus scamall ag r\u00e1: <\/p>\n<p>B\u00ed Cine\u00e1lta (B\u00ed Cine\u00e1lta) <\/p>\n<p>B\u00ed Cairdi\u00fail (B\u00ed Cairdi\u00fail) <\/p>\n<p>Lig Do Do Chine\u00e1ltas Lonr\u00fa (Lig do Chine\u00e1ltas Lonr\u00fa) <\/p>\n<p>24 gream\u00e1n neamhrialta cruth in aghaidh an phac\u00e1iste. <\/p>\n<p>1.5 orlach<\/p>\n","protected":false},"excerpt":{"rendered":"<p>Gream\u00e1in gleoite agus inspior\u00e1ideacha is f\u00e9idir a thabhairt do ph\u00e1ist\u00ed turais le linn Seachtain na Frith-bhula\u00edochta n\u00f3 L\u00e1 na Cairdis. 24 gream\u00e1n le l\u00e9ar\u00e1id\u00ed pastel \u00e1ille de bhogha ceatha, grian agus scamall ag r\u00e1: B\u00ed Cine\u00e1lta (B\u00ed Cine\u00e1lta) B\u00ed Cairdi\u00fail (B\u00ed Cairdi\u00fail) Lig Do Do Chine\u00e1ltas Lonr\u00fa (Lig do Chine\u00e1ltas Lonr\u00fa) 24 gream\u00e1n neamhrialta cruth [&hellip;]<\/p>\n","protected":false},"featured_media":12738,"comment_status":"open","ping_status":"closed","template":"","meta":{"_exactmetrics_skip_tracking":false,"_exactmetrics_sitenote_active":false,"_exactmetrics_sitenote_note":"","_exactmetrics_sitenote_category":0,"site-sidebar-layout":"default","site-content-layout":"default","ast-site-content-layout":"default","site-content-style":"default","site-sidebar-style":"default","ast-global-header-display":"","ast-banner-title-visibility":"","ast-main-header-display":"","ast-hfb-above-header-display":"","ast-hfb-below-header-display":"","ast-hfb-mobile-header-display":"","site-post-title":"","ast-breadcrumbs-content":"","ast-featured-img":"","footer-sml-layout":"","theme-transparent-header-meta":"default","adv-header-id-meta":"","stick-header-meta":"","header-above-stick-meta":"","header-main-stick-meta":"","header-below-stick-meta":"","astra-migrate-meta-layouts":"default","ast-page-background-enabled":"default","ast-page-background-meta":{"desktop":{"background-color":"","background-image":"","background-repeat":"repeat","background-position":"center center","background-size":"auto","background-attachment":"scroll","background-type":"","background-media":"","overlay-type":"","overlay-color":"","overlay-opacity":"","overlay-gradient":""},"tablet":{"background-color":"","background-image":"","background-repeat":"repeat","background-position":"center center","background-size":"auto","background-attachment":"scroll","background-type":"","background-media":"","overlay-type":"","overlay-color":"","overlay-opacity":"","overlay-gradient":""},"mobile":{"background-color":"","background-image":"","background-repeat":"repeat","background-position":"center center","background-size":"auto","background-attachment":"scroll","background-type":"","background-media":"","overlay-type":"","overlay-color":"","overlay-opacity":"","overlay-gradient":""}},"ast-content-background-meta":{"desktop":{"background-color":"var(--ast-global-color-5)","background-image":"","background-repeat":"repeat","background-position":"center center","background-size":"auto","background-attachment":"scroll","background-type":"","background-media":"","overlay-type":"","overlay-color":"","overlay-opacity":"","overlay-gradient":""},"tablet":{"background-color":"var(--ast-global-color-5)","background-image":"","background-repeat":"repeat","background-position":"center center","background-size":"auto","background-attachment":"scroll","background-type":"","background-media":"","overlay-type":"","overlay-color":"","overlay-opacity":"","overlay-gradient":""},"mobile":{"background-color":"var(--ast-global-color-5)","background-image":"","background-repeat":"repeat","background-position":"center center","background-size":"auto","background-attachment":"scroll","background-type":"","background-media":"","overlay-type":"","overlay-color":"","overlay-opacity":"","overlay-gradient":""}}},"product_brand":[],"product_cat":[793,800,837,833,828],"product_tag":[1016,1017,1018,1019,1020],"class_list":{"0":"post-12737","1":"product","2":"type-product","3":"status-publish","4":"has-post-thumbnail","6":"product_cat-gaeilge","7":"product_cat-slainte-follaine","8":"product_cat-greamain-2","9":"product_cat-greamain","10":"product_cat-iompar","11":"product_tag-anti-bullying","12":"product_tag-bi-cinealta","13":"product_tag-friendship","14":"product_tag-kindness","15":"product_tag-wellness","16":"desktop-align-left","17":"tablet-align-left","18":"mobile-align-left","20":"first","21":"outofstock","22":"shipping-taxable","23":"purchasable","24":"product-type-variable"},"_links":{"self":[{"href":"https:\/\/www.molanoige.com\/ga\/wp-json\/wp\/v2\/product\/12737","targetHints":{"allow":["GET"]}}],"collection":[{"href":"https:\/\/www.molanoige.com\/ga\/wp-json\/wp\/v2\/product"}],"about":[{"href":"https:\/\/www.molanoige.com\/ga\/wp-json\/wp\/v2\/types\/product"}],"replies":[{"embeddable":true,"href":"https:\/\/www.molanoige.com\/ga\/wp-json\/wp\/v2\/comments?post=12737"}],"wp:featuredmedia":[{"embeddable":true,"href":"https:\/\/www.molanoige.com\/ga\/wp-json\/wp\/v2\/media\/12738"}],"wp:attachment":[{"href":"https:\/\/www.molanoige.com\/ga\/wp-json\/wp\/v2\/media?parent=12737"}],"wp:term":[{"taxonomy":"product_brand","embeddable":true,"href":"https:\/\/www.molanoige.com\/ga\/wp-json\/wp\/v2\/product_brand?post=12737"},{"taxonomy":"product_cat","embeddable":true,"href":"https:\/\/www.molanoige.com\/ga\/wp-json\/wp\/v2\/product_cat?post=12737"},{"taxonomy":"product_tag","embeddable":true,"href":"https:\/\/www.molanoige.com\/ga\/wp-json\/wp\/v2\/product_tag?post=12737"}],"curies":[{"name":"wp","href":"https:\/\/api.w.org\/{rel}","templated":true}]}}